{"id":97645,"date":"2023-09-13T10:42:32","date_gmt":"2023-09-13T10:42:32","guid":{"rendered":"https:\/\/budoshop.si\/?product=mini-mma-rokavice-zebra-novo"},"modified":"2026-03-09T08:25:28","modified_gmt":"2026-03-09T07:25:28","slug":"mini-mma-rokavice-zebra-novo","status":"publish","type":"product","link":"https:\/\/www.budoshop.si\/sl\/izdelek\/mini-mma-rokavice-zebra-novo\/","title":{"rendered":"Mini MMA rokavice &#8221;ZEBRA&#8221;"},"content":{"rendered":"<p><span style=\"color: #c00000;\"><span style=\"font-size: small;\">Mini MMA rokavica je vedno zanimiva dekoracija ali darilo. Mini rokavica je pritrjena na vrvico s katero se lahko varno prive\u017ee na va\u0161o \u0161portno torbo, klju\u010de, v avto ali kamokoli drugam.<\/span> Velikost cca. 9 cm.<br \/>\n<span style=\"font-size: small;\"><br \/>\n\u010crne barve.<\/span><\/span><\/p>\n","protected":false},"excerpt":{"rendered":"<p><span style=\"color: #003366;\"><strong>\u010crna mini MMA rokavica Zebra.<\/strong><\/span><\/p>\n","protected":false},"featured_media":97650,"comment_status":"open","ping_status":"closed","template":"","meta":[],"product_brand":[5599],"product_cat":[1035,1043,1033,1031,1029,1037,833,1039,1041,1103,1105],"product_tag":[],"class_list":{"0":"post-97645","1":"product","2":"type-product","3":"status-publish","4":"has-post-thumbnail","6":"product_brand-zebra","7":"product_cat-aikido-kendo-iai-kobudo-1","8":"product_cat-boks-kickbox-tajski-boks-mma","9":"product_cat-ju-jitsujiu-jitsu-1","10":"product_cat-judo-1","11":"product_cat-karate-5","12":"product_cat-ninjutsu-3","13":"product_cat-obeski","14":"product_cat-taekwondo-3","15":"product_cat-tai-chi-kunf-fu-wu-shu-1","16":"product_cat-zebra-1","17":"product_cat-zebra-3","19":"first","20":"instock","21":"taxable","22":"shipping-taxable","23":"purchasable","24":"product-type-simple"},"_links":{"self":[{"href":"https:\/\/www.budoshop.si\/sl\/wp-json\/wp\/v2\/product\/97645","targetHints":{"allow":["GET"]}}],"collection":[{"href":"https:\/\/www.budoshop.si\/sl\/wp-json\/wp\/v2\/product"}],"about":[{"href":"https:\/\/www.budoshop.si\/sl\/wp-json\/wp\/v2\/types\/product"}],"replies":[{"embeddable":true,"href":"https:\/\/www.budoshop.si\/sl\/wp-json\/wp\/v2\/comments?post=97645"}],"wp:featuredmedia":[{"embeddable":true,"href":"https:\/\/www.budoshop.si\/sl\/wp-json\/wp\/v2\/media\/97650"}],"wp:attachment":[{"href":"https:\/\/www.budoshop.si\/sl\/wp-json\/wp\/v2\/media?parent=97645"}],"wp:term":[{"taxonomy":"product_brand","embeddable":true,"href":"https:\/\/www.budoshop.si\/sl\/wp-json\/wp\/v2\/product_brand?post=97645"},{"taxonomy":"product_cat","embeddable":true,"href":"https:\/\/www.budoshop.si\/sl\/wp-json\/wp\/v2\/product_cat?post=97645"},{"taxonomy":"product_tag","embeddable":true,"href":"https:\/\/www.budoshop.si\/sl\/wp-json\/wp\/v2\/product_tag?post=97645"}],"curies":[{"name":"wp","href":"https:\/\/api.w.org\/{rel}","templated":true}]}}