{"id":97633,"date":"2023-09-13T10:33:30","date_gmt":"2023-09-13T10:33:30","guid":{"rendered":"https:\/\/budoshop.si\/?product=mini-boks-rokavica-dax-novo"},"modified":"2026-03-09T08:16:47","modified_gmt":"2026-03-09T07:16:47","slug":"mini-boks-rokavica-dax-novo","status":"publish","type":"product","link":"https:\/\/www.budoshop.si\/sl\/izdelek\/mini-boks-rokavica-dax-novo\/","title":{"rendered":"Mini boks rokavica &#8221;ZEBRA&#8221;"},"content":{"rendered":"<p><span style=\"color: #993300; font-size: 15px;\">Mini boksarska rokavica je vedno zanimiva dekoracija ali darilo. Mini rokavica je pritrjena na vrvico s katero se lahko varno prive\u017ee na va\u0161o \u0161portno torbo, klju\u010de, v avto ali kamokoli drugam. Velikost cca. 9 cm.<\/span><\/p>\n<p>\u010crne barve.<\/p>\n","protected":false},"excerpt":{"rendered":"<p><span style=\"color: #003366;\"><strong>\u010crna mini boksarska rokavica Zebra.<\/strong><\/span><\/p>\n","protected":false},"featured_media":97638,"comment_status":"open","ping_status":"closed","template":"","meta":[],"product_brand":[5599],"product_cat":[1035,1043,1033,1031,1029,1037,1039,1041,833,1105,1103],"product_tag":[],"class_list":{"0":"post-97633","1":"product","2":"type-product","3":"status-publish","4":"has-post-thumbnail","6":"product_brand-zebra","7":"product_cat-aikido-kendo-iai-kobudo-1","8":"product_cat-boks-kickbox-tajski-boks-mma","9":"product_cat-ju-jitsujiu-jitsu-1","10":"product_cat-judo-1","11":"product_cat-karate-5","12":"product_cat-ninjutsu-3","13":"product_cat-taekwondo-3","14":"product_cat-tai-chi-kunf-fu-wu-shu-1","15":"product_cat-obeski","16":"product_cat-zebra-3","17":"product_cat-zebra-1","19":"first","20":"instock","21":"taxable","22":"shipping-taxable","23":"purchasable","24":"product-type-simple"},"_links":{"self":[{"href":"https:\/\/www.budoshop.si\/sl\/wp-json\/wp\/v2\/product\/97633","targetHints":{"allow":["GET"]}}],"collection":[{"href":"https:\/\/www.budoshop.si\/sl\/wp-json\/wp\/v2\/product"}],"about":[{"href":"https:\/\/www.budoshop.si\/sl\/wp-json\/wp\/v2\/types\/product"}],"replies":[{"embeddable":true,"href":"https:\/\/www.budoshop.si\/sl\/wp-json\/wp\/v2\/comments?post=97633"}],"wp:featuredmedia":[{"embeddable":true,"href":"https:\/\/www.budoshop.si\/sl\/wp-json\/wp\/v2\/media\/97638"}],"wp:attachment":[{"href":"https:\/\/www.budoshop.si\/sl\/wp-json\/wp\/v2\/media?parent=97633"}],"wp:term":[{"taxonomy":"product_brand","embeddable":true,"href":"https:\/\/www.budoshop.si\/sl\/wp-json\/wp\/v2\/product_brand?post=97633"},{"taxonomy":"product_cat","embeddable":true,"href":"https:\/\/www.budoshop.si\/sl\/wp-json\/wp\/v2\/product_cat?post=97633"},{"taxonomy":"product_tag","embeddable":true,"href":"https:\/\/www.budoshop.si\/sl\/wp-json\/wp\/v2\/product_tag?post=97633"}],"curies":[{"name":"wp","href":"https:\/\/api.w.org\/{rel}","templated":true}]}}