{"id":97598,"date":"2023-09-08T11:05:08","date_gmt":"2023-09-08T09:05:08","guid":{"rendered":"https:\/\/budoshop.si\/?product=samostojeca-boksarska-vreca-totem-novo"},"modified":"2025-07-10T09:31:47","modified_gmt":"2025-07-10T07:31:47","slug":"samostojeca-boksarska-vreca-totem-novo","status":"publish","type":"product","link":"https:\/\/www.budoshop.si\/sl\/izdelek\/samostojeca-boksarska-vreca-totem-novo\/","title":{"rendered":"Samostoje\u010da boksarska vre\u010da &#8221;TOTEM&#8221;"},"content":{"rendered":"<div style=\"text-align: justify;\">\n<p><span style=\"color: #993300; font-size: 15px;\">Ta samostoje\u010da boksarska vre\u010da ima kar 160 cm veliko in\u00a0 cm \u0161iroko udarno povr\u0161ino, kar je idealno za trening vseh vrst udarcev z nogo ali roko. Udarna povr\u0161ina je narejena iz posebne pene in oble\u010dena v umetno usnje \u010drne barve ter nataknjena na podstavek \u0161irine 44 cm in te\u017ee cca. 38 kg, kar zagotavlja dobro stabilnost tudi pri najmo\u010dnej\u0161ih udarcih z nogo. <span class=\"HwtZe\" lang=\"sl\"><span class=\"jCAhz ChMk0b\"><span class=\"ryNqvb\">Ta samostoje\u010da boksarska vre\u010da je zasnovana za notranjo uporabo in ni primerna za udarjanje s trdim oro\u017ejem, izjema le penaste palice. Prav tako vre\u010de ni priporo\u010dljivo uporabljati s \u010devlji, saj se s tem skraj\u0161a njena \u017eivljenjska doba.<\/span><\/span><\/span><\/span><\/p>\n<p><span style=\"font-size: 15px; color: #993300;\">Skupna vi\u0161ina cca. 160 cm<\/span><\/p>\n<\/div>\n<div style=\"text-align: justify;\"><span style=\"color: #c00000;\"><span style=\"font-size: 15px; color: #993300;\"><br \/>\n<\/span><br \/>\n<span style=\"font-size: 15px; color: #993300;\">Made in Europe!<\/span><br \/>\n<\/span><\/div>\n","protected":false},"excerpt":{"rendered":"<p><span style=\"color: #002060;\"><strong>Samostoje\u010da boksarska vre\u010da za notranjo uporabo.<\/strong><\/span><\/p>\n","protected":false},"featured_media":97602,"comment_status":"open","ping_status":"closed","template":"","meta":[],"product_brand":[],"product_cat":[1043,1033,1029,983,1061,867,1039,1041],"product_tag":[],"class_list":{"0":"post-97598","1":"product","2":"type-product","3":"status-publish","4":"has-post-thumbnail","6":"product_cat-boks-kickbox-tajski-boks-mma","7":"product_cat-ju-jitsujiu-jitsu-1","8":"product_cat-karate-5","9":"product_cat-kwon-3","10":"product_cat-kwon-5","11":"product_cat-samostojece-vrece","12":"product_cat-taekwondo-3","13":"product_cat-tai-chi-kunf-fu-wu-shu-1","15":"first","16":"instock","17":"taxable","18":"shipping-taxable","19":"purchasable","20":"product-type-simple"},"_links":{"self":[{"href":"https:\/\/www.budoshop.si\/sl\/wp-json\/wp\/v2\/product\/97598","targetHints":{"allow":["GET"]}}],"collection":[{"href":"https:\/\/www.budoshop.si\/sl\/wp-json\/wp\/v2\/product"}],"about":[{"href":"https:\/\/www.budoshop.si\/sl\/wp-json\/wp\/v2\/types\/product"}],"replies":[{"embeddable":true,"href":"https:\/\/www.budoshop.si\/sl\/wp-json\/wp\/v2\/comments?post=97598"}],"wp:featuredmedia":[{"embeddable":true,"href":"https:\/\/www.budoshop.si\/sl\/wp-json\/wp\/v2\/media\/97602"}],"wp:attachment":[{"href":"https:\/\/www.budoshop.si\/sl\/wp-json\/wp\/v2\/media?parent=97598"}],"wp:term":[{"taxonomy":"product_brand","embeddable":true,"href":"https:\/\/www.budoshop.si\/sl\/wp-json\/wp\/v2\/product_brand?post=97598"},{"taxonomy":"product_cat","embeddable":true,"href":"https:\/\/www.budoshop.si\/sl\/wp-json\/wp\/v2\/product_cat?post=97598"},{"taxonomy":"product_tag","embeddable":true,"href":"https:\/\/www.budoshop.si\/sl\/wp-json\/wp\/v2\/product_tag?post=97598"}],"curies":[{"name":"wp","href":"https:\/\/api.w.org\/{rel}","templated":true}]}}