{"id":97546,"date":"2023-09-06T12:37:57","date_gmt":"2023-09-06T10:37:57","guid":{"rendered":"https:\/\/budoshop.si\/?product=usnjene-boksarske-rokavice-vintage-brown-novo"},"modified":"2024-09-19T11:54:22","modified_gmt":"2024-09-19T09:54:22","slug":"usnjene-boksarske-rokavice-vintage-brown-novo","status":"publish","type":"product","link":"https:\/\/www.budoshop.si\/sl\/izdelek\/usnjene-boksarske-rokavice-vintage-brown-novo\/","title":{"rendered":"Usnjene boksarske rokavice &#8221;Vintage BROWN&#8221;"},"content":{"rendered":"<p><span style=\"color: #993300; font-size: 15px;\">Te usnjene boksarske rokavice is izdelane in pravega govejega usnja. Vrhunska izdelava z integriranim oprijemalnim trakom in v\u0161itim palcem za najbolj\u0161o za\u0161\u010dito. 7,5 cm \u0161irok trak z zapenjanjem okrog zapestja omogo\u010da stabilno dr\u017eo rokavice na roki in hitro snemanje ter natikanje. Vintage \/ retro rjava barva pa dela te boksarske rokavice unikatne in posebne.<\/span><br \/>\n<span style=\"color: #993300; font-size: 15px;\"> Te boksarske rokavice so primerne za treninge boksa, Kickboxa, Muay Thaja, Full contacta in drugih \u0161portov.<\/span><\/p>\n<p><span style=\"color: #993300; font-size: 15px;\">Velikost: 10 in 12 OZ<\/span><\/p>\n","protected":false},"excerpt":{"rendered":"<p><span style=\"color: #003366;\"><strong>Usnjene\u00a0 10 ali 12 OZ boksarske rokavice Vintage \/ Retro rjave barve.<\/strong><\/span><\/p>\n","protected":false},"featured_media":97551,"comment_status":"open","ping_status":"closed","template":"","meta":[],"product_brand":[],"product_cat":[1043,983,1061,821],"product_tag":[],"class_list":{"0":"post-97546","1":"product","2":"type-product","3":"status-publish","4":"has-post-thumbnail","6":"product_cat-boks-kickbox-tajski-boks-mma","7":"product_cat-kwon-3","8":"product_cat-kwon-5","9":"product_cat-kick-thai-boxing-rokavice","10":"pa_velikost-10-oz-sl-2","11":"pa_velikost-12-oz-sl","13":"first","14":"instock","15":"taxable","16":"shipping-taxable","17":"purchasable","18":"product-type-variable"},"_links":{"self":[{"href":"https:\/\/www.budoshop.si\/sl\/wp-json\/wp\/v2\/product\/97546","targetHints":{"allow":["GET"]}}],"collection":[{"href":"https:\/\/www.budoshop.si\/sl\/wp-json\/wp\/v2\/product"}],"about":[{"href":"https:\/\/www.budoshop.si\/sl\/wp-json\/wp\/v2\/types\/product"}],"replies":[{"embeddable":true,"href":"https:\/\/www.budoshop.si\/sl\/wp-json\/wp\/v2\/comments?post=97546"}],"wp:featuredmedia":[{"embeddable":true,"href":"https:\/\/www.budoshop.si\/sl\/wp-json\/wp\/v2\/media\/97551"}],"wp:attachment":[{"href":"https:\/\/www.budoshop.si\/sl\/wp-json\/wp\/v2\/media?parent=97546"}],"wp:term":[{"taxonomy":"product_brand","embeddable":true,"href":"https:\/\/www.budoshop.si\/sl\/wp-json\/wp\/v2\/product_brand?post=97546"},{"taxonomy":"product_cat","embeddable":true,"href":"https:\/\/www.budoshop.si\/sl\/wp-json\/wp\/v2\/product_cat?post=97546"},{"taxonomy":"product_tag","embeddable":true,"href":"https:\/\/www.budoshop.si\/sl\/wp-json\/wp\/v2\/product_tag?post=97546"}],"curies":[{"name":"wp","href":"https:\/\/api.w.org\/{rel}","templated":true}]}}