{"id":97483,"date":"2023-08-08T11:16:41","date_gmt":"2023-08-08T11:16:41","guid":{"rendered":"https:\/\/budoshop.si\/?product=otroski-scitnik-za-zobe-junior-novo"},"modified":"2026-02-02T13:41:58","modified_gmt":"2026-02-02T12:41:58","slug":"otroski-scitnik-za-zobe-junior-novo","status":"publish","type":"product","link":"https:\/\/www.budoshop.si\/sl\/izdelek\/otroski-scitnik-za-zobe-junior-novo\/","title":{"rendered":"Otro\u0161ki \u0161\u010ditnik za zobe &#8221;JUNIOR&#8221;"},"content":{"rendered":"<p><span class=\"HwtZe\" lang=\"sl\" style=\"font-size: 15px; color: #993300;\"><span class=\"jCAhz ChMk0b\"><span class=\"ryNqvb\">Ta \u0161\u010ditnik za zobe je izdelan posebej za manj\u0161e otro\u0161ko zobovje. Sestavljen je iz ve\u010d slojev: trpe\u017ene zunanje lupina, ki ponuja visoko stopnjo za\u0161\u010dite in mehke notranjosti, ki zagotavlja udobno prileganje.<br \/>\n<\/span><\/span><span class=\"jCAhz ChMk0b\"><span class=\"ryNqvb\">\u0160\u010ditnik se zobovju enostavno prilagodi s segrevanjem v vro\u010di vodi. Prilo\u017eena je tudi prakti\u010dna higieni\u010dna \u0161katlica iz trde plastike.<\/span><\/span><\/span><\/p>\n<p><span class=\"jCAhz ChMk0b\" style=\"color: #993300; font-size: 15px;\"><span class=\"ryNqvb\">\u0160\u010ditnik je primeren za otroke do nekje 11 lega starosti.<\/span><\/span><\/p>\n<p><span class=\"jCAhz ChMk0b\" style=\"color: #993300; font-size: 15px;\"><span class=\"ryNqvb\">Material: etilen vinil acetat (EVA)<\/span><\/span><\/p>\n<p><span style=\"color: #993300; font-size: 15px;\">Barva: rumena\/prozorna<\/span><\/p>\n","protected":false},"excerpt":{"rendered":"<p><span style=\"color: #003366;\"><strong>Otro\u0161ki \u0161\u010ditnik za zobe.<\/strong><\/span><\/p>\n","protected":false},"featured_media":115356,"comment_status":"open","ping_status":"closed","template":"","meta":[],"product_brand":[5596],"product_cat":[1043,1033,1029,1039,903,983,1061],"product_tag":[],"class_list":{"0":"post-97483","1":"product","2":"type-product","3":"status-publish","4":"has-post-thumbnail","6":"product_brand-kwon","7":"product_cat-boks-kickbox-tajski-boks-mma","8":"product_cat-ju-jitsujiu-jitsu-1","9":"product_cat-karate-5","10":"product_cat-taekwondo-3","11":"product_cat-scitniki-za-zobe","12":"product_cat-kwon-3","13":"product_cat-kwon-5","15":"first","16":"instock","17":"taxable","18":"shipping-taxable","19":"purchasable","20":"product-type-simple"},"_links":{"self":[{"href":"https:\/\/www.budoshop.si\/sl\/wp-json\/wp\/v2\/product\/97483","targetHints":{"allow":["GET"]}}],"collection":[{"href":"https:\/\/www.budoshop.si\/sl\/wp-json\/wp\/v2\/product"}],"about":[{"href":"https:\/\/www.budoshop.si\/sl\/wp-json\/wp\/v2\/types\/product"}],"replies":[{"embeddable":true,"href":"https:\/\/www.budoshop.si\/sl\/wp-json\/wp\/v2\/comments?post=97483"}],"wp:featuredmedia":[{"embeddable":true,"href":"https:\/\/www.budoshop.si\/sl\/wp-json\/wp\/v2\/media\/115356"}],"wp:attachment":[{"href":"https:\/\/www.budoshop.si\/sl\/wp-json\/wp\/v2\/media?parent=97483"}],"wp:term":[{"taxonomy":"product_brand","embeddable":true,"href":"https:\/\/www.budoshop.si\/sl\/wp-json\/wp\/v2\/product_brand?post=97483"},{"taxonomy":"product_cat","embeddable":true,"href":"https:\/\/www.budoshop.si\/sl\/wp-json\/wp\/v2\/product_cat?post=97483"},{"taxonomy":"product_tag","embeddable":true,"href":"https:\/\/www.budoshop.si\/sl\/wp-json\/wp\/v2\/product_tag?post=97483"}],"curies":[{"name":"wp","href":"https:\/\/api.w.org\/{rel}","templated":true}]}}