{"id":97429,"date":"2023-04-07T12:21:33","date_gmt":"2023-04-07T10:21:33","guid":{"rendered":"https:\/\/budoshop.si\/?product=katana-set-musha-novo"},"modified":"2024-04-09T08:55:36","modified_gmt":"2024-04-09T06:55:36","slug":"katana-set-musha-novo","status":"publish","type":"product","link":"https:\/\/www.budoshop.si\/sl\/izdelek\/katana-set-musha-novo\/","title":{"rendered":"Katana set &#8221;MUSHA&#8221;"},"content":{"rendered":"<p><span style=\"font-size: 15px; color: #993300;\">Ta Daisho Katana-wakizashi set je namenjen vsem, ki za svoj Iai-do ali Kenjutsu trening \u017eelijo kvaliteten me\u010d za dolgo uporabo, vendar zanj ne bi od\u0161teli preve\u010d. Me\u010da nudita odli\u010dno razmerje med kvaliteto in ceno, saj je me\u010d (strojno) kovan in ro\u010dno poliran. Koshirae so kovinski, rezilo pa je izdelano iz 1045 high carbon jekla. Tsuka in Saya sta narejeni iz \u010dvrstega lesa. Tsuka Ito je narejena iz sinteti\u010dnega bomba\u017ea, ki je vezan preko pravega ribjega usnja. Belo-\u010drna barvna kombinacija s karakteristi\u010dnim Tsuba \u0161\u010ditnikom.<\/span><\/p>\n<p><span style=\"font-size: 15px; color: #993300;\"> Detajli:<\/span><br \/>\n<span style=\"font-size: 15px; color: #993300;\"> Jeklo: 1045 High Carbon Steel<br \/>\nNAGASA (dol\u017eina rezila) KATANA: 72,5 cm, 74,5 cm s Habaki-jem<br \/>\nNAGASA WAKIZASHI: 44 cm, 46 cm s Habaki-jem<br \/>\nHAMON (motiv ostrine): Notare<br \/>\nSORI (ukrivljenost) KATANA: 2,20 cm<br \/>\nSORI WAKIZASHI: 1,00 cm<br \/>\nTSUKA (ro\u010daj) KATANA: 29 cm<br \/>\nTSUKA WAKIZASHI: 16,5 cm<br \/>\nTSUKA ITO (navitje ro\u010daja): bel bomba\u017e<br \/>\nSAME (podloga ro\u010daja): pravo ribje usnje<br \/>\nTSUBA (\u0161\u010ditnik): Shin no Marugata<br \/>\nBOHI (\u017eleb v rezilu): DA<br \/>\nSAYA (no\u017enica): \u010drne barve lakiran les<br \/>\nSAGEO (vrvica): \u010drn bomba\u017e<br \/>\nMEKUGI (zati\u010d): bambus (2x Katana, 1x Wakizashi)<br \/>\nTe\u017ea KATANA: cca. 1.380 g (s Sayo), 1.180 g (brez Saye)<br \/>\nTe\u017ea WAKIZASHI: cca. 850 g (s Sayo), 650g (brez Saye)<\/span><\/p>\n<p><span style=\"font-size: 15px; color: #993300;\"> Darilo: bomba\u017ena prenosna torba!<\/span><\/p>\n<p><span style=\"font-size: 15px; color: #993300;\"> TA ARTIKEL PRODAJAMO SAMO POLNOLETNIM OSEBAM!!!<\/span><\/p>\n<p><span style=\"font-size: x-small; color: #993300;\">Opozorilo!<\/span><br \/>\n<span style=\"font-size: x-small; color: #993300;\"> \u25ba Artikel je namenjen samo dekorativni uporabi oziroma osebnemu treningu borilnih ve\u0161\u010din.<\/span><br \/>\n<span style=\"font-size: x-small; color: #993300;\"> \u25ba Po prodaji, prodajalec ni ve\u010d odgovoren za nikakr\u0161ne po\u0161kodbe, ki se lahko zgodijo zaradi napa\u010dne uporabe ali zanemarjanja teh opozoril. Novi lastnik prevzema popolno odgovornost za skrb in uporabo tega artikla.<\/span><br \/>\n<span style=\"font-size: x-small; color: #993300;\"> \u25ba Vsakr\u0161na napa\u010dna uporaba ali nepazljivost lahko vam ali drugemu povzro\u010di resne po\u0161kodbe ali celo smrt!<\/span><br \/>\n<span style=\"font-size: x-small; color: #993300;\"> \u25ba Ta artikel se v nobenem primeru ne sme uporabljati na drugi osebi!<\/span><\/p>\n","protected":false},"excerpt":{"rendered":"<p><span style=\"color: #003366;\"><strong>Prakti\u010den vadbeni Daisho set belo-\u010drne barvne kombinacije.<\/strong><\/span><\/p>\n","protected":false},"featured_media":109133,"comment_status":"open","ping_status":"closed","template":"","meta":[],"product_brand":[],"product_cat":[1035,761,853,1037,1055,977],"product_tag":[],"class_list":{"0":"post-97429","1":"product","2":"type-product","3":"status-publish","4":"has-post-thumbnail","6":"product_cat-aikido-kendo-iai-kobudo-1","7":"product_cat-kompleti","8":"product_cat-kovinski-katana","9":"product_cat-ninjutsu-3","10":"product_cat-yari-no-hanzo-3","11":"product_cat-yari-no-hanzo-1","13":"first","14":"instock","15":"taxable","16":"shipping-taxable","17":"purchasable","18":"product-type-simple"},"_links":{"self":[{"href":"https:\/\/www.budoshop.si\/sl\/wp-json\/wp\/v2\/product\/97429","targetHints":{"allow":["GET"]}}],"collection":[{"href":"https:\/\/www.budoshop.si\/sl\/wp-json\/wp\/v2\/product"}],"about":[{"href":"https:\/\/www.budoshop.si\/sl\/wp-json\/wp\/v2\/types\/product"}],"replies":[{"embeddable":true,"href":"https:\/\/www.budoshop.si\/sl\/wp-json\/wp\/v2\/comments?post=97429"}],"wp:featuredmedia":[{"embeddable":true,"href":"https:\/\/www.budoshop.si\/sl\/wp-json\/wp\/v2\/media\/109133"}],"wp:attachment":[{"href":"https:\/\/www.budoshop.si\/sl\/wp-json\/wp\/v2\/media?parent=97429"}],"wp:term":[{"taxonomy":"product_brand","embeddable":true,"href":"https:\/\/www.budoshop.si\/sl\/wp-json\/wp\/v2\/product_brand?post=97429"},{"taxonomy":"product_cat","embeddable":true,"href":"https:\/\/www.budoshop.si\/sl\/wp-json\/wp\/v2\/product_cat?post=97429"},{"taxonomy":"product_tag","embeddable":true,"href":"https:\/\/www.budoshop.si\/sl\/wp-json\/wp\/v2\/product_tag?post=97429"}],"curies":[{"name":"wp","href":"https:\/\/api.w.org\/{rel}","templated":true}]}}