{"id":97393,"date":"2023-03-23T12:00:12","date_gmt":"2023-03-23T11:00:12","guid":{"rendered":"https:\/\/budoshop.si\/?product=izbocen-pravokotni-oblazinjen-fokuser-scit-defence-novo"},"modified":"2024-04-09T08:45:57","modified_gmt":"2024-04-09T06:45:57","slug":"izbocen-pravokotni-oblazinjen-fokuser-scit-defence-novo","status":"publish","type":"product","link":"https:\/\/www.budoshop.si\/sl\/izdelek\/izbocen-pravokotni-oblazinjen-fokuser-scit-defence-novo\/","title":{"rendered":"Izbo\u010den pravokotni oblazinjen fokuser \u0161\u010dit &#8221;DEFENCE&#8221;"},"content":{"rendered":"<p><span style=\"font-size: small; color: #993300;\">Ta pravokotni oblazinjen fokuser \u0161\u010dit za udarjanje je bil razvit posebej za trening samoobrambe. Izdelan je iz kvalitetnega umetnega usnja, srednje trda udarna povr\u0161ina pa odli\u010dno bla\u017ei udarce in je varna za uporabnike. Oblika fokuserja omogo\u010da trening vseh vrst direktnih udarcev z roko in nogo, kro\u017enih udarcev kot tudi udarcev s komolcem in kolenom. Dva stranska ro\u010da in dva ro\u010da na zadnji strani fokuserja zagotavljajo stabilen oprijem.<\/span><\/p>\n<p><span style=\"font-size: small; color: #993300;\">Fokuser je primeren za trening samoobrambe, \u00a0Thai box-a, Kickboxing-a, Taekwondo-ja, Karate-ja, proste borbe in vseh drugih kontaktnih ve\u0161\u010din in \u0161portov.<\/span><\/p>\n<p><span style=\"font-size: small; color: #993300;\">\u010crne barve.<\/span><\/p>\n<p><span style=\"font-size: small; color: #993300;\">Dimenzije: cca. 74 x 16 cm<\/span><\/p>\n<p><span style=\"font-size: small; color: #993300;\">Te\u017ea: cca. 910 g<\/span><\/p>\n","protected":false},"excerpt":{"rendered":"<p><span style=\"color: #003366;\"><strong>Pravokotni oblazinjen fokuser s stranskimi in zadnjimi ro\u010di za dr\u017eanje.<\/strong><\/span><\/p>\n","protected":false},"featured_media":97399,"comment_status":"open","ping_status":"closed","template":"","meta":[],"product_brand":[],"product_cat":[1043,755,1033,1029,983,1061,1039],"product_tag":[],"class_list":{"0":"post-97393","1":"product","2":"type-product","3":"status-publish","4":"has-post-thumbnail","6":"product_cat-boks-kickbox-tajski-boks-mma","7":"product_cat-fokuserji-in-oblazinjeni-scit","8":"product_cat-ju-jitsujiu-jitsu-1","9":"product_cat-karate-5","10":"product_cat-kwon-3","11":"product_cat-kwon-5","12":"product_cat-taekwondo-3","14":"first","15":"instock","16":"taxable","17":"shipping-taxable","18":"purchasable","19":"product-type-simple"},"_links":{"self":[{"href":"https:\/\/www.budoshop.si\/sl\/wp-json\/wp\/v2\/product\/97393","targetHints":{"allow":["GET"]}}],"collection":[{"href":"https:\/\/www.budoshop.si\/sl\/wp-json\/wp\/v2\/product"}],"about":[{"href":"https:\/\/www.budoshop.si\/sl\/wp-json\/wp\/v2\/types\/product"}],"replies":[{"embeddable":true,"href":"https:\/\/www.budoshop.si\/sl\/wp-json\/wp\/v2\/comments?post=97393"}],"wp:featuredmedia":[{"embeddable":true,"href":"https:\/\/www.budoshop.si\/sl\/wp-json\/wp\/v2\/media\/97399"}],"wp:attachment":[{"href":"https:\/\/www.budoshop.si\/sl\/wp-json\/wp\/v2\/media?parent=97393"}],"wp:term":[{"taxonomy":"product_brand","embeddable":true,"href":"https:\/\/www.budoshop.si\/sl\/wp-json\/wp\/v2\/product_brand?post=97393"},{"taxonomy":"product_cat","embeddable":true,"href":"https:\/\/www.budoshop.si\/sl\/wp-json\/wp\/v2\/product_cat?post=97393"},{"taxonomy":"product_tag","embeddable":true,"href":"https:\/\/www.budoshop.si\/sl\/wp-json\/wp\/v2\/product_tag?post=97393"}],"curies":[{"name":"wp","href":"https:\/\/api.w.org\/{rel}","templated":true}]}}