{"id":97347,"date":"2023-03-23T11:22:36","date_gmt":"2023-03-23T11:22:36","guid":{"rendered":"https:\/\/budoshop.si\/?product=okrogel-fokuser-scit-comb-novo"},"modified":"2026-02-06T08:19:07","modified_gmt":"2026-02-06T07:19:07","slug":"okrogel-fokuser-scit-comb-novo","status":"publish","type":"product","link":"https:\/\/www.budoshop.si\/sl\/izdelek\/okrogel-fokuser-scit-comb-novo\/","title":{"rendered":"Okrogel fokuser \u0161\u010dit &#8221;COMB&#8221;"},"content":{"rendered":"<p><span style=\"font-size: 15px; color: #993300;\">Ta okrogel fokuser \u0161\u010dit za borilne ve\u0161\u010dine je namenjen tako amaterski kot profesionalni rabi. Fokuser je za dalj\u0161o vzdr\u017eljivost izdelan iz kombinacije pravega mo\u010dnega govejega in umetnega usnja. Razvit je bil posebno za visoke zahteve najmo\u010dnej\u0161ih Kickbox udarcev z roko in nogo saj polnilo iz debele trde pene absorbira tudi najmo\u010dnej\u0161e brce. Zaradi rahlo vzbo\u010denega in ozna\u010denega tar\u010dnega obmo\u010dja na eni strani je mogo\u010de trenirati natan\u010dnost. Dva \u010dvrsta oja\u010dana stranska ro\u010daja zagotavljata dobro dr\u017eanje in zato je ta fokuser \u0161\u010ditnik primeren tako za direktne udarce kot tudi za najmo\u010dnej\u0161e kro\u0161e in aprekat udarce. Primeren za MMA, Kickbox, boks, Karate in druge sorodne borilne \u0161porte in ve\u0161\u010dine.<\/span><\/p>\n<p><span style=\"font-size: 15px; color: #993300;\">\u010crne barve.<\/span><\/p>\n<p><span style=\"font-size: 15px; color: #993300;\">Dimenzije: cca. 35 x 10 cm<\/span><\/p>\n","protected":false},"excerpt":{"rendered":"<p><span style=\"color: #003366;\"><strong>Okrogel trenerski fokuser za borilne ve\u0161\u010dine.<\/strong><\/span><\/p>\n","protected":false},"featured_media":97352,"comment_status":"open","ping_status":"closed","template":"","meta":[],"product_brand":[5596],"product_cat":[1043,755,1033,1029,983,1061,1039],"product_tag":[],"class_list":{"0":"post-97347","1":"product","2":"type-product","3":"status-publish","4":"has-post-thumbnail","6":"product_brand-kwon","7":"product_cat-boks-kickbox-tajski-boks-mma","8":"product_cat-fokuserji-in-oblazinjeni-scit","9":"product_cat-ju-jitsujiu-jitsu-1","10":"product_cat-karate-5","11":"product_cat-kwon-3","12":"product_cat-kwon-5","13":"product_cat-taekwondo-3","15":"first","16":"instock","17":"taxable","18":"shipping-taxable","19":"purchasable","20":"product-type-simple"},"_links":{"self":[{"href":"https:\/\/www.budoshop.si\/sl\/wp-json\/wp\/v2\/product\/97347","targetHints":{"allow":["GET"]}}],"collection":[{"href":"https:\/\/www.budoshop.si\/sl\/wp-json\/wp\/v2\/product"}],"about":[{"href":"https:\/\/www.budoshop.si\/sl\/wp-json\/wp\/v2\/types\/product"}],"replies":[{"embeddable":true,"href":"https:\/\/www.budoshop.si\/sl\/wp-json\/wp\/v2\/comments?post=97347"}],"wp:featuredmedia":[{"embeddable":true,"href":"https:\/\/www.budoshop.si\/sl\/wp-json\/wp\/v2\/media\/97352"}],"wp:attachment":[{"href":"https:\/\/www.budoshop.si\/sl\/wp-json\/wp\/v2\/media?parent=97347"}],"wp:term":[{"taxonomy":"product_brand","embeddable":true,"href":"https:\/\/www.budoshop.si\/sl\/wp-json\/wp\/v2\/product_brand?post=97347"},{"taxonomy":"product_cat","embeddable":true,"href":"https:\/\/www.budoshop.si\/sl\/wp-json\/wp\/v2\/product_cat?post=97347"},{"taxonomy":"product_tag","embeddable":true,"href":"https:\/\/www.budoshop.si\/sl\/wp-json\/wp\/v2\/product_tag?post=97347"}],"curies":[{"name":"wp","href":"https:\/\/api.w.org\/{rel}","templated":true}]}}