{"id":97289,"date":"2023-02-16T08:51:59","date_gmt":"2023-02-16T08:51:59","guid":{"rendered":"https:\/\/budoshop.si\/?product=mini-boksarska-rokavica-red-novo"},"modified":"2026-03-09T08:17:10","modified_gmt":"2026-03-09T07:17:10","slug":"mini-boksarska-rokavica-red-novo-3","status":"publish","type":"product","link":"https:\/\/www.budoshop.si\/sl\/izdelek\/mini-boksarska-rokavica-red-novo-3\/","title":{"rendered":"Mini boksarska rokavica &#8221;RED&#8221;"},"content":{"rendered":"<p><span style=\"color: #993300; font-size: 15px;\">Mini boksarska rokavica je vedno zanimiva dekoracija ali darilo. Mini rokavica je pritrjene na vrvico s katero se lahko varno prive\u017ee na va\u0161o \u0161portno torbo, klju\u010de, v avto ali kamokoli drugam. Velikost cca. 10 cm.<\/span><\/p>\n<p><span style=\"color: #993300;\">Rde\u010de barve.<\/span><\/p>\n","protected":false},"excerpt":{"rendered":"<p><span style=\"color: #003366;\"><strong>Mini boksarska rokavica rde\u010de barve.<\/strong><\/span><\/p>\n","protected":false},"featured_media":97293,"comment_status":"open","ping_status":"closed","template":"","meta":[],"product_brand":[5608],"product_cat":[1035,1043,1033,1031,1029,1037,1039,1041,833],"product_tag":[],"class_list":{"0":"post-97289","1":"product","2":"type-product","3":"status-publish","4":"has-post-thumbnail","6":"product_brand-dax","7":"product_cat-aikido-kendo-iai-kobudo-1","8":"product_cat-boks-kickbox-tajski-boks-mma","9":"product_cat-ju-jitsujiu-jitsu-1","10":"product_cat-judo-1","11":"product_cat-karate-5","12":"product_cat-ninjutsu-3","13":"product_cat-taekwondo-3","14":"product_cat-tai-chi-kunf-fu-wu-shu-1","15":"product_cat-obeski","17":"first","18":"instock","19":"taxable","20":"shipping-taxable","21":"purchasable","22":"product-type-simple"},"_links":{"self":[{"href":"https:\/\/www.budoshop.si\/sl\/wp-json\/wp\/v2\/product\/97289","targetHints":{"allow":["GET"]}}],"collection":[{"href":"https:\/\/www.budoshop.si\/sl\/wp-json\/wp\/v2\/product"}],"about":[{"href":"https:\/\/www.budoshop.si\/sl\/wp-json\/wp\/v2\/types\/product"}],"replies":[{"embeddable":true,"href":"https:\/\/www.budoshop.si\/sl\/wp-json\/wp\/v2\/comments?post=97289"}],"wp:featuredmedia":[{"embeddable":true,"href":"https:\/\/www.budoshop.si\/sl\/wp-json\/wp\/v2\/media\/97293"}],"wp:attachment":[{"href":"https:\/\/www.budoshop.si\/sl\/wp-json\/wp\/v2\/media?parent=97289"}],"wp:term":[{"taxonomy":"product_brand","embeddable":true,"href":"https:\/\/www.budoshop.si\/sl\/wp-json\/wp\/v2\/product_brand?post=97289"},{"taxonomy":"product_cat","embeddable":true,"href":"https:\/\/www.budoshop.si\/sl\/wp-json\/wp\/v2\/product_cat?post=97289"},{"taxonomy":"product_tag","embeddable":true,"href":"https:\/\/www.budoshop.si\/sl\/wp-json\/wp\/v2\/product_tag?post=97289"}],"curies":[{"name":"wp","href":"https:\/\/api.w.org\/{rel}","templated":true}]}}