{"id":97177,"date":"2023-02-14T10:33:22","date_gmt":"2023-02-14T10:33:22","guid":{"rendered":"https:\/\/budoshop.si\/?product=usnjene-boksarske-rokavice-adidas-speed-250-tilt-red-novo"},"modified":"2026-01-22T11:15:35","modified_gmt":"2026-01-22T10:15:35","slug":"usnjene-boksarske-rokavice-adidas-speed-250-tilt-red-novo-2","status":"publish","type":"product","link":"https:\/\/www.budoshop.si\/sl\/izdelek\/usnjene-boksarske-rokavice-adidas-speed-250-tilt-red-novo-2\/","title":{"rendered":"Usnjene boksarske rokavice &#8221;Adidas SPEED 250 TILT red&#8221;"},"content":{"rendered":"<p><span style=\"font-size: 15px; color: #993300;\">Adidasove boksarske rokavice Speed TILT 250 so narejene iz me\u0161anice govejega usnja in vrhunskega sinteti\u010dnega FLX 3.0 usnja. Inovativna enodelna ergonomska TILT zasnova ohranja \u010dlenke v naravni poravnavi in omogo\u010da, da pest obdr\u017ei v nevtralnem polo\u017eaju, ne da bi jo sililo v radialno deviacijo. Ta zasnova tako \u0161\u010diti pred po\u0161kodbami pri iztegu ali upogibu zapestja. Rokavice imajo \u0161irok sistem zapiranja na je\u017eka na zapestju, ki omogo\u010da mo\u010dno oporo zapestju. Boks rokavice Speed Tilt 250 je enostavno nadeti in sneti, vrhunska \u00a0tehnologija AEROREADY pa zagotavlja odli\u010dno prezra\u010devanje, ki ohranja roke hladnej\u0161e in rokavice bolj suhe. Te boksarske rokavice so primerne tako za profesionalce kot tudi za\u010detnike in amaterje saj nudijo vrhunsko udobje ter odli\u010dno varnost in jih je mogo\u010de enostavno o\u010distiti z vla\u017eno brisa\u010do. Rokavice so primerne za treninge boksa, kickboxa in dela na boksarski vre\u010di ali fokuserjih.<\/span><\/p>\n<p><span style=\"font-size: 15px; color: #993300;\">Atraktivna rde\u010de-bela barvna kombinacija.<\/span><\/p>\n<p><span style=\"font-size: 15px; color: #993300;\">Velikost: 10oz, 12 oz ali 14 oz<\/span><\/p>\n","protected":false},"excerpt":{"rendered":"<p><span style=\"color: #003366;\"><strong>Usnjene Adidas boksarske rokavice 10, 12 ali 14 OZ.<\/strong><\/span><\/p>\n","protected":false},"featured_media":97181,"comment_status":"open","ping_status":"closed","template":"","meta":[],"product_brand":[5594],"product_cat":[1043,821,951,1049],"product_tag":[],"class_list":{"0":"post-97177","1":"product","2":"type-product","3":"status-publish","4":"has-post-thumbnail","6":"product_brand-adidas","7":"product_cat-boks-kickbox-tajski-boks-mma","8":"product_cat-kick-thai-boxing-rokavice","9":"product_cat-adidas-3","10":"product_cat-adidas-7","11":"pa_velikost-10-oz-sl-2","12":"pa_velikost-12-oz-sl","13":"pa_velikost-14-oz-sl","15":"first","16":"instock","17":"taxable","18":"shipping-taxable","19":"purchasable","20":"product-type-variable"},"_links":{"self":[{"href":"https:\/\/www.budoshop.si\/sl\/wp-json\/wp\/v2\/product\/97177","targetHints":{"allow":["GET"]}}],"collection":[{"href":"https:\/\/www.budoshop.si\/sl\/wp-json\/wp\/v2\/product"}],"about":[{"href":"https:\/\/www.budoshop.si\/sl\/wp-json\/wp\/v2\/types\/product"}],"replies":[{"embeddable":true,"href":"https:\/\/www.budoshop.si\/sl\/wp-json\/wp\/v2\/comments?post=97177"}],"wp:featuredmedia":[{"embeddable":true,"href":"https:\/\/www.budoshop.si\/sl\/wp-json\/wp\/v2\/media\/97181"}],"wp:attachment":[{"href":"https:\/\/www.budoshop.si\/sl\/wp-json\/wp\/v2\/media?parent=97177"}],"wp:term":[{"taxonomy":"product_brand","embeddable":true,"href":"https:\/\/www.budoshop.si\/sl\/wp-json\/wp\/v2\/product_brand?post=97177"},{"taxonomy":"product_cat","embeddable":true,"href":"https:\/\/www.budoshop.si\/sl\/wp-json\/wp\/v2\/product_cat?post=97177"},{"taxonomy":"product_tag","embeddable":true,"href":"https:\/\/www.budoshop.si\/sl\/wp-json\/wp\/v2\/product_tag?post=97177"}],"curies":[{"name":"wp","href":"https:\/\/api.w.org\/{rel}","templated":true}]}}