{"id":97105,"date":"2023-01-12T10:10:12","date_gmt":"2023-01-12T10:10:12","guid":{"rendered":"https:\/\/budoshop.si\/?product=obesek-tokaido-karate-rokavica-shiro-novo"},"modified":"2026-03-09T08:18:05","modified_gmt":"2026-03-09T07:18:05","slug":"obesek-tokaido-karate-rokavica-shiro-novo","status":"publish","type":"product","link":"https:\/\/www.budoshop.si\/sl\/izdelek\/obesek-tokaido-karate-rokavica-shiro-novo\/","title":{"rendered":"Obesek &#8221;Tokaido Karate rokavica SHIRO&#8221;"},"content":{"rendered":"<div style=\"text-align: justify;\"><span style=\"color: #c00000; font-size: 15px;\">Obesek za klju\u010de Karate Kumite rokavica z veri\u017eico ter rinko za obe\u0161anje znamke TOKAIDO. Obesek je lahko majhno darilo, spominek ali amulet za sre\u010do in se ga <span style=\"color: #c00000;\">lahko obesi na svoje klju\u010de, \u0161portno torbo in podobno.<\/span><br \/>\nSHIRO \u010drno-bele barve.<br \/>\n<\/span><\/div>\n<p>&nbsp;<\/p>\n<p><span style=\"color: #c00000; font-size: 15px;\">Dimenzija: cca. 10 cm<\/span><\/p>\n","protected":false},"excerpt":{"rendered":"<p><span style=\"color: #003366;\"><strong>Obesek Tokaido Karate Kumite rokavica.<\/strong><\/span><\/p>\n","protected":false},"featured_media":97111,"comment_status":"open","ping_status":"closed","template":"","meta":[],"product_brand":[5598],"product_cat":[1029,833,949,1047],"product_tag":[],"class_list":{"0":"post-97105","1":"product","2":"type-product","3":"status-publish","4":"has-post-thumbnail","6":"product_brand-tokaido","7":"product_cat-karate-5","8":"product_cat-obeski","9":"product_cat-shureido-3","10":"product_cat-tokaido-1","12":"first","13":"instock","14":"taxable","15":"shipping-taxable","16":"purchasable","17":"product-type-simple"},"_links":{"self":[{"href":"https:\/\/www.budoshop.si\/sl\/wp-json\/wp\/v2\/product\/97105","targetHints":{"allow":["GET"]}}],"collection":[{"href":"https:\/\/www.budoshop.si\/sl\/wp-json\/wp\/v2\/product"}],"about":[{"href":"https:\/\/www.budoshop.si\/sl\/wp-json\/wp\/v2\/types\/product"}],"replies":[{"embeddable":true,"href":"https:\/\/www.budoshop.si\/sl\/wp-json\/wp\/v2\/comments?post=97105"}],"wp:featuredmedia":[{"embeddable":true,"href":"https:\/\/www.budoshop.si\/sl\/wp-json\/wp\/v2\/media\/97111"}],"wp:attachment":[{"href":"https:\/\/www.budoshop.si\/sl\/wp-json\/wp\/v2\/media?parent=97105"}],"wp:term":[{"taxonomy":"product_brand","embeddable":true,"href":"https:\/\/www.budoshop.si\/sl\/wp-json\/wp\/v2\/product_brand?post=97105"},{"taxonomy":"product_cat","embeddable":true,"href":"https:\/\/www.budoshop.si\/sl\/wp-json\/wp\/v2\/product_cat?post=97105"},{"taxonomy":"product_tag","embeddable":true,"href":"https:\/\/www.budoshop.si\/sl\/wp-json\/wp\/v2\/product_tag?post=97105"}],"curies":[{"name":"wp","href":"https:\/\/api.w.org\/{rel}","templated":true}]}}