{"id":97021,"date":"2022-11-22T10:51:50","date_gmt":"2022-11-22T10:51:50","guid":{"rendered":"https:\/\/budoshop.si\/?product=usnjena-dvojna-hitra-boks-zoga-adidas-speed-novo"},"modified":"2026-01-21T12:37:35","modified_gmt":"2026-01-21T11:37:35","slug":"usnjena-dvojna-hitra-boks-zoga-adidas-speed-novo","status":"publish","type":"product","link":"https:\/\/www.budoshop.si\/sl\/izdelek\/usnjena-dvojna-hitra-boks-zoga-adidas-speed-novo\/","title":{"rendered":"Usnjena dvojna hitra boks \u017eoga &#8221;Adidas SPEED&#8221;"},"content":{"rendered":"<p><span style=\"font-size: 15px; color: #993300;\">Ta dvojna Adidas SPEED boksarska hitra \u017eoga je izdelana iz pravega bivoljega usnja in namenjena uporabi pri osredoto\u010denem treningu udarcev. V kompletu z mehurjem iz lateksne gume profesionalne kakovosti, ki je zamenljiv, lahek, a vzdr\u017eljiv in izjemno odporen za hitre in prave odboje. Zgornji in spodnji pritrdilni pasovi so izdelani iz trpe\u017enega silikona, vklju\u010dno s pritrdilnimi vzmetnimi kavlji, izdelanimi za vzdr\u017eljivost in profesionalne rezultate. Konstrukcija te Adidas boksarske \u017eoge z dvojnim koncem zagotavlja hitre odboje za najhitrej\u0161e zahteve elitnih \u0161portnikov.<\/span><\/p>\n<p><span style=\"font-size: 15px; color: #993300;\">\u010crne barve z belim Adidas logotipom<\/span><\/p>\n<p><span style=\"font-size: 15px; color: #993300;\">Mere: cca. 24 x 40 cm<\/span><\/p>\n","protected":false},"excerpt":{"rendered":"<p><strong><span style=\"color: #003366;\">Usnjena profesionalna Adidas hitra boks \u017eoga z elastikama<\/span>.<\/strong><\/p>\n","protected":false},"featured_media":97027,"comment_status":"open","ping_status":"closed","template":"","meta":[],"product_brand":[5594],"product_cat":[951,1049,1043,751],"product_tag":[],"class_list":{"0":"post-97021","1":"product","2":"type-product","3":"status-publish","4":"has-post-thumbnail","6":"product_brand-adidas","7":"product_cat-adidas-3","8":"product_cat-adidas-7","9":"product_cat-boks-kickbox-tajski-boks-mma","10":"product_cat-punching-ball-1","12":"first","13":"instock","14":"taxable","15":"shipping-taxable","16":"purchasable","17":"product-type-simple"},"_links":{"self":[{"href":"https:\/\/www.budoshop.si\/sl\/wp-json\/wp\/v2\/product\/97021","targetHints":{"allow":["GET"]}}],"collection":[{"href":"https:\/\/www.budoshop.si\/sl\/wp-json\/wp\/v2\/product"}],"about":[{"href":"https:\/\/www.budoshop.si\/sl\/wp-json\/wp\/v2\/types\/product"}],"replies":[{"embeddable":true,"href":"https:\/\/www.budoshop.si\/sl\/wp-json\/wp\/v2\/comments?post=97021"}],"wp:featuredmedia":[{"embeddable":true,"href":"https:\/\/www.budoshop.si\/sl\/wp-json\/wp\/v2\/media\/97027"}],"wp:attachment":[{"href":"https:\/\/www.budoshop.si\/sl\/wp-json\/wp\/v2\/media?parent=97021"}],"wp:term":[{"taxonomy":"product_brand","embeddable":true,"href":"https:\/\/www.budoshop.si\/sl\/wp-json\/wp\/v2\/product_brand?post=97021"},{"taxonomy":"product_cat","embeddable":true,"href":"https:\/\/www.budoshop.si\/sl\/wp-json\/wp\/v2\/product_cat?post=97021"},{"taxonomy":"product_tag","embeddable":true,"href":"https:\/\/www.budoshop.si\/sl\/wp-json\/wp\/v2\/product_tag?post=97021"}],"curies":[{"name":"wp","href":"https:\/\/api.w.org\/{rel}","templated":true}]}}