{"id":96885,"date":"2022-10-17T11:42:39","date_gmt":"2022-10-17T11:42:39","guid":{"rendered":"https:\/\/budoshop.si\/?product=tlacilka-za-boksarke-zoge-in-hruske-novo"},"modified":"2025-12-12T07:57:57","modified_gmt":"2025-12-12T06:57:57","slug":"tlacilka-za-boksarke-zoge-in-hruske-novo","status":"publish","type":"product","link":"https:\/\/www.budoshop.si\/sl\/izdelek\/tlacilka-za-boksarke-zoge-in-hruske-novo\/","title":{"rendered":"Tla\u010dilka za boksarske \u017eoge in hru\u0161ke"},"content":{"rendered":"<p><span style=\"font-size: 15px; color: #993300;\">Majhna priro\u010dna tla\u010dilka za vse vrste hitrih boksarskih \u017eog in boksarskih hru\u0161k.<\/span><\/p>\n","protected":false},"excerpt":{"rendered":"<p><span style=\"color: #003366;\"><strong>Priro\u010dna tla\u010dilka za boksarske hitre \u017eoge in hru\u0161ke.<\/strong><\/span><\/p>\n","protected":false},"featured_media":96891,"comment_status":"open","ping_status":"closed","template":"","meta":[],"product_brand":[],"product_cat":[1043,751,1075,1083],"product_tag":[],"class_list":{"0":"post-96885","1":"product","2":"type-product","3":"status-publish","4":"has-post-thumbnail","6":"product_cat-boks-kickbox-tajski-boks-mma","7":"product_cat-punching-ball-1","8":"product_cat-pride-1","9":"product_cat-pride-3","11":"first","12":"instock","13":"taxable","14":"shipping-taxable","15":"purchasable","16":"product-type-simple"},"_links":{"self":[{"href":"https:\/\/www.budoshop.si\/sl\/wp-json\/wp\/v2\/product\/96885","targetHints":{"allow":["GET"]}}],"collection":[{"href":"https:\/\/www.budoshop.si\/sl\/wp-json\/wp\/v2\/product"}],"about":[{"href":"https:\/\/www.budoshop.si\/sl\/wp-json\/wp\/v2\/types\/product"}],"replies":[{"embeddable":true,"href":"https:\/\/www.budoshop.si\/sl\/wp-json\/wp\/v2\/comments?post=96885"}],"wp:featuredmedia":[{"embeddable":true,"href":"https:\/\/www.budoshop.si\/sl\/wp-json\/wp\/v2\/media\/96891"}],"wp:attachment":[{"href":"https:\/\/www.budoshop.si\/sl\/wp-json\/wp\/v2\/media?parent=96885"}],"wp:term":[{"taxonomy":"product_brand","embeddable":true,"href":"https:\/\/www.budoshop.si\/sl\/wp-json\/wp\/v2\/product_brand?post=96885"},{"taxonomy":"product_cat","embeddable":true,"href":"https:\/\/www.budoshop.si\/sl\/wp-json\/wp\/v2\/product_cat?post=96885"},{"taxonomy":"product_tag","embeddable":true,"href":"https:\/\/www.budoshop.si\/sl\/wp-json\/wp\/v2\/product_tag?post=96885"}],"curies":[{"name":"wp","href":"https:\/\/api.w.org\/{rel}","templated":true}]}}