{"id":96789,"date":"2022-10-17T10:59:51","date_gmt":"2022-10-17T10:59:51","guid":{"rendered":"https:\/\/budoshop.si\/?product=boksarske-rokavice-adidas-speed-150-tilt-novo"},"modified":"2026-03-30T10:00:36","modified_gmt":"2026-03-30T08:00:36","slug":"boksarske-rokavice-adidas-speed-150-tilt-novo","status":"publish","type":"product","link":"https:\/\/www.budoshop.si\/sl\/izdelek\/boksarske-rokavice-adidas-speed-150-tilt-novo\/","title":{"rendered":"Boksarske rokavice &#8221;Adidas SPEED 150 TILT&#8221;"},"content":{"rendered":"<p><span style=\"font-size: 15px; color: #993300;\">Boksarske rokavice Adidas SPEED 150 TILT prihaja iz novega koncepta oblikovanja, blagovne znamke, ki pozna &#8220;znanost za \u0161portom&#8221;. Rokavice so zasnovane tako, da zagotavljajo kar najbolj naraven udarec, s \u010dimer se pove\u010da mo\u010d udarca, hkrati pa zmanj\u0161a po\u0161kodbe roke\/zapestja. Inovativni nagibni dizajn ohranja \u010dlenke v naravni poravnavi, kar omogo\u010da postopno delovanje \u010dlenkov. TILT zasnova omogo\u010da, da pest obdr\u017ei nevtralni polo\u017eaj, ne da bi jo prisilili v radialno deviacijo. Zasnova z enim kalupom \u0161\u010diti pred po\u0161kodbami pri iztegu ali upogibu zapestja. Rokavice imajo \u0161irok sistem zapiranja na je\u017eka na zapestju, ki omogo\u010da mo\u010dno oporo zapestju. Vadbene rokavice je enostavno nadeti in sle\u010di ter imajo vrhunsko podlogo v notranjosti, ki zagotavlja kar najve\u010d udobja. Izdelane so iz kvalitetnega umetnega usnja v kombinaciji 5G PU konstrukcijo. Tehnologija Aeroready zagotavlja odli\u010dno prezra\u010devanje, ki ohranja roke hladnej\u0161e in rokavice bolj suhe.<\/span><\/p>\n<p><span style=\"font-size: 15px; color: #993300;\">Te boksarske rokavice nudijo vrhunsko udobje in jih je mogo\u010de enostavno o\u010distiti z vla\u017eno brisa\u010do ter jih lahko uporabljajo tako profesionalci kot tudi za\u010detniki in amaterji!<\/span><\/p>\n<p><span style=\"font-size: 15px; color: #993300;\">Barve: siva ali rde\u010da<\/span><\/p>\n<p><span style=\"font-size: 15px; color: #993300;\">Velikost: 10 OZ, 12 OZ ali 14 OZ<\/span><\/p>\n","protected":false},"excerpt":{"rendered":"<p><span style=\"color: #003366;\"><strong>Novo razvite boksarske rokavice iz Adidas TILT linije.<\/strong><\/span><\/p>\n","protected":false},"featured_media":96795,"comment_status":"open","ping_status":"closed","template":"","meta":[],"product_brand":[],"product_cat":[1043,929,821,951,1049],"product_tag":[],"class_list":{"0":"post-96789","1":"product","2":"type-product","3":"status-publish","4":"has-post-thumbnail","6":"product_cat-boks-kickbox-tajski-boks-mma","7":"product_cat-nazaj","8":"product_cat-kick-thai-boxing-rokavice","9":"product_cat-adidas-3","10":"product_cat-adidas-7","11":"pa_barva-rdeca-barva-sl-2","12":"pa_barva-siva-sl","13":"pa_velikost-10-oz-sl-2","14":"pa_velikost-12-oz-sl","15":"pa_velikost-14-oz-sl","17":"first","18":"instock","19":"taxable","20":"shipping-taxable","21":"purchasable","22":"product-type-variable"},"_links":{"self":[{"href":"https:\/\/www.budoshop.si\/sl\/wp-json\/wp\/v2\/product\/96789","targetHints":{"allow":["GET"]}}],"collection":[{"href":"https:\/\/www.budoshop.si\/sl\/wp-json\/wp\/v2\/product"}],"about":[{"href":"https:\/\/www.budoshop.si\/sl\/wp-json\/wp\/v2\/types\/product"}],"replies":[{"embeddable":true,"href":"https:\/\/www.budoshop.si\/sl\/wp-json\/wp\/v2\/comments?post=96789"}],"wp:featuredmedia":[{"embeddable":true,"href":"https:\/\/www.budoshop.si\/sl\/wp-json\/wp\/v2\/media\/96795"}],"wp:attachment":[{"href":"https:\/\/www.budoshop.si\/sl\/wp-json\/wp\/v2\/media?parent=96789"}],"wp:term":[{"taxonomy":"product_brand","embeddable":true,"href":"https:\/\/www.budoshop.si\/sl\/wp-json\/wp\/v2\/product_brand?post=96789"},{"taxonomy":"product_cat","embeddable":true,"href":"https:\/\/www.budoshop.si\/sl\/wp-json\/wp\/v2\/product_cat?post=96789"},{"taxonomy":"product_tag","embeddable":true,"href":"https:\/\/www.budoshop.si\/sl\/wp-json\/wp\/v2\/product_tag?post=96789"}],"curies":[{"name":"wp","href":"https:\/\/api.w.org\/{rel}","templated":true}]}}