{"id":96771,"date":"2022-10-06T10:10:29","date_gmt":"2022-10-06T10:10:29","guid":{"rendered":"https:\/\/budoshop.si\/?product=ovalna-hitra-zoga-za-boks-novo"},"modified":"2024-12-16T09:46:09","modified_gmt":"2024-12-16T08:46:09","slug":"ovalna-hitra-zoga-za-boks-novo","status":"publish","type":"product","link":"https:\/\/www.budoshop.si\/sl\/izdelek\/ovalna-hitra-zoga-za-boks-novo\/","title":{"rendered":"Ovalna dvojna hitra \u017eoga za boks"},"content":{"rendered":"<p><span style=\"color: #993300; font-size: 15px;\">Ovalna napihljiva hitra \u017eoga za boks udarjanje z dvojnim pritrjevanjem. Izdelana je iz kvalitetnega in obstojnega umetnega usnja. \u017dogo se pritrdi s prilo\u017eenima gumijastima vrvema, ki imata na koncu posebno sponko za pritrjevanje na strop in tla. Namenjenja je treningu eksplozivnosti ter hitrega reagiranja ro\u010dnih, no\u017enih ter kombiniranih udarcev in primerna za trening vseh borilnih ve\u0161\u010din.<\/span><\/p>\n<p><span style=\"color: #993300; font-size: 15px;\">Mere: cca. 55 x 40cm<\/span><\/p>\n<p><span style=\"font-size: 15px; color: #993300;\">Rde\u010de barve.<\/span><\/p>\n","protected":false},"excerpt":{"rendered":"<p><span style=\"color: #002060;\"><strong>Ovalna hitra boks \u017eoga \u017eoga za udarjanje z elastikama.<\/strong><\/span><\/p>\n","protected":false},"featured_media":96778,"comment_status":"open","ping_status":"closed","template":"","meta":[],"product_brand":[],"product_cat":[1043,751,1029,1061,983],"product_tag":[],"class_list":{"0":"post-96771","1":"product","2":"type-product","3":"status-publish","4":"has-post-thumbnail","6":"product_cat-boks-kickbox-tajski-boks-mma","7":"product_cat-punching-ball-1","8":"product_cat-karate-5","9":"product_cat-kwon-5","10":"product_cat-kwon-3","12":"first","13":"instock","14":"taxable","15":"shipping-taxable","16":"purchasable","17":"product-type-simple"},"_links":{"self":[{"href":"https:\/\/www.budoshop.si\/sl\/wp-json\/wp\/v2\/product\/96771","targetHints":{"allow":["GET"]}}],"collection":[{"href":"https:\/\/www.budoshop.si\/sl\/wp-json\/wp\/v2\/product"}],"about":[{"href":"https:\/\/www.budoshop.si\/sl\/wp-json\/wp\/v2\/types\/product"}],"replies":[{"embeddable":true,"href":"https:\/\/www.budoshop.si\/sl\/wp-json\/wp\/v2\/comments?post=96771"}],"wp:featuredmedia":[{"embeddable":true,"href":"https:\/\/www.budoshop.si\/sl\/wp-json\/wp\/v2\/media\/96778"}],"wp:attachment":[{"href":"https:\/\/www.budoshop.si\/sl\/wp-json\/wp\/v2\/media?parent=96771"}],"wp:term":[{"taxonomy":"product_brand","embeddable":true,"href":"https:\/\/www.budoshop.si\/sl\/wp-json\/wp\/v2\/product_brand?post=96771"},{"taxonomy":"product_cat","embeddable":true,"href":"https:\/\/www.budoshop.si\/sl\/wp-json\/wp\/v2\/product_cat?post=96771"},{"taxonomy":"product_tag","embeddable":true,"href":"https:\/\/www.budoshop.si\/sl\/wp-json\/wp\/v2\/product_tag?post=96771"}],"curies":[{"name":"wp","href":"https:\/\/api.w.org\/{rel}","templated":true}]}}