{"id":96561,"date":"2022-10-03T12:41:57","date_gmt":"2022-10-03T12:41:57","guid":{"rendered":"https:\/\/budoshop.si\/?product=scitnik-za-golen-in-nart-full-ce"},"modified":"2026-03-27T07:44:33","modified_gmt":"2026-03-27T06:44:33","slug":"scitnik-za-golen-in-nart-full-ce","status":"publish","type":"product","link":"https:\/\/www.budoshop.si\/sl\/izdelek\/scitnik-za-golen-in-nart-full-ce\/","title":{"rendered":"\u0160\u010ditnik za golen in nart &#8221;FULL&#8221;"},"content":{"rendered":"<div style=\"text-align: justify;\">\n<p><span style=\"color: #993300; font-size: 15px;\">Ekstremno mo\u010dan, a hkrati zelo lahek \u0161\u010ditnik za golen\/pi\u0161\u010dal in nart namenjen najmo\u010dnej\u0161im Muay Thai, Kickboxing, Full contact in MMA borbam. Podro\u010dje goleni je ergonomi\u010dno oblikovano in opremljeno z dodatno odebelitvijo \u010dvrste pene ter oble\u010deno v umetno usnje. Zaradi materialov izdelave zagotavlja popolno za\u0161\u010dito in higieni\u010dnost. Dva traka z zapenjanjem na je\u017eka na zadnji strani in elasti\u010den trak na stopalu pa zagotavljajo trdno in stabilno prileganje nogi.<\/span><\/p>\n<p><span style=\"color: #993300; font-size: 15px;\">Oblo\u017eitev narta: cca. 2,6 cm<\/span><br \/>\n<span style=\"color: #993300; font-size: 15px;\">Oblo\u017eitev goleni: cca. 3 cm<\/span><\/p>\n<p><span style=\"color: #993300; font-size: 15px;\">\u010crne barve in primerno za tiskanje lastnega logotipa ali napisa.<\/span><\/p>\n<\/div>\n<div style=\"text-align: justify;\">\n<p><span style=\"color: #993300; font-size: 15px;\">Ustreza CE standardom!<\/span><\/p>\n<p><span style=\"color: #993300; font-size: 15px;\">Velikosti: S &#8211; M &#8211; L &#8211; XL<\/span><\/p>\n<\/div>\n<p><span style=\"color: #993300; font-size: 15px;\">Prodaja se v paru.<\/span><\/p>\n","protected":false},"excerpt":{"rendered":"<p><span style=\"font-size: 15px; color: #003366;\"><strong>Mo\u010dan \u0161\u010ditnik za golen\/pi\u0161\u010dal in nart.<\/strong><\/span><\/p>\n","protected":false},"featured_media":96568,"comment_status":"open","ping_status":"closed","template":"","meta":[],"product_brand":[5596],"product_cat":[1043,899,983,1061],"product_tag":[],"class_list":{"0":"post-96561","1":"product","2":"type-product","3":"status-publish","4":"has-post-thumbnail","6":"product_brand-kwon","7":"product_cat-boks-kickbox-tajski-boks-mma","8":"product_cat-scitniki-za-piscali","9":"product_cat-kwon-3","10":"product_cat-kwon-5","11":"pa_velikost-s-sl-2","12":"pa_velikost-m-sl-2","13":"pa_velikost-l-sl-2","14":"pa_velikost-xl-sl","16":"first","17":"instock","18":"taxable","19":"shipping-taxable","20":"purchasable","21":"product-type-variable"},"_links":{"self":[{"href":"https:\/\/www.budoshop.si\/sl\/wp-json\/wp\/v2\/product\/96561","targetHints":{"allow":["GET"]}}],"collection":[{"href":"https:\/\/www.budoshop.si\/sl\/wp-json\/wp\/v2\/product"}],"about":[{"href":"https:\/\/www.budoshop.si\/sl\/wp-json\/wp\/v2\/types\/product"}],"replies":[{"embeddable":true,"href":"https:\/\/www.budoshop.si\/sl\/wp-json\/wp\/v2\/comments?post=96561"}],"wp:featuredmedia":[{"embeddable":true,"href":"https:\/\/www.budoshop.si\/sl\/wp-json\/wp\/v2\/media\/96568"}],"wp:attachment":[{"href":"https:\/\/www.budoshop.si\/sl\/wp-json\/wp\/v2\/media?parent=96561"}],"wp:term":[{"taxonomy":"product_brand","embeddable":true,"href":"https:\/\/www.budoshop.si\/sl\/wp-json\/wp\/v2\/product_brand?post=96561"},{"taxonomy":"product_cat","embeddable":true,"href":"https:\/\/www.budoshop.si\/sl\/wp-json\/wp\/v2\/product_cat?post=96561"},{"taxonomy":"product_tag","embeddable":true,"href":"https:\/\/www.budoshop.si\/sl\/wp-json\/wp\/v2\/product_tag?post=96561"}],"curies":[{"name":"wp","href":"https:\/\/api.w.org\/{rel}","templated":true}]}}