{"id":96549,"date":"2022-10-03T12:19:56","date_gmt":"2022-10-03T10:19:56","guid":{"rendered":"https:\/\/budoshop.si\/?product=skatlica-za-scitnik-za-zobe-novo"},"modified":"2025-07-10T09:07:44","modified_gmt":"2025-07-10T07:07:44","slug":"skatlica-za-scitnik-za-zobe-novo","status":"publish","type":"product","link":"https:\/\/www.budoshop.si\/sl\/izdelek\/skatlica-za-scitnik-za-zobe-novo\/","title":{"rendered":"\u0160katlica za \u0161\u010ditnik za zobe"},"content":{"rendered":"<p><span style=\"color: #993300; font-size: 15px;\">Higienska \u0161katlica za \u0161\u010ditnik za zobe <span class=\"HwtZe\" lang=\"sl\"><span class=\"jCAhz ChMk0b\"><span class=\"ryNqvb\">je profesionalna mo\u017enost shranjevanja \u0161portnikovih individualnih \u0161\u010ditnikov za zobe.<\/span><\/span><span class=\"jCAhz ChMk0b\"><span class=\"ryNqvb\"><br \/>\n\u0160\u010ditniki za zobe so shranjeni higiensko in je manj verjetno, da se bodo na ta na\u010din izgubili.<\/span><\/span><\/span><\/span><\/p>\n<p><span style=\"color: #993300; font-size: 15px;\">\u0160katlica je izdelana iz prozornega PVC materiala in primerna za hrambo vseh vrst \u0161\u010ditnikov.<\/span><\/p>\n","protected":false},"excerpt":{"rendered":"<p><span style=\"color: #003366;\"><strong>Higienska \u0161katlica za \u0161\u010ditnik za zobe.<\/strong><\/span><\/p>\n","protected":false},"featured_media":118771,"comment_status":"open","ping_status":"closed","template":"","meta":[],"product_brand":[],"product_cat":[983,1061,903],"product_tag":[],"class_list":{"0":"post-96549","1":"product","2":"type-product","3":"status-publish","4":"has-post-thumbnail","6":"product_cat-kwon-3","7":"product_cat-kwon-5","8":"product_cat-scitniki-za-zobe","10":"first","11":"instock","12":"taxable","13":"shipping-taxable","14":"purchasable","15":"product-type-simple"},"_links":{"self":[{"href":"https:\/\/www.budoshop.si\/sl\/wp-json\/wp\/v2\/product\/96549","targetHints":{"allow":["GET"]}}],"collection":[{"href":"https:\/\/www.budoshop.si\/sl\/wp-json\/wp\/v2\/product"}],"about":[{"href":"https:\/\/www.budoshop.si\/sl\/wp-json\/wp\/v2\/types\/product"}],"replies":[{"embeddable":true,"href":"https:\/\/www.budoshop.si\/sl\/wp-json\/wp\/v2\/comments?post=96549"}],"wp:featuredmedia":[{"embeddable":true,"href":"https:\/\/www.budoshop.si\/sl\/wp-json\/wp\/v2\/media\/118771"}],"wp:attachment":[{"href":"https:\/\/www.budoshop.si\/sl\/wp-json\/wp\/v2\/media?parent=96549"}],"wp:term":[{"taxonomy":"product_brand","embeddable":true,"href":"https:\/\/www.budoshop.si\/sl\/wp-json\/wp\/v2\/product_brand?post=96549"},{"taxonomy":"product_cat","embeddable":true,"href":"https:\/\/www.budoshop.si\/sl\/wp-json\/wp\/v2\/product_cat?post=96549"},{"taxonomy":"product_tag","embeddable":true,"href":"https:\/\/www.budoshop.si\/sl\/wp-json\/wp\/v2\/product_tag?post=96549"}],"curies":[{"name":"wp","href":"https:\/\/api.w.org\/{rel}","templated":true}]}}