{"id":96291,"date":"2022-09-23T10:15:41","date_gmt":"2022-09-23T10:15:41","guid":{"rendered":"https:\/\/budoshop.si\/?product=karate-rokavice-tokaido-kumite-white-novo"},"modified":"2026-02-13T10:36:45","modified_gmt":"2026-02-13T09:36:45","slug":"karate-rokavice-tokaido-kumite-white-novo","status":"publish","type":"product","link":"https:\/\/www.budoshop.si\/sl\/izdelek\/karate-rokavice-tokaido-kumite-white-novo\/","title":{"rendered":"Karate rokavice &#8221;Tokaido Kumite WHITE&#8221;"},"content":{"rendered":"<p><span style=\"color: #993300; font-size: 15px;\">Te lahke Tokaido Karate rokavice bele barve so bile zasnovane z namenom izbolj\u0161anja udobja in za\u0161\u010dite Kumite borcev. <span class=\"VIiyi\" lang=\"sl\"><span class=\"JLqJ4b ChMk0b C1N51c\"><span class=\"Q4iAWc\">Notranje jedro iz pene zagotavlja optimalno bla\u017eenje udarcev.<\/span><\/span><\/span> <span class=\"VIiyi\" lang=\"sl\"><span class=\"JLqJ4b ChMk0b\"><span class=\"Q4iAWc\">Na vodo in znoj odporna zunanja prevleka iz trpe\u017enega sinteti\u010dnega usnja, ki je enostavno za \u010di\u0161\u010denje in daje rokavicam potrebno stabilnost. <\/span><\/span><\/span>Trije elasti\u010dni trakovi za prste, dlani in zapestja zagotavljajo udobno prileganje. Rokavice so izredno lahke in udobne ter zagotavljajo odli\u010dno za\u0161\u010dito. <span class=\"VIiyi\" lang=\"sl\"><span class=\"JLqJ4b ChMk0b C1N51c\"><span class=\"Q4iAWc\">Tokavice so idealne za treninge in tekmovanja v tradicionalnem Karateju.<\/span><\/span><\/span><\/span><\/p>\n<p><span style=\"color: #993300; font-size: 15px;\"><strong>Kvaliteta, ki jo zagotavlja samo japonska TOKAIDO Karate znamka!<\/strong> <\/span><\/p>\n<p><span style=\"color: #993300; font-size: 15px;\">Velikosti: S &#8211; M &#8211; L &#8211; XL<\/span><\/p>\n","protected":false},"excerpt":{"rendered":"<p><span style=\"color: #003366;\"><strong>Bele Karate Kumite rokavice japonske blagovne znamke.<\/strong><\/span><\/p>\n","protected":false},"featured_media":107027,"comment_status":"open","ping_status":"closed","template":"","meta":[],"product_brand":[5598],"product_cat":[1029,817,949,1047],"product_tag":[],"class_list":{"0":"post-96291","1":"product","2":"type-product","3":"status-publish","4":"has-post-thumbnail","6":"product_brand-tokaido","7":"product_cat-karate-5","8":"product_cat-karate-in-jujitsu-rokavice","9":"product_cat-shureido-3","10":"product_cat-tokaido-1","11":"pa_velikost-l-sl-2","12":"pa_velikost-m-sl-2","13":"pa_velikost-s-sl-2","14":"pa_velikost-xl-sl","16":"first","17":"instock","18":"taxable","19":"shipping-taxable","20":"purchasable","21":"product-type-variable"},"_links":{"self":[{"href":"https:\/\/www.budoshop.si\/sl\/wp-json\/wp\/v2\/product\/96291","targetHints":{"allow":["GET"]}}],"collection":[{"href":"https:\/\/www.budoshop.si\/sl\/wp-json\/wp\/v2\/product"}],"about":[{"href":"https:\/\/www.budoshop.si\/sl\/wp-json\/wp\/v2\/types\/product"}],"replies":[{"embeddable":true,"href":"https:\/\/www.budoshop.si\/sl\/wp-json\/wp\/v2\/comments?post=96291"}],"wp:featuredmedia":[{"embeddable":true,"href":"https:\/\/www.budoshop.si\/sl\/wp-json\/wp\/v2\/media\/107027"}],"wp:attachment":[{"href":"https:\/\/www.budoshop.si\/sl\/wp-json\/wp\/v2\/media?parent=96291"}],"wp:term":[{"taxonomy":"product_brand","embeddable":true,"href":"https:\/\/www.budoshop.si\/sl\/wp-json\/wp\/v2\/product_brand?post=96291"},{"taxonomy":"product_cat","embeddable":true,"href":"https:\/\/www.budoshop.si\/sl\/wp-json\/wp\/v2\/product_cat?post=96291"},{"taxonomy":"product_tag","embeddable":true,"href":"https:\/\/www.budoshop.si\/sl\/wp-json\/wp\/v2\/product_tag?post=96291"}],"curies":[{"name":"wp","href":"https:\/\/api.w.org\/{rel}","templated":true}]}}