{"id":96251,"date":"2022-09-16T13:16:08","date_gmt":"2022-09-16T13:16:08","guid":{"rendered":"https:\/\/budoshop.si\/?product=teleskopska-palica-k-tac-novo"},"modified":"2024-04-18T08:21:47","modified_gmt":"2024-04-18T06:21:47","slug":"teleskopska-palica-k-tac-novo","status":"publish","type":"product","link":"https:\/\/www.budoshop.si\/sl\/izdelek\/teleskopska-palica-k-tac-novo\/","title":{"rendered":"Teleskopska palica &#8221;K-TAC&#8221;"},"content":{"rendered":"<p><span style=\"font-size: 15px; color: #993300;\">Tridelna vadbena teleskopska palica \u010drna barve. Iz ro\u010daja jo je mogo\u010de podalj\u0161ati s hitrim gibom roke, zlo\u017ei pa se jo tako, da se potisnite konico nazaj ob trdo povr\u0161ino. Palica je izdelana iz lahkega in trpe\u017enega Polipropilen materiala, rahlo upogljiva, s plasti\u010dnim kon\u010dnim pokrov\u010dkom in gumiranim rebrastim ro\u010dajem za bolj\u0161i oprijem. Primerna je za realisti\u010dni trening. Vklju\u010duje najlonsko futrolo za na pas in nastavljiv zapestni trak.<\/span><\/p>\n<p><span style=\"color: #993300; font-size: 15px;\">Dol\u017eina zaprta: cca. 24 cm<br \/>\nRaz\u0161irjena: cca. 55 cm<br \/>\nTe\u017ea: cca. 230 g<\/span><\/p>\n<p><span style=\"font-size: 15px; color: #993300;\">Barva: \u010drna<\/span><\/p>\n<p>&nbsp;<\/p>\n<p><span style=\"color: #993300; font-size: 11px;\">Opozorilo!<\/span><br \/>\n<span style=\"color: #993300; font-size: 11px;\">\u25ba Artikel je namenjen samo dekorativni uporabi oziroma osebnemu treningu borilnih ve\u0161\u010din.<\/span><br \/>\n<span style=\"color: #993300; font-size: 11px;\">\u25ba Po prodaji, prodajalec ni ve\u010d odgovoren za nikakr\u0161ne po\u0161kodbe, ki se lahko zgodijo zaradi napa\u010dne uporabe ali zanemarjanja teh opozoril. Novi lastnik prevzema popolno odgovornost za skrb in uporabo tega artikla.<\/span><br \/>\n<span style=\"color: #993300; font-size: 11px;\">\u25ba Vsakr\u0161na napa\u010dna uporaba ali nepazljivost lahko vam ali drugemu povzro\u010di resne po\u0161kodbe ali celo smrt!<\/span><br \/>\n<span style=\"color: #993300; font-size: 11px;\">\u25ba Ta artikel se v nobenem primeru ne sme uporabljati na drugi osebi!<\/span><\/p>\n<p><span style=\"font-size: 15px; color: #993300;\">\u00a0<\/span><\/p>\n","protected":false},"excerpt":{"rendered":"<p><span style=\"color: #003366;\"><strong>Profesionalna vadbena teleskopska palica.<\/strong><\/span><\/p>\n","protected":false},"featured_media":96256,"comment_status":"open","ping_status":"closed","template":"","meta":[],"product_brand":[5596],"product_cat":[1035,1043,1033,1031,1029,1061,983,1037,1039,1041,1107],"product_tag":[],"class_list":{"0":"post-96251","1":"product","2":"type-product","3":"status-publish","4":"has-post-thumbnail","6":"product_brand-kwon","7":"product_cat-aikido-kendo-iai-kobudo-1","8":"product_cat-boks-kickbox-tajski-boks-mma","9":"product_cat-ju-jitsujiu-jitsu-1","10":"product_cat-judo-1","11":"product_cat-karate-5","12":"product_cat-kwon-5","13":"product_cat-kwon-3","14":"product_cat-ninjutsu-3","15":"product_cat-taekwondo-3","16":"product_cat-tai-chi-kunf-fu-wu-shu-1","17":"product_cat-teleskopske-palice-1","19":"first","20":"instock","21":"taxable","22":"shipping-taxable","23":"purchasable","24":"product-type-simple"},"_links":{"self":[{"href":"https:\/\/www.budoshop.si\/sl\/wp-json\/wp\/v2\/product\/96251","targetHints":{"allow":["GET"]}}],"collection":[{"href":"https:\/\/www.budoshop.si\/sl\/wp-json\/wp\/v2\/product"}],"about":[{"href":"https:\/\/www.budoshop.si\/sl\/wp-json\/wp\/v2\/types\/product"}],"replies":[{"embeddable":true,"href":"https:\/\/www.budoshop.si\/sl\/wp-json\/wp\/v2\/comments?post=96251"}],"wp:featuredmedia":[{"embeddable":true,"href":"https:\/\/www.budoshop.si\/sl\/wp-json\/wp\/v2\/media\/96256"}],"wp:attachment":[{"href":"https:\/\/www.budoshop.si\/sl\/wp-json\/wp\/v2\/media?parent=96251"}],"wp:term":[{"taxonomy":"product_brand","embeddable":true,"href":"https:\/\/www.budoshop.si\/sl\/wp-json\/wp\/v2\/product_brand?post=96251"},{"taxonomy":"product_cat","embeddable":true,"href":"https:\/\/www.budoshop.si\/sl\/wp-json\/wp\/v2\/product_cat?post=96251"},{"taxonomy":"product_tag","embeddable":true,"href":"https:\/\/www.budoshop.si\/sl\/wp-json\/wp\/v2\/product_tag?post=96251"}],"curies":[{"name":"wp","href":"https:\/\/api.w.org\/{rel}","templated":true}]}}