{"id":96227,"date":"2022-09-16T12:34:33","date_gmt":"2022-09-16T12:34:33","guid":{"rendered":"https:\/\/budoshop.si\/?product=set-enojnih-scitnikov-za-zobe-novo"},"modified":"2026-02-02T13:41:25","modified_gmt":"2026-02-02T12:41:25","slug":"set-enojnih-scitnikov-za-zobe-novo","status":"publish","type":"product","link":"https:\/\/www.budoshop.si\/sl\/izdelek\/set-enojnih-scitnikov-za-zobe-novo\/","title":{"rendered":"Set enojnih \u0161\u010ditnikov za zobe"},"content":{"rendered":"<p><span style=\"color: #993300; font-size: 15px;\">Set priljubljenih samooblikovalnih \u0161\u010ditnikov za zgornjo vrsto zob. \u0160\u010ditnik za zobe oblikujemo tako, da ga namo\u010dimo v vro\u010do vodo, ga nataknemo na zobe, da se \u0161\u010ditnik oblikuje po njih, ga snamemo in ohladimo v hladni vodi. \u0160\u010ditnik bo tako popolnoma prilagojen zobovju in jih tako maksimalno \u0161\u010ditil. Prilo\u017eena \u0161katlica zagotavlja higiensko shranjevanje.<\/span><\/p>\n<p><span style=\"color: #993300; font-size: 15px;\">Material: etilen vinil acetat (EVA)<\/span><\/p>\n<p><span style=\"color: #993300; font-size: 15px;\">Primerno za vse borilne in druge \u0161porte.<\/span><\/p>\n<p><span style=\"color: #993300; font-size: 15px;\">V setu so trije \u0161\u010ditniki za zobe transparentne barve (brez \u0161katlice).<\/span><\/p>\n<p><span style=\"color: #993300; font-size: 15px;\"> Velikost: SR<\/span><\/p>\n","protected":false},"excerpt":{"rendered":"<p><span style=\"color: #003366;\"><strong>Set treh samooblikovalnih \u0161\u010ditnikov za zobe.<\/strong><\/span><\/p>\n","protected":false},"featured_media":96233,"comment_status":"open","ping_status":"closed","template":"","meta":[],"product_brand":[5596],"product_cat":[1043,1033,1029,983,1061,903,1039],"product_tag":[],"class_list":{"0":"post-96227","1":"product","2":"type-product","3":"status-publish","4":"has-post-thumbnail","6":"product_brand-kwon","7":"product_cat-boks-kickbox-tajski-boks-mma","8":"product_cat-ju-jitsujiu-jitsu-1","9":"product_cat-karate-5","10":"product_cat-kwon-3","11":"product_cat-kwon-5","12":"product_cat-scitniki-za-zobe","13":"product_cat-taekwondo-3","15":"first","16":"instock","17":"taxable","18":"shipping-taxable","19":"purchasable","20":"product-type-simple"},"_links":{"self":[{"href":"https:\/\/www.budoshop.si\/sl\/wp-json\/wp\/v2\/product\/96227","targetHints":{"allow":["GET"]}}],"collection":[{"href":"https:\/\/www.budoshop.si\/sl\/wp-json\/wp\/v2\/product"}],"about":[{"href":"https:\/\/www.budoshop.si\/sl\/wp-json\/wp\/v2\/types\/product"}],"replies":[{"embeddable":true,"href":"https:\/\/www.budoshop.si\/sl\/wp-json\/wp\/v2\/comments?post=96227"}],"wp:featuredmedia":[{"embeddable":true,"href":"https:\/\/www.budoshop.si\/sl\/wp-json\/wp\/v2\/media\/96233"}],"wp:attachment":[{"href":"https:\/\/www.budoshop.si\/sl\/wp-json\/wp\/v2\/media?parent=96227"}],"wp:term":[{"taxonomy":"product_brand","embeddable":true,"href":"https:\/\/www.budoshop.si\/sl\/wp-json\/wp\/v2\/product_brand?post=96227"},{"taxonomy":"product_cat","embeddable":true,"href":"https:\/\/www.budoshop.si\/sl\/wp-json\/wp\/v2\/product_cat?post=96227"},{"taxonomy":"product_tag","embeddable":true,"href":"https:\/\/www.budoshop.si\/sl\/wp-json\/wp\/v2\/product_tag?post=96227"}],"curies":[{"name":"wp","href":"https:\/\/api.w.org\/{rel}","templated":true}]}}