{"id":96141,"date":"2022-09-15T11:29:19","date_gmt":"2022-09-15T11:29:19","guid":{"rendered":"https:\/\/budoshop.si\/?product=kendo-gi-jakna-black"},"modified":"2023-09-22T13:26:33","modified_gmt":"2023-09-22T11:26:33","slug":"kendo-gi-jakna-black","status":"publish","type":"product","link":"https:\/\/www.budoshop.si\/sl\/izdelek\/kendo-gi-jakna-black\/","title":{"rendered":"Kendo Gi jakna &#8221;BLACK&#8221;"},"content":{"rendered":"<p style=\"text-align: justify;\"><span style=\"color: #993300; font-size: 15px;\">Tradicionalni Kendo Keiko Gi jakna je izdelana iz mo\u010dnej\u0161ega zrnastega 100% bomba\u017ea, ki se nosi skupaj s Hakama hla\u010dnim krilom. Izbrani material zagotavlja stopnjo za\u0161\u010dite pred zgre\u0161enimi udarci, s katerimi se sre\u010dujejo v Kendo vadbi in tekmovanjih. Kvaliteta materiala tudi pomaga absorbirati znojenje in pospe\u0161uje su\u0161enje. Artikel je \u010drne barve. Primerno tudi za u\u010ditelje in u\u010dence Aikido-ja, Kyudo-ja, Ninjutsu-ja in sorodnih ve\u0161\u010din.<\/span><\/p>\n<p><span style=\"font-size: small; color: #993300;\"><span style=\"font-size: 15px;\">Velikosti: 160 &#8211; 190cm.<\/span> <\/span><\/p>\n<p><span style=\"font-size: 11px; color: #993300;\">Pozor! Jakna ni oprana in se lahko pri prvem pranju skr\u010di za cca. 3 %.<\/span><\/p>\n","protected":false},"excerpt":{"rendered":"<p><strong><span style=\"color: #002060;\">Tradicionalna Kendo Gi jakna \u010drne barve.<\/span><\/strong><\/p>\n","protected":false},"featured_media":110906,"comment_status":"open","ping_status":"closed","template":"","meta":[],"product_brand":[5600],"product_cat":[681,1035,977,1055],"product_tag":[],"class_list":{"0":"post-96141","1":"product","2":"type-product","3":"status-publish","4":"has-post-thumbnail","6":"product_brand-yari-no-hanzo","7":"product_cat-aikido-kendo-oblacila","8":"product_cat-aikido-kendo-iai-kobudo-1","9":"product_cat-yari-no-hanzo-1","10":"product_cat-yari-no-hanzo-3","11":"pa_velikost-160-cm-sl","12":"pa_velikost-170-cm-sl","13":"pa_velikost-180-cm-sl","14":"pa_velikost-190-cm-sl","16":"first","17":"instock","18":"taxable","19":"shipping-taxable","20":"purchasable","21":"product-type-variable"},"_links":{"self":[{"href":"https:\/\/www.budoshop.si\/sl\/wp-json\/wp\/v2\/product\/96141","targetHints":{"allow":["GET"]}}],"collection":[{"href":"https:\/\/www.budoshop.si\/sl\/wp-json\/wp\/v2\/product"}],"about":[{"href":"https:\/\/www.budoshop.si\/sl\/wp-json\/wp\/v2\/types\/product"}],"replies":[{"embeddable":true,"href":"https:\/\/www.budoshop.si\/sl\/wp-json\/wp\/v2\/comments?post=96141"}],"wp:featuredmedia":[{"embeddable":true,"href":"https:\/\/www.budoshop.si\/sl\/wp-json\/wp\/v2\/media\/110906"}],"wp:attachment":[{"href":"https:\/\/www.budoshop.si\/sl\/wp-json\/wp\/v2\/media?parent=96141"}],"wp:term":[{"taxonomy":"product_brand","embeddable":true,"href":"https:\/\/www.budoshop.si\/sl\/wp-json\/wp\/v2\/product_brand?post=96141"},{"taxonomy":"product_cat","embeddable":true,"href":"https:\/\/www.budoshop.si\/sl\/wp-json\/wp\/v2\/product_cat?post=96141"},{"taxonomy":"product_tag","embeddable":true,"href":"https:\/\/www.budoshop.si\/sl\/wp-json\/wp\/v2\/product_tag?post=96141"}],"curies":[{"name":"wp","href":"https:\/\/api.w.org\/{rel}","templated":true}]}}