{"id":96075,"date":"2022-09-07T12:17:47","date_gmt":"2022-09-07T12:17:47","guid":{"rendered":"https:\/\/budoshop.si\/?product=set-profesionalnih-boksarskih-refleks-zogic-novo"},"modified":"2024-03-27T18:27:54","modified_gmt":"2024-03-27T17:27:54","slug":"set-profesionalnih-boksarskih-refleks-zogic-novo","status":"publish","type":"product","link":"https:\/\/www.budoshop.si\/sl\/izdelek\/set-profesionalnih-boksarskih-refleks-zogic-novo\/","title":{"rendered":"Set profesionalnih boksarskih refleks \u017eogic"},"content":{"rendered":"<p><span class=\"VIiyi\" lang=\"sl\" style=\"color: #993300; font-size: 15px;\"><span class=\"JLqJ4b ChMk0b\" data-language-for-alternatives=\"sl\" data-language-to-translate-into=\"en\" data-phrase-index=\"0\" data-number-of-phrases=\"7\"><span class=\"Q4iAWc\">Boksarska refleks \u017eogica je popoln pripomo\u010dek za trening boksa, MMA in drugih borilnih ve\u0161\u010din.<\/span><\/span> <span class=\"JLqJ4b ChMk0b\" data-language-for-alternatives=\"sl\" data-language-to-translate-into=\"en\" data-phrase-index=\"1\" data-number-of-phrases=\"7\"><span class=\"Q4iAWc\">Visoko zahteven trening z refleks \u017eogico bo pove\u010dal va\u0161o hitrost in sposobnost odzivanja, hkrati pa izbolj\u0161al koordinacijo, okrepil mi\u0161ice in izbolj\u0161ati koncentracijo.<\/span><\/span> <span class=\"JLqJ4b ChMk0b\" data-language-for-alternatives=\"sl\" data-language-to-translate-into=\"en\" data-phrase-index=\"2\" data-number-of-phrases=\"7\"><span class=\"Q4iAWc\">Boksarsko refleks \u017eogico lahko uporabljajo za\u010detniki ali profesionalci.<\/span><\/span> <span class=\"JLqJ4b ChMk0b\" data-language-for-alternatives=\"sl\" data-language-to-translate-into=\"en\" data-phrase-index=\"3\" data-number-of-phrases=\"7\"><span class=\"Q4iAWc\">Zaradi enostavnega rokovanja lahko refleksno \u017eogico uporabljate skoraj povsod, bodisi kot ogrevanje pred za\u010detkom treninga v telovadnici, doma, med treningom ali na poti.<\/span><\/span> <\/span><\/p>\n<p><span style=\"font-size: 15px; color: #993300;\">Set vklju\u010duje: <\/span><br \/>\n<span style=\"font-size: 15px; color: #993300;\">&#8211; 2x prilagodljiv naglavni trak; <\/span><br \/>\n<span style=\"font-size: 15px; color: #993300;\">&#8211; <span class=\"JLqJ4b ChMk0b\" data-language-for-alternatives=\"sl\" data-language-to-translate-into=\"en\" data-phrase-index=\"6\" data-number-of-phrases=\"7\"><span class=\"Q4iAWc\">4 \u017eogice z elasti\u010dnim trakom<br \/>\n&#8211; rezervne vrvice<br \/>\n&#8211; prenosna torbica<\/span><\/span><\/span><\/p>\n<p><span class=\"VIiyi\"><span class=\"VIiyi\"><span class=\"VIiyi\"><span style=\"color: #993300;\">Te\u017ee \u017eogic: 30g (rde\u010da. \u010drna in rumena), 40g (zelena)<\/span><br \/>\n<\/span><\/span><span class=\"VIiyi\"><span class=\"VIiyi\"><br \/>\n<\/span><\/span><\/span><\/p>\n","protected":false},"excerpt":{"rendered":"<p><span style=\"color: #003366;\"><strong>Set \u0161tirih profesionalnih boksarskih refleks \u017eogic.<\/strong><\/span><\/p>\n","protected":false},"featured_media":96081,"comment_status":"open","ping_status":"closed","template":"","meta":[],"product_brand":[5596],"product_cat":[1043,751,1029,1061,983,1125,1039],"product_tag":[],"class_list":{"0":"post-96075","1":"product","2":"type-product","3":"status-publish","4":"has-post-thumbnail","6":"product_brand-kwon","7":"product_cat-boks-kickbox-tajski-boks-mma","8":"product_cat-punching-ball-1","9":"product_cat-karate-5","10":"product_cat-kwon-5","11":"product_cat-kwon-3","12":"product_cat-pripomocki-za-fitness","13":"product_cat-taekwondo-3","15":"first","16":"instock","17":"taxable","18":"shipping-taxable","19":"purchasable","20":"product-type-simple"},"_links":{"self":[{"href":"https:\/\/www.budoshop.si\/sl\/wp-json\/wp\/v2\/product\/96075","targetHints":{"allow":["GET"]}}],"collection":[{"href":"https:\/\/www.budoshop.si\/sl\/wp-json\/wp\/v2\/product"}],"about":[{"href":"https:\/\/www.budoshop.si\/sl\/wp-json\/wp\/v2\/types\/product"}],"replies":[{"embeddable":true,"href":"https:\/\/www.budoshop.si\/sl\/wp-json\/wp\/v2\/comments?post=96075"}],"wp:featuredmedia":[{"embeddable":true,"href":"https:\/\/www.budoshop.si\/sl\/wp-json\/wp\/v2\/media\/96081"}],"wp:attachment":[{"href":"https:\/\/www.budoshop.si\/sl\/wp-json\/wp\/v2\/media?parent=96075"}],"wp:term":[{"taxonomy":"product_brand","embeddable":true,"href":"https:\/\/www.budoshop.si\/sl\/wp-json\/wp\/v2\/product_brand?post=96075"},{"taxonomy":"product_cat","embeddable":true,"href":"https:\/\/www.budoshop.si\/sl\/wp-json\/wp\/v2\/product_cat?post=96075"},{"taxonomy":"product_tag","embeddable":true,"href":"https:\/\/www.budoshop.si\/sl\/wp-json\/wp\/v2\/product_tag?post=96075"}],"curies":[{"name":"wp","href":"https:\/\/api.w.org\/{rel}","templated":true}]}}