{"id":96057,"date":"2022-09-02T11:28:40","date_gmt":"2022-09-02T11:28:40","guid":{"rendered":"https:\/\/budoshop.si\/?product=koordinacijska-hitrostna-lestev-novo"},"modified":"2026-03-26T11:34:01","modified_gmt":"2026-03-26T10:34:01","slug":"koordinacijska-hitrostna-lestev-novo-1","status":"publish","type":"product","link":"https:\/\/www.budoshop.si\/sl\/izdelek\/koordinacijska-hitrostna-lestev-novo-1\/","title":{"rendered":"Koordinacijska hitrostna lestev"},"content":{"rendered":"<p><span style=\"color: #993300; font-size: 15px;\">Koordinacijska hitrostna lestev za vadbo je odli\u010den \u0161portni pripomo\u010dek tako za trening motorike in gibljivosti telesa kot kondicije, uporablja pa se jo lahko tudi za ogrevanje in rehabilitacijo. Z uporabo koordinacijske lestve se razvija hitrost, pospe\u0161ke gibanja nog, pre\u010dno gibanje in nenadno spreminjanje smeri. Zato je koordinacijska lestev primerna tako za vadbo borilnih ve\u0161\u010din kot vseh drugih \u0161portov.<\/span><\/p>\n<p><span style=\"color: #993300; font-size: 15px;\">Na koordinacijski hitrostni lestvi je 15 letvic, ki se jih lahko poljubno razporedi na dol\u017eini 6m dolgega povezovalnega traku izdelanega iz 100% poliestra. Letvice so \u0161iroke 50cm in izdelane iz 100% ABS plastike. Zunaj na travnatih ali pe\u0161\u010denih tleh pa se lestev lahko pritrdi s prilo\u017eenima dvema klinoma. Poseben patent omogo\u010da sestavljanja ve\u010d lestev skupaj.<\/span><\/p>\n","protected":false},"excerpt":{"rendered":"<p><span style=\"color: #003366;\"><strong>Koordinacijska hitrostna lestev za trening borilnih \u0161portov.<\/strong><\/span><\/p>\n","protected":false},"featured_media":96063,"comment_status":"open","ping_status":"closed","template":"","meta":[],"product_brand":[5595],"product_cat":[1043,1033,5406,5405,1031,1029,1125,1039],"product_tag":[],"class_list":{"0":"post-96057","1":"product","2":"type-product","3":"status-publish","4":"has-post-thumbnail","6":"product_brand-ju-sports","7":"product_cat-boks-kickbox-tajski-boks-mma","8":"product_cat-ju-jitsujiu-jitsu-1","9":"product_cat-ju-sports-2","10":"product_cat-ju-sports","11":"product_cat-judo-1","12":"product_cat-karate-5","13":"product_cat-pripomocki-za-fitness","14":"product_cat-taekwondo-3","16":"first","17":"instock","18":"taxable","19":"shipping-taxable","20":"purchasable","21":"product-type-simple"},"_links":{"self":[{"href":"https:\/\/www.budoshop.si\/sl\/wp-json\/wp\/v2\/product\/96057","targetHints":{"allow":["GET"]}}],"collection":[{"href":"https:\/\/www.budoshop.si\/sl\/wp-json\/wp\/v2\/product"}],"about":[{"href":"https:\/\/www.budoshop.si\/sl\/wp-json\/wp\/v2\/types\/product"}],"replies":[{"embeddable":true,"href":"https:\/\/www.budoshop.si\/sl\/wp-json\/wp\/v2\/comments?post=96057"}],"wp:featuredmedia":[{"embeddable":true,"href":"https:\/\/www.budoshop.si\/sl\/wp-json\/wp\/v2\/media\/96063"}],"wp:attachment":[{"href":"https:\/\/www.budoshop.si\/sl\/wp-json\/wp\/v2\/media?parent=96057"}],"wp:term":[{"taxonomy":"product_brand","embeddable":true,"href":"https:\/\/www.budoshop.si\/sl\/wp-json\/wp\/v2\/product_brand?post=96057"},{"taxonomy":"product_cat","embeddable":true,"href":"https:\/\/www.budoshop.si\/sl\/wp-json\/wp\/v2\/product_cat?post=96057"},{"taxonomy":"product_tag","embeddable":true,"href":"https:\/\/www.budoshop.si\/sl\/wp-json\/wp\/v2\/product_tag?post=96057"}],"curies":[{"name":"wp","href":"https:\/\/api.w.org\/{rel}","templated":true}]}}