{"id":95929,"date":"2022-09-02T09:30:33","date_gmt":"2022-09-02T09:30:33","guid":{"rendered":"https:\/\/budoshop.si\/?product=brazilian-jiu-jitsu-gi-kimono-white-novo"},"modified":"2026-04-15T09:09:24","modified_gmt":"2026-04-15T07:09:24","slug":"brazilian-jiu-jitsu-gi-kimono-white-novo","status":"publish","type":"product","link":"https:\/\/www.budoshop.si\/sl\/izdelek\/brazilian-jiu-jitsu-gi-kimono-white-novo\/","title":{"rendered":"Brazilian Jiu-jitsu Gi (Kimono) &#8221;WHITE&#8221;"},"content":{"rendered":"<p><span style=\"font-size: 15px; color: #993300;\">To belo Brazlian Jiu-jitsu (BJJ) Kimono je izdelano iz trpe\u017enega polibomba\u017e materiala (65% poliester\/35% bomba\u017e) po tradicionalnem BJJ kroju. Jakna je izdelana iz 300-350g\/m<sup>2<\/sup> posebno oja\u010danega materiala vrhunskega premium bisernega zrnastega tkanja z dodatno oja\u010danimi reverji in rameni. Hla\u010de pa so izdelane iz 200g\/m<sup>2<\/sup> trpe\u017ene tkanine z vrvico v pasu in dvojno plastjo vzdol\u017e ve\u010djega dela prednje strani. Kimono je tako primerno za najtr\u0161i vsakodnevni BJJ trening, <span class=\"VIiyi\" lang=\"sl\"><span class=\"JLqJ4b ChMk0b\" data-language-for-alternatives=\"sl\" data-language-to-translate-into=\"en\" data-phrase-index=\"0\" data-number-of-phrases=\"1\"><span class=\"Q4iAWc\">idealen pa tudi za Ju jutsu trening!<\/span><\/span><\/span><\/span><br \/>\n<span style=\"font-size: 15px;\"><span style=\"color: #993300;\">Set vklju\u010duje hla\u010de z vrvico v pasu in jakno zrnastega tkanja.<br \/>\nB<\/span><span style=\"color: #993300;\">ele barve s \u010drnimi kontrastnimi \u0161ivi, brez na\u0161itkov.<\/span><\/span><\/p>\n<p><span style=\"font-size: 15px; color: #993300;\"><b>Priporo\u010damo, da na\u0161e BJJ uniforme perete v hladni vodi in jih ne su\u0161ite v su\u0161ilnem stroju!<\/b><\/span><\/p>\n<p><span style=\"font-size: 15px; color: #993300;\"> Vi\u0161ine: 160cm (A1) \u2013 170cm (A2) &#8211; 180cm (A3) \u2013 190cm (A4).<br \/>\nTe\u017ea: jakna 300-350 g \/ m\u00b2, hla\u010de 200 g \/ m\u00b2<br \/>\n<\/span><\/p>\n<p><span style=\"font-size: 11px; color: #993300;\"> Pozor! Kimono ni predprano in se lahko pri prvem pranju skr\u010di za cca. 3%.<\/span><\/p>\n","protected":false},"excerpt":{"rendered":"<p><span style=\"color: #003366;\"><strong>Bela BJJ uniforma za vsakdanjo rabo.<\/strong><\/span><\/p>\n","protected":false},"featured_media":121748,"comment_status":"open","ping_status":"closed","template":"","meta":[],"product_brand":[5607],"product_cat":[1033,919,985,1063],"product_tag":[],"class_list":{"0":"post-95929","1":"product","2":"type-product","3":"status-publish","4":"has-post-thumbnail","6":"product_brand-danhro","7":"product_cat-ju-jitsujiu-jitsu-1","8":"product_cat-ju-jitsu-kimona","9":"product_cat-danrho-1","10":"product_cat-danhro-1","11":"pa_velikost-160-cm-sl","12":"pa_velikost-170-cm-sl","13":"pa_velikost-180-cm-sl","14":"pa_velikost-190-cm-sl","16":"first","17":"instock","18":"taxable","19":"shipping-taxable","20":"purchasable","21":"product-type-variable"},"_links":{"self":[{"href":"https:\/\/www.budoshop.si\/sl\/wp-json\/wp\/v2\/product\/95929","targetHints":{"allow":["GET"]}}],"collection":[{"href":"https:\/\/www.budoshop.si\/sl\/wp-json\/wp\/v2\/product"}],"about":[{"href":"https:\/\/www.budoshop.si\/sl\/wp-json\/wp\/v2\/types\/product"}],"replies":[{"embeddable":true,"href":"https:\/\/www.budoshop.si\/sl\/wp-json\/wp\/v2\/comments?post=95929"}],"wp:featuredmedia":[{"embeddable":true,"href":"https:\/\/www.budoshop.si\/sl\/wp-json\/wp\/v2\/media\/121748"}],"wp:attachment":[{"href":"https:\/\/www.budoshop.si\/sl\/wp-json\/wp\/v2\/media?parent=95929"}],"wp:term":[{"taxonomy":"product_brand","embeddable":true,"href":"https:\/\/www.budoshop.si\/sl\/wp-json\/wp\/v2\/product_brand?post=95929"},{"taxonomy":"product_cat","embeddable":true,"href":"https:\/\/www.budoshop.si\/sl\/wp-json\/wp\/v2\/product_cat?post=95929"},{"taxonomy":"product_tag","embeddable":true,"href":"https:\/\/www.budoshop.si\/sl\/wp-json\/wp\/v2\/product_tag?post=95929"}],"curies":[{"name":"wp","href":"https:\/\/api.w.org\/{rel}","templated":true}]}}