{"id":95900,"date":"2022-07-07T11:31:55","date_gmt":"2022-07-07T11:31:55","guid":{"rendered":"https:\/\/budoshop.si\/?product=samostojeca-hitra-zoga-z-vrteco-refleksno-oviro-novo"},"modified":"2026-01-08T09:33:19","modified_gmt":"2026-01-08T08:33:19","slug":"samostojeca-hitra-zoga-z-vrteco-refleksno-oviro-novo","status":"publish","type":"product","link":"https:\/\/www.budoshop.si\/sl\/izdelek\/samostojeca-hitra-zoga-z-vrteco-refleksno-oviro-novo\/","title":{"rendered":"Samostoje\u010da hitra \u017eoga z vrte\u010do refleksno oviro"},"content":{"rendered":"<p><span style=\"color: #993300; font-size: 15px;\">Popolnoma nova profesionalna boksarska samostoje\u010da hitra \u017eoga-hru\u0161ka z vrte\u010do oviro je odli\u010den pripomo\u010dek za treniranje va\u0161e reakcije, natan\u010dnosti, koordinacije in agilnosti. Z njim boste izpopolnili svojo hitrost udarcev, tehnike, gibanje, kombinacije in \u0161e ve\u010d.<\/span><\/p>\n<p><span style=\"color: #993300; font-size: 15px;\">Ta boksarska hitra \u017eoga z vrte\u010do oviro je bila preoblikovana in je zdaj hitrej\u0161a kot kdaj koli prej, da zagotovi \u0161e ve\u010d prednosti tako tekmovalnim \u0161portnikom kot fitnesom navdu\u0161encem. Priro\u010dno se jo lahko namestiti kamorkoli jo potrebujete, naj bo to v telovadnici, doma\u010dem prostoru za vadbo ali celo va\u0161i pisarni. Ta boksarska hitra \u017eoga z vrte\u010do oviro je primerna tako za profesionalno kot amatersko rabo.<br \/>\n<\/span><\/p>\n<p><span style=\"font-size: 15px; color: #993300;\">Pripomo\u010dek je sestavljen iz:<br \/>\n&#8211; napihljive usnjene hitrostne \u017eoge (tla\u010dilka prilo\u017eena) na vzmeti, ki je odporna proti obrabi, proti staranju, vzdr\u017eljiva za uporabo ter udobna za roke. Povezovalna vzmet z mo\u010dnim odbojem dose\u017ee 90 stopinj in jo je mogo\u010de hitro povrniti v prvotno stanje, hitra odzivna zasnova pomaga pove\u010dati hitrost udarca in elasti\u010dnost mi\u0161ic.<br \/>\n&#8211; reakcijske vrte\u010de oblazinjene palice, ki se vrti za 360\u00b0 in je vi\u0161insko nastavljiva. Ta je odli\u010dna za urjenje reakcije, refleksov natan\u010dnosti, agilnosti ter koordinacije o\u010di in rok. S prilagodljivo 360-stopinjsko vrte\u010do palico ne samo da se lahko razgiba mi\u0161ice rok, izgubi te\u017eo, ampak tudi izbolj\u0161a koordinacijo in hitrost reakcije ter laj\u0161a stres.<br \/>\n&#8211; vi\u0161insko nastavljivega kovinskega stojala, ki je deloma oblo\u017een in tako primeren tudi za udarce z nogo ali kolenom. Stojalo je nastavljivo od vi\u0161ine 149 do 187cm tako, da je primeren za uporabnike razli\u010dnih starosti ter vi\u0161in in ustreza vsakomur. Odli\u010dno za klube zdravja, telovadnice, boksarske klube, dom itd. Kompaktno zasnovo je enostavno shraniti v kotih in prihraniti prostor.<br \/>\n&#8211; velikega in stabilnega plasti\u010dnega podno\u017eja, ki ga je za stabilizacijo mo\u010d napolniti z vodo ali peskom.<br \/>\n<\/span><\/p>\n<p>&nbsp;<\/p>\n<p><span style=\"font-size: 15px; color: #993300;\">Karakteristike:<\/span><br \/>\n<span style=\"font-size: 15px; color: #993300;\">\u2022 nastavljiva vi\u0161ina: 149-187 cm<\/span><br \/>\n<span style=\"font-size: 15px; color: #993300;\">\u2022 hitra \u017eoga: \u00d820 cm x 26 cm<\/span><br \/>\n<span style=\"font-size: 15px; color: #993300;\">\u2022 vrte\u010da palica: \u00d84.5 cm x 66 cm<\/span><br \/>\n<span style=\"font-size: 15px; color: #993300;\">\u2022 podno\u017eje: \u00d850 cm<\/span><br \/>\n<span style=\"font-size: 15px; color: #993300;\">\u2022 te\u017ea polnega podno\u017eja: cca 57 kg<\/span><\/p>\n","protected":false},"excerpt":{"rendered":"<p><span style=\"color: #002060;\"><strong>Profesionalna samostoje\u010da boksarska hitra \u017eoga-hru\u0161ka z vrtljivo reakcijsko palico.<br \/>\n<\/strong><\/span><\/p>\n","protected":false},"featured_media":113842,"comment_status":"open","ping_status":"closed","template":"","meta":[],"product_brand":[],"product_cat":[1043,751,1029,1075,1083,1039,1041],"product_tag":[],"class_list":{"0":"post-95900","1":"product","2":"type-product","3":"status-publish","4":"has-post-thumbnail","6":"product_cat-boks-kickbox-tajski-boks-mma","7":"product_cat-punching-ball-1","8":"product_cat-karate-5","9":"product_cat-pride-1","10":"product_cat-pride-3","11":"product_cat-taekwondo-3","12":"product_cat-tai-chi-kunf-fu-wu-shu-1","14":"first","15":"instock","16":"taxable","17":"shipping-taxable","18":"purchasable","19":"product-type-simple"},"_links":{"self":[{"href":"https:\/\/www.budoshop.si\/sl\/wp-json\/wp\/v2\/product\/95900","targetHints":{"allow":["GET"]}}],"collection":[{"href":"https:\/\/www.budoshop.si\/sl\/wp-json\/wp\/v2\/product"}],"about":[{"href":"https:\/\/www.budoshop.si\/sl\/wp-json\/wp\/v2\/types\/product"}],"replies":[{"embeddable":true,"href":"https:\/\/www.budoshop.si\/sl\/wp-json\/wp\/v2\/comments?post=95900"}],"wp:featuredmedia":[{"embeddable":true,"href":"https:\/\/www.budoshop.si\/sl\/wp-json\/wp\/v2\/media\/113842"}],"wp:attachment":[{"href":"https:\/\/www.budoshop.si\/sl\/wp-json\/wp\/v2\/media?parent=95900"}],"wp:term":[{"taxonomy":"product_brand","embeddable":true,"href":"https:\/\/www.budoshop.si\/sl\/wp-json\/wp\/v2\/product_brand?post=95900"},{"taxonomy":"product_cat","embeddable":true,"href":"https:\/\/www.budoshop.si\/sl\/wp-json\/wp\/v2\/product_cat?post=95900"},{"taxonomy":"product_tag","embeddable":true,"href":"https:\/\/www.budoshop.si\/sl\/wp-json\/wp\/v2\/product_tag?post=95900"}],"curies":[{"name":"wp","href":"https:\/\/api.w.org\/{rel}","templated":true}]}}