{"id":95851,"date":"2022-06-14T13:33:28","date_gmt":"2022-06-14T13:33:28","guid":{"rendered":"https:\/\/budoshop.si\/?product=kompresijske-hlace-zebra-long"},"modified":"2026-02-11T08:06:19","modified_gmt":"2026-02-11T07:06:19","slug":"kompresijske-hlace-zebra-long","status":"publish","type":"product","link":"https:\/\/www.budoshop.si\/sl\/izdelek\/kompresijske-hlace-zebra-long\/","title":{"rendered":"Kompresijske hla\u010de &#8221;Zebra LONG&#8221; &#8211; V AKCIJI!!!"},"content":{"rendered":"<p><span style=\"font-size: 15px; color: #993300;\">Dolge \u0161portne kompresijske hla\u010de so izdelane iz trpe\u017enega elasti\u010dnega materiala (73% recikliran poliester\/ 27% elastan), ki nudi u\u010dinek &#8216;druge ko\u017ee&#8217; in nudi maksimalno svobodo gibanja. Hla\u010de imajo posebne plo\u0161\u010date \u0161ive, ki prepre\u010dujejo neprijetno dra\u017eenje ko\u017ee, hkrati pa so \u010dvrsti in vzdr\u017eljivi.\u00a0<span class=\"VIiyi\" lang=\"sl\"><span class=\"JLqJ4b ChMk0b\" data-language-for-alternatives=\"sl\" data-language-to-translate-into=\"ja\" data-phrase-index=\"0\" data-number-of-phrases=\"1\"><span class=\"Q4iAWc\">\u0160irok pas z nedrse\u010dimi gumijastimi konicami na notranji strani<\/span><\/span><\/span>.<\/span><\/p>\n<p><span style=\"font-size: 15px; color: #993300;\">Material, ki je bil posebej izdelan za nas na telo deluje tako, da stisne \u017eile in tako lahko pove\u010da pretok krvi, zaradi \u010desar postanejo va\u0161e noge in roke lahkotnej\u0161e. Ta kompresija med treningom zagotavlja tudi stabilizacijski u\u010dinek. Zato je natan\u010dno prileganje majice telesu klju\u010dnega pomena, da se ti pozitivni u\u010dinki rashguard majice lahko razkrijejo! Tudi po treningu kompresijski u\u010dinek pripomore k bolj\u0161emu odstranjevanju presnovnih odpadkov in hitrej\u0161emu obnavljanju zalog energije. Pri treningu in vsakdanjem \u017eivljenju kompresija pomaga pove\u010dati mo\u010d in dobro po\u010dutje! Zato so rashguard majice idealne za fitnes. MMA, BJJ in druge borilne ve\u0161\u010dine.<\/span><\/p>\n<p><span style=\"font-size: 15px; color: #993300;\">Kompresijske hla\u010de Zebra so bile razvite v sodelovanju z enim izmed vodilnih proizvajalcev tkanin, ki jih je mogo\u010de reciklirati. <\/span><br \/>\n<span style=\"font-size: 15px; color: #993300;\"> \u010crne barve s sublimirani logotipi, ki ne zbledijo. Unisex.<br \/>\n<\/span><\/p>\n<p><span style=\"font-size: 15px; color: #993300;\">Velikosti: S \u2013 M \u2013 L \u2013 XL<\/span><\/p>\n","protected":false},"excerpt":{"rendered":"<p><span style=\"color: #003366;\"><strong>Dolge \u010drne \u0161portne kompresijske hla\u010de znamke Zebra.<\/strong><\/span><\/p>\n","protected":false},"featured_media":95855,"comment_status":"open","ping_status":"closed","template":"","meta":[],"product_brand":[5599],"product_cat":[1027,1043,907,1033,1031,1029,685,1133,1039,1103,1105],"product_tag":[],"class_list":{"0":"post-95851","1":"product","2":"type-product","3":"status-publish","4":"has-post-thumbnail","6":"product_brand-zebra","7":"product_cat-v-akciji-2","8":"product_cat-boks-kickbox-tajski-boks-mma","9":"product_cat-hlace","10":"product_cat-ju-jitsujiu-jitsu-1","11":"product_cat-judo-1","12":"product_cat-karate-5","13":"product_cat-ostalo","14":"product_cat-rashguard-1","15":"product_cat-taekwondo-3","16":"product_cat-zebra-1","17":"product_cat-zebra-3","18":"pa_velikost-l-sl-2","19":"pa_velikost-m-sl-2","20":"pa_velikost-s-sl-2","21":"pa_velikost-xl-sl","23":"first","24":"instock","25":"sale","26":"taxable","27":"shipping-taxable","28":"purchasable","29":"product-type-variable"},"_links":{"self":[{"href":"https:\/\/www.budoshop.si\/sl\/wp-json\/wp\/v2\/product\/95851","targetHints":{"allow":["GET"]}}],"collection":[{"href":"https:\/\/www.budoshop.si\/sl\/wp-json\/wp\/v2\/product"}],"about":[{"href":"https:\/\/www.budoshop.si\/sl\/wp-json\/wp\/v2\/types\/product"}],"replies":[{"embeddable":true,"href":"https:\/\/www.budoshop.si\/sl\/wp-json\/wp\/v2\/comments?post=95851"}],"wp:featuredmedia":[{"embeddable":true,"href":"https:\/\/www.budoshop.si\/sl\/wp-json\/wp\/v2\/media\/95855"}],"wp:attachment":[{"href":"https:\/\/www.budoshop.si\/sl\/wp-json\/wp\/v2\/media?parent=95851"}],"wp:term":[{"taxonomy":"product_brand","embeddable":true,"href":"https:\/\/www.budoshop.si\/sl\/wp-json\/wp\/v2\/product_brand?post=95851"},{"taxonomy":"product_cat","embeddable":true,"href":"https:\/\/www.budoshop.si\/sl\/wp-json\/wp\/v2\/product_cat?post=95851"},{"taxonomy":"product_tag","embeddable":true,"href":"https:\/\/www.budoshop.si\/sl\/wp-json\/wp\/v2\/product_tag?post=95851"}],"curies":[{"name":"wp","href":"https:\/\/api.w.org\/{rel}","templated":true}]}}