{"id":95758,"date":"2022-06-14T12:27:58","date_gmt":"2022-06-14T12:27:58","guid":{"rendered":"https:\/\/budoshop.si\/?product=rashguard-majica-zebra-long"},"modified":"2025-10-22T14:55:28","modified_gmt":"2025-10-22T12:55:28","slug":"rashguard-majica-zebra-long-1","status":"publish","type":"product","link":"https:\/\/www.budoshop.si\/sl\/izdelek\/rashguard-majica-zebra-long-1\/","title":{"rendered":"Rashguard majica &#8221;Zebra LONG&#8221; &#8211; V AKCIJI!!!"},"content":{"rendered":"<p><span style=\"font-size: 15px; color: #993300;\">Rashguard znamke ZEBRA z dolgimi rokavi je izdelan iz trpe\u017enega elasti\u010dnega materiala (73% recikliran poliester\/ 27% elastan), ki nudi u\u010dinek &#8216;druge ko\u017ee&#8217; in nudi maksimalno svobodo gibanja. Rashuguard ima posebne plo\u0161\u010date \u0161ive, ki prepre\u010dujejo neprijetno dra\u017eenje ko\u017ee, hkrati pa so \u010dvrsti in vzdr\u017eljivi.<\/span><br \/>\n<span style=\"font-size: 15px; color: #993300;\"> Material, ki je bil posebej izdelan za nas na telo deluje tako, da stisne \u017eile in tako lahko pove\u010da pretok krvi, zaradi \u010desar postanejo va\u0161e noge in roke lahkotnej\u0161e. Ta kompresija med treningom zagotavlja tudi stabilizacijski u\u010dinek. Zato je natan\u010dno prileganje majice telesu klju\u010dnega pomena, da se ti pozitivni u\u010dinki rashguard majice lahko razkrijejo! Tudi po treningu kompresijski u\u010dinek pripomore k bolj\u0161emu odstranjevanju presnovnih odpadkov in hitrej\u0161emu obnavljanju zalog energije. Pri treningu in vsakdanjem \u017eivljenju kompresija pomaga pove\u010dati mo\u010d in dobro po\u010dutje! Zato so rashguard majice idealne za fitnes. MMA, BJJ in druge borilne ve\u0161\u010dine.<\/span><\/p>\n<p><span style=\"font-size: 15px; color: #993300;\">Rashguard Zebra je bil razvit v sodelovanju z enim izmed vodilnih proizvajalcev tkanin, ki jih je mogo\u010de reciklirati. <\/span><br \/>\n<span style=\"font-size: 15px; color: #993300;\"> \u010crne barve s sublimirani logotipi, ki ne zbledijo.<\/span><\/p>\n<p><span style=\"color: #993300; font-size: 15px;\">Velikosti: S &#8211; M \u2013 L \u2013 XL<\/span><\/p>\n","protected":false},"excerpt":{"rendered":"<p><span style=\"color: #003366;\"><strong>MMA \/ BJJ Rashguard \u0161portna majica z dolgimi rokavi znamke Zebra.<\/strong><\/span><\/p>\n","protected":false},"featured_media":95760,"comment_status":"open","ping_status":"closed","template":"","meta":[],"product_brand":[5599],"product_cat":[1027,1043,1005,921,685,1133,1105,1103],"product_tag":[],"class_list":{"0":"post-95758","1":"product","2":"type-product","3":"status-publish","4":"has-post-thumbnail","6":"product_brand-zebra","7":"product_cat-v-akciji-2","8":"product_cat-boks-kickbox-tajski-boks-mma","9":"product_cat-majice","10":"product_cat-mma-1","11":"product_cat-ostalo","12":"product_cat-rashguard-1","13":"product_cat-zebra-3","14":"product_cat-zebra-1","15":"pa_velikost-l-sl-2","16":"pa_velikost-m-sl-2","17":"pa_velikost-s-sl-2","18":"pa_velikost-xl-sl","19":"pa_velikost-xxl-sl-2","21":"first","22":"instock","23":"sale","24":"taxable","25":"shipping-taxable","26":"purchasable","27":"product-type-variable"},"_links":{"self":[{"href":"https:\/\/www.budoshop.si\/sl\/wp-json\/wp\/v2\/product\/95758","targetHints":{"allow":["GET"]}}],"collection":[{"href":"https:\/\/www.budoshop.si\/sl\/wp-json\/wp\/v2\/product"}],"about":[{"href":"https:\/\/www.budoshop.si\/sl\/wp-json\/wp\/v2\/types\/product"}],"replies":[{"embeddable":true,"href":"https:\/\/www.budoshop.si\/sl\/wp-json\/wp\/v2\/comments?post=95758"}],"wp:featuredmedia":[{"embeddable":true,"href":"https:\/\/www.budoshop.si\/sl\/wp-json\/wp\/v2\/media\/95760"}],"wp:attachment":[{"href":"https:\/\/www.budoshop.si\/sl\/wp-json\/wp\/v2\/media?parent=95758"}],"wp:term":[{"taxonomy":"product_brand","embeddable":true,"href":"https:\/\/www.budoshop.si\/sl\/wp-json\/wp\/v2\/product_brand?post=95758"},{"taxonomy":"product_cat","embeddable":true,"href":"https:\/\/www.budoshop.si\/sl\/wp-json\/wp\/v2\/product_cat?post=95758"},{"taxonomy":"product_tag","embeddable":true,"href":"https:\/\/www.budoshop.si\/sl\/wp-json\/wp\/v2\/product_tag?post=95758"}],"curies":[{"name":"wp","href":"https:\/\/api.w.org\/{rel}","templated":true}]}}