{"id":95675,"date":"2022-06-13T13:54:18","date_gmt":"2022-06-13T13:54:18","guid":{"rendered":"https:\/\/budoshop.si\/?product=mma-hlace-zebra"},"modified":"2023-09-23T09:04:39","modified_gmt":"2023-09-23T07:04:39","slug":"mma-hlace-zebra","status":"publish","type":"product","link":"https:\/\/www.budoshop.si\/sl\/izdelek\/mma-hlace-zebra\/","title":{"rendered":"MMA hla\u010de &#8221;ZEBRA&#8221;"},"content":{"rendered":"<p><span style=\"font-size: 15px; color: #993300;\">Te \u010drne MMA hla\u010de znamke Zebra so namenjene MMA in BJJ borbam, bodi si na treningu ali tekmovanju. MMA hla\u010de Zebra imajo izredno udoben kroj z visokim stranskim razporkom za maksimalno svobodo gibanja nog. Hla\u010de odlikuje tudi \u0161irok elasti\u010den pas s priro\u010dnim zapenjanjem na je\u017eka, ki omogo\u010da, da primerno prilagodimo velikost. MMA hla\u010de so izdelane iz hitro su\u0161e\u010dega materiala (88% poliester, 12% elasten). Vsi logotipi so sublimatirani, da s pranjem ne zbledijo.<\/span><\/p>\n<p><span style=\"font-size: 15px; color: #993300;\">\u010crne barve.<\/span><\/p>\n<p><span style=\"font-size: 15px; color: #993300;\"> Velikosti: S \u2013 M \u2013 L \u2013 XL.<\/span><\/p>\n","protected":false},"excerpt":{"rendered":"<p><span style=\"color: #003366;\"><strong>\u010crne MMA \/ BJJ hla\u010de znamke Zebra.<\/strong><\/span><\/p>\n","protected":false},"featured_media":95679,"comment_status":"open","ping_status":"closed","template":"","meta":[],"product_brand":[5599],"product_cat":[1043,905,1105,1103],"product_tag":[],"class_list":{"0":"post-95675","1":"product","2":"type-product","3":"status-publish","4":"has-post-thumbnail","6":"product_brand-zebra","7":"product_cat-boks-kickbox-tajski-boks-mma","8":"product_cat-hlacke","9":"product_cat-zebra-3","10":"product_cat-zebra-1","11":"pa_velikost-s-sl-2","12":"pa_velikost-m-sl-2","13":"pa_velikost-l-sl-2","14":"pa_velikost-xl-sl","16":"first","17":"instock","18":"taxable","19":"shipping-taxable","20":"purchasable","21":"product-type-variable"},"_links":{"self":[{"href":"https:\/\/www.budoshop.si\/sl\/wp-json\/wp\/v2\/product\/95675","targetHints":{"allow":["GET"]}}],"collection":[{"href":"https:\/\/www.budoshop.si\/sl\/wp-json\/wp\/v2\/product"}],"about":[{"href":"https:\/\/www.budoshop.si\/sl\/wp-json\/wp\/v2\/types\/product"}],"replies":[{"embeddable":true,"href":"https:\/\/www.budoshop.si\/sl\/wp-json\/wp\/v2\/comments?post=95675"}],"wp:featuredmedia":[{"embeddable":true,"href":"https:\/\/www.budoshop.si\/sl\/wp-json\/wp\/v2\/media\/95679"}],"wp:attachment":[{"href":"https:\/\/www.budoshop.si\/sl\/wp-json\/wp\/v2\/media?parent=95675"}],"wp:term":[{"taxonomy":"product_brand","embeddable":true,"href":"https:\/\/www.budoshop.si\/sl\/wp-json\/wp\/v2\/product_brand?post=95675"},{"taxonomy":"product_cat","embeddable":true,"href":"https:\/\/www.budoshop.si\/sl\/wp-json\/wp\/v2\/product_cat?post=95675"},{"taxonomy":"product_tag","embeddable":true,"href":"https:\/\/www.budoshop.si\/sl\/wp-json\/wp\/v2\/product_tag?post=95675"}],"curies":[{"name":"wp","href":"https:\/\/api.w.org\/{rel}","templated":true}]}}