{"id":95598,"date":"2022-06-10T14:46:48","date_gmt":"2022-06-10T14:46:48","guid":{"rendered":"https:\/\/budoshop.si\/?product=karate-gi-kimono-tokaido-kumite-k1-premier-league-novo"},"modified":"2026-02-18T09:50:29","modified_gmt":"2026-02-18T08:50:29","slug":"karate-gi-kimono-tokaido-kumite-k1-premier-league-novo","status":"publish","type":"product","link":"https:\/\/www.budoshop.si\/sl\/izdelek\/karate-gi-kimono-tokaido-kumite-k1-premier-league-novo\/","title":{"rendered":"Karate Gi (Kimono) &#8221;Tokaido Kumite K1 PREMIER LEAGUE&#8221;"},"content":{"rendered":"<p style=\"margin: 0cm 0cm 0pt; line-height: normal; text-align: justify;\"><span style=\"font-family: tahoma; color: #993300; font-size: 15px;\">Izredno lahko WKF Tokaido Kumite Karate Kimono s Premier League zahtevami. Ta Karate Kimono je bil razvit prav za Kumite z optimalnim prileganjem in krojem, ki je zna\u010dilen za to Karate disciplino. Izdelan je iz zra\u010dnega 100% poliestra, ki se hitro su\u0161i in je udoben za uporabo. Hla\u010de imajo posebno mehak in \u0161irok predel pasu. Na predelu prsi in vratu ga krasi prepoznaven vezen Tokaido logotip, na ramenih pa barvno Tokaido vezenje v japon\u0161\u010dini.<br \/>\nDvostranska jakna, na eni strani rde\u010de in na drugi strani ramensko vezenje, da tekmovalcem ni potrebno kupovat dveh Kimon.<br \/>\n<\/span><\/p>\n<p style=\"margin: 0cm 0cm 0pt; line-height: normal; text-align: justify;\"><span style=\"font-size: 15px; color: #993300;\"><strong><span style=\"font-family: tahoma;\"><br \/>\nKvaliteta, ki jo zagotavlja samo japonska TOKAIDO Karate znamka!<\/span><\/strong><\/span><\/p>\n<p style=\"margin: 0cm 0cm 0pt; line-height: normal; text-align: justify;\"><span style=\"font-family: tahoma; color: #993300; font-size: 15px;\"><br \/>\nV kompletu se nahajajo hla\u010de z elastiko v pasu in jakna.<\/span><\/p>\n<p style=\"margin: 0cm 0cm 0pt; line-height: normal; text-align: justify;\"><span style=\"font-family: tahoma; color: #993300; font-size: 15px;\"><br \/>\nVelikosti: 150 \u2013 195 cm (na 5cm).<\/span><\/p>\n<p style=\"margin: 0cm 0cm 0pt; line-height: normal; text-align: justify;\"><span style=\"font-family: tahoma; color: #993300; font-size: 15px;\"><strong><br \/>\nTa artikel je odobren iz strani WKF<\/strong>-a (World Karate Federation).<br \/>\n<\/span><\/p>\n<p style=\"margin: 0cm 0cm 0pt; line-height: normal; text-align: justify;\">\n<p><span style=\"font-size: 12px; color: #993300;\"><br \/>\nOpomba Kimono ni predprano in se pri prvem pranju lahko skr\u010di za cca. 3 %.<\/span><\/p>\n","protected":false},"excerpt":{"rendered":"<p><span style=\"color: #003366;\"><strong>Ultra lahko Karate Kumite Kimono japonske znamke TOKAIDO z dvostransko jakno.<\/strong><\/span><\/p>\n","protected":false},"featured_media":95603,"comment_status":"open","ping_status":"closed","template":"","meta":[],"product_brand":[5598],"product_cat":[1029,917,949,1047],"product_tag":[],"class_list":{"0":"post-95598","1":"product","2":"type-product","3":"status-publish","4":"has-post-thumbnail","6":"product_brand-tokaido","7":"product_cat-karate-5","8":"product_cat-shureido-1","9":"product_cat-shureido-3","10":"product_cat-tokaido-1","11":"pa_velikost-150-cm-sl","12":"pa_velikost-155-cm-sl","13":"pa_velikost-160-cm-sl","14":"pa_velikost-165-cm-sl","15":"pa_velikost-170-cm-sl","16":"pa_velikost-175-cm-sl","17":"pa_velikost-180-cm-sl","18":"pa_velikost-185-cm-sl","19":"pa_velikost-190-cm-sl","20":"pa_velikost-195-cm-sl","22":"first","23":"instock","24":"taxable","25":"shipping-taxable","26":"purchasable","27":"product-type-variable"},"_links":{"self":[{"href":"https:\/\/www.budoshop.si\/sl\/wp-json\/wp\/v2\/product\/95598","targetHints":{"allow":["GET"]}}],"collection":[{"href":"https:\/\/www.budoshop.si\/sl\/wp-json\/wp\/v2\/product"}],"about":[{"href":"https:\/\/www.budoshop.si\/sl\/wp-json\/wp\/v2\/types\/product"}],"replies":[{"embeddable":true,"href":"https:\/\/www.budoshop.si\/sl\/wp-json\/wp\/v2\/comments?post=95598"}],"wp:featuredmedia":[{"embeddable":true,"href":"https:\/\/www.budoshop.si\/sl\/wp-json\/wp\/v2\/media\/95603"}],"wp:attachment":[{"href":"https:\/\/www.budoshop.si\/sl\/wp-json\/wp\/v2\/media?parent=95598"}],"wp:term":[{"taxonomy":"product_brand","embeddable":true,"href":"https:\/\/www.budoshop.si\/sl\/wp-json\/wp\/v2\/product_brand?post=95598"},{"taxonomy":"product_cat","embeddable":true,"href":"https:\/\/www.budoshop.si\/sl\/wp-json\/wp\/v2\/product_cat?post=95598"},{"taxonomy":"product_tag","embeddable":true,"href":"https:\/\/www.budoshop.si\/sl\/wp-json\/wp\/v2\/product_tag?post=95598"}],"curies":[{"name":"wp","href":"https:\/\/api.w.org\/{rel}","templated":true}]}}