{"id":95520,"date":"2022-05-27T09:20:22","date_gmt":"2022-05-27T09:20:22","guid":{"rendered":"https:\/\/budoshop.si\/?product=boksarska-vreca-adidas-tear-drop-novo"},"modified":"2023-11-21T08:25:58","modified_gmt":"2023-11-21T07:25:58","slug":"boksarska-vreca-adidas-tear-drop-novo","status":"publish","type":"product","link":"https:\/\/www.budoshop.si\/sl\/izdelek\/boksarska-vreca-adidas-tear-drop-novo\/","title":{"rendered":"Boksarska vre\u010da &#8221;Adidas TEAR DROP&#8221;"},"content":{"rendered":"<p><span style=\"color: #993300; font-size: 15px;\">Ta Adidas boksarska vre\u010da v obliki solze je bila razvita posebej za treninge klin\u010da in udarcev s komolci ter koleni saj je s tak\u0161no obliko boksarske vre\u010de to najbolj optimalno trenirati. Boksarska vre\u010da je izdelana iz 1.2mm debelega nubuck Maya umetnega usnja, ki je enako gladek, vzdr\u017eljiv in izgleda kot pravo usnje. Vre\u010do se enostavno obesi s pomo\u010djo \u0161tirih verig za obe\u0161anje in posebnega vrtljivega obe\u0161alnika, ki onemogo\u010da zapletanje verig. Kot vse Adidas boksarske vre\u010de je tudi ta skenirana (x-ray), da se preveri za varnost kovinskih delcev ter zagotovi maksimalno kvaliteto in varnost treninga. Boksarska vre\u010da je polnjena s tekstilnimi obrezninami, ki zagotavljajo, da se vre\u010da ne zbije in tudi pri najbolj mo\u010dni uporabi ves \u010das ohranja svojo obliko in trdoto. Na vrhu je opremljena z veri\u017enim zapenjanjem s katerim se lahko polnilo po \u017eelji dodaja ali odvzema.<\/span><\/p>\n<p><span style=\"color: #993300; font-size: 15px;\">Ta boksarska vre\u010da je primerna za tradicionalni boks, kickbox, muay thai\/tajski boks, mma in sorodnih borilnih \u0161portov.<\/span><\/p>\n<p><span style=\"color: #993300; font-size: 15px;\">\u010crne barve z belim Adidas logotipom.<\/span><\/p>\n<p><span style=\"color: #993300; font-size: 15px;\">Mere: cca. 90 x 45\/35cm x 25kg.<\/span><\/p>\n<p><span style=\"color: #993300; font-size: 15px;\"> Opomba! Dostava se zara\u010dunava posebej!<\/span><\/p>\n","protected":false},"excerpt":{"rendered":"<p><span style=\"color: #003366;\"><strong>Adidas boksarska vre\u010da v obliki solze.<\/strong><\/span><\/p>\n","protected":false},"featured_media":95525,"comment_status":"open","ping_status":"closed","template":"","meta":[],"product_brand":[5594],"product_cat":[951,1043,865],"product_tag":[],"class_list":{"0":"post-95520","1":"product","2":"type-product","3":"status-publish","4":"has-post-thumbnail","6":"product_brand-adidas","7":"product_cat-adidas-3","8":"product_cat-boks-kickbox-tajski-boks-mma","9":"product_cat-visece-vrece","11":"first","12":"instock","13":"taxable","14":"shipping-taxable","15":"purchasable","16":"product-type-simple"},"_links":{"self":[{"href":"https:\/\/www.budoshop.si\/sl\/wp-json\/wp\/v2\/product\/95520","targetHints":{"allow":["GET"]}}],"collection":[{"href":"https:\/\/www.budoshop.si\/sl\/wp-json\/wp\/v2\/product"}],"about":[{"href":"https:\/\/www.budoshop.si\/sl\/wp-json\/wp\/v2\/types\/product"}],"replies":[{"embeddable":true,"href":"https:\/\/www.budoshop.si\/sl\/wp-json\/wp\/v2\/comments?post=95520"}],"wp:featuredmedia":[{"embeddable":true,"href":"https:\/\/www.budoshop.si\/sl\/wp-json\/wp\/v2\/media\/95525"}],"wp:attachment":[{"href":"https:\/\/www.budoshop.si\/sl\/wp-json\/wp\/v2\/media?parent=95520"}],"wp:term":[{"taxonomy":"product_brand","embeddable":true,"href":"https:\/\/www.budoshop.si\/sl\/wp-json\/wp\/v2\/product_brand?post=95520"},{"taxonomy":"product_cat","embeddable":true,"href":"https:\/\/www.budoshop.si\/sl\/wp-json\/wp\/v2\/product_cat?post=95520"},{"taxonomy":"product_tag","embeddable":true,"href":"https:\/\/www.budoshop.si\/sl\/wp-json\/wp\/v2\/product_tag?post=95520"}],"curies":[{"name":"wp","href":"https:\/\/api.w.org\/{rel}","templated":true}]}}