{"id":95467,"date":"2022-04-19T10:58:41","date_gmt":"2022-04-19T08:58:41","guid":{"rendered":"https:\/\/budoshop.si\/?product=masazni-valj-novo"},"modified":"2025-02-12T09:44:08","modified_gmt":"2025-02-12T08:44:08","slug":"masazni-valj-novo","status":"publish","type":"product","link":"https:\/\/www.budoshop.si\/sl\/izdelek\/masazni-valj-novo\/","title":{"rendered":"Masa\u017eni valj"},"content":{"rendered":"<p><span style=\"color: #993300; font-size: 15px;\">Masa\u017eni valj\u010dek je pripomo\u010dek za samomasa\u017eo z uporabo lastne te\u017ee, uporablja pa se tudi za trening centra in izbolj\u0161anje stabilnosti trupa. Tako kot fizioterapevt, ki pri svojem delu uporablja razli\u010dno mo\u010dne pritiske na mi\u0161ice, tako sami s svojo telesno te\u017eo po potrebi spreminjamo pritisk in ga prilagajamo potrebi.<\/span><\/p>\n<p><span style=\"color: #993300; font-size: 15px;\">Zaradi posebno strukturirane povr\u0161ine, ki dodatno u\u010dinkujejo na mi\u0161ice, je s tem masa\u017enim valj\u010dkom mogo\u010de dose\u010di posebno globok masa\u017eni u\u010dinek, ki zagotavlja optimalno regeneracijo po treningu, laj\u0161a mi\u0161i\u010dno napetost in s tem bole\u010dine v mi\u0161icah, ohranja tkivo zdravo in spo\u010dito ter stimulira krvni obtok. Ta masa\u017eni valj\u010dek je izdelan iz lahke EVA pene z mehko zaobljenim utorom na sredini, ki zmanj\u0161uje pritisk na hrbtenico, hkrati pa se masirajo obhrbteni\u010dne mi\u0161ice.<\/span><\/p>\n<p><span style=\"color: #993300; font-size: 15px;\">Masa\u017eni valj\u010dek se lahko uporablja kjerkoli in kadarkoli saj je primeren za vaje na tleh, ob steni ali na mizi.<\/span><\/p>\n<p><span style=\"color: #993300; font-size: 15px;\">Zna\u010dilnosti:<br \/>\nMaterial: lahka EVA pena<\/span><br \/>\n<span style=\"color: #993300; font-size: 15px;\">Barva: \u010crna<\/span><br \/>\n<span style=\"color: #993300; font-size: 15px;\">Premer: 15 cm<\/span><br \/>\n<span style=\"color: #993300; font-size: 15px;\">Dol\u017eina: 42 cm<\/span><\/p>\n","protected":false},"excerpt":{"rendered":"<p><span style=\"color: #003366;\"><strong>Masa\u017eni valj\u010dek s hrbteni\u010dnim utorom.<\/strong><\/span><\/p>\n","protected":false},"featured_media":107851,"comment_status":"open","ping_status":"closed","template":"","meta":[],"product_brand":[],"product_cat":[1043,941,1033,1031,1029,983,1061,1127,1039,1041],"product_tag":[],"class_list":{"0":"post-95467","1":"product","2":"type-product","3":"status-publish","4":"has-post-thumbnail","6":"product_cat-boks-kickbox-tajski-boks-mma","7":"product_cat-budo-lekarna","8":"product_cat-ju-jitsujiu-jitsu-1","9":"product_cat-judo-1","10":"product_cat-karate-5","11":"product_cat-kwon-3","12":"product_cat-kwon-5","13":"product_cat-ostalo-8","14":"product_cat-taekwondo-3","15":"product_cat-tai-chi-kunf-fu-wu-shu-1","17":"first","18":"instock","19":"taxable","20":"shipping-taxable","21":"purchasable","22":"product-type-simple"},"_links":{"self":[{"href":"https:\/\/www.budoshop.si\/sl\/wp-json\/wp\/v2\/product\/95467","targetHints":{"allow":["GET"]}}],"collection":[{"href":"https:\/\/www.budoshop.si\/sl\/wp-json\/wp\/v2\/product"}],"about":[{"href":"https:\/\/www.budoshop.si\/sl\/wp-json\/wp\/v2\/types\/product"}],"replies":[{"embeddable":true,"href":"https:\/\/www.budoshop.si\/sl\/wp-json\/wp\/v2\/comments?post=95467"}],"wp:featuredmedia":[{"embeddable":true,"href":"https:\/\/www.budoshop.si\/sl\/wp-json\/wp\/v2\/media\/107851"}],"wp:attachment":[{"href":"https:\/\/www.budoshop.si\/sl\/wp-json\/wp\/v2\/media?parent=95467"}],"wp:term":[{"taxonomy":"product_brand","embeddable":true,"href":"https:\/\/www.budoshop.si\/sl\/wp-json\/wp\/v2\/product_brand?post=95467"},{"taxonomy":"product_cat","embeddable":true,"href":"https:\/\/www.budoshop.si\/sl\/wp-json\/wp\/v2\/product_cat?post=95467"},{"taxonomy":"product_tag","embeddable":true,"href":"https:\/\/www.budoshop.si\/sl\/wp-json\/wp\/v2\/product_tag?post=95467"}],"curies":[{"name":"wp","href":"https:\/\/api.w.org\/{rel}","templated":true}]}}