{"id":95379,"date":"2022-03-04T12:35:15","date_gmt":"2022-03-04T12:35:15","guid":{"rendered":"https:\/\/budoshop.si\/?product=okrogla-boksarska-vreca-adidas-bodysnatch-novo"},"modified":"2024-04-09T08:50:50","modified_gmt":"2024-04-09T06:50:50","slug":"okrogla-boksarska-vreca-adidas-bodysnatch-novo","status":"publish","type":"product","link":"https:\/\/www.budoshop.si\/sl\/izdelek\/okrogla-boksarska-vreca-adidas-bodysnatch-novo\/","title":{"rendered":"Okrogla boksarska vre\u010da &#8221;Adidas BODYSNATCH&#8221;"},"content":{"rendered":"<p><span style=\"font-size: 15px; color: #993300;\">Okrogla boksarska vre\u010da je idealna za vadbo vseh vrst udarcev s pestjo, brc, udarcev s koleni in komolci ter kombinacije vsega tega. Zaradi \u0161iroke palete gibov, ki se lahko izvajajo je okrogla boksarska vre\u010da bolj\u0161a kot klasi\u010dna ali kotna uppercut boksarska vre\u010da.<\/span><\/p>\n<p><span style=\"font-size: 15px; color: #993300;\">Adidas okrogla boksarska vre\u010da Bodysnatch je izdelana iz kvalitetnega in izjemno trpe\u017enega FLX sinteti\u010dnega usnja, ki zagotavlja tudi najmo\u010dnej\u0161e udarce in brce ter polnjena s tekstilnimi obrezninami, ki boksarsko vre\u010do, ne glede na uporabo, ves \u010das ohranjajo v originalni obliki. Boksarska vre\u010da Bodysnatch je opremljena z verigami, vrtljivim vmesnikom, ki prepre\u010duje, da bi se verige zapletale in velikim karabinom s katerim se vre\u010do obesi na obe\u0161alnik.<\/span><br \/>\n<span style=\"font-size: 15px; color: #993300;\"> \u010crne barve z belim Adidas logotipom.<\/span><\/p>\n<p><span style=\"font-size: 15px; color: #993300;\">Dimenzije: cca. 56 x 61cm x +\/-35kg<\/span><\/p>\n","protected":false},"excerpt":{"rendered":"<p><span style=\"color: #003366;\"><strong>Okrogla Adidas boksarska vre\u010da BODYSNATCH.<\/strong><\/span><\/p>\n","protected":false},"featured_media":95384,"comment_status":"open","ping_status":"closed","template":"","meta":[],"product_brand":[5594],"product_cat":[951,1049,1043,865],"product_tag":[],"class_list":{"0":"post-95379","1":"product","2":"type-product","3":"status-publish","4":"has-post-thumbnail","6":"product_brand-adidas","7":"product_cat-adidas-3","8":"product_cat-adidas-7","9":"product_cat-boks-kickbox-tajski-boks-mma","10":"product_cat-visece-vrece","12":"first","13":"instock","14":"taxable","15":"shipping-taxable","16":"purchasable","17":"product-type-simple"},"_links":{"self":[{"href":"https:\/\/www.budoshop.si\/sl\/wp-json\/wp\/v2\/product\/95379","targetHints":{"allow":["GET"]}}],"collection":[{"href":"https:\/\/www.budoshop.si\/sl\/wp-json\/wp\/v2\/product"}],"about":[{"href":"https:\/\/www.budoshop.si\/sl\/wp-json\/wp\/v2\/types\/product"}],"replies":[{"embeddable":true,"href":"https:\/\/www.budoshop.si\/sl\/wp-json\/wp\/v2\/comments?post=95379"}],"wp:featuredmedia":[{"embeddable":true,"href":"https:\/\/www.budoshop.si\/sl\/wp-json\/wp\/v2\/media\/95384"}],"wp:attachment":[{"href":"https:\/\/www.budoshop.si\/sl\/wp-json\/wp\/v2\/media?parent=95379"}],"wp:term":[{"taxonomy":"product_brand","embeddable":true,"href":"https:\/\/www.budoshop.si\/sl\/wp-json\/wp\/v2\/product_brand?post=95379"},{"taxonomy":"product_cat","embeddable":true,"href":"https:\/\/www.budoshop.si\/sl\/wp-json\/wp\/v2\/product_cat?post=95379"},{"taxonomy":"product_tag","embeddable":true,"href":"https:\/\/www.budoshop.si\/sl\/wp-json\/wp\/v2\/product_tag?post=95379"}],"curies":[{"name":"wp","href":"https:\/\/api.w.org\/{rel}","templated":true}]}}