{"id":95205,"date":"2022-02-11T09:55:00","date_gmt":"2022-02-11T08:55:00","guid":{"rendered":"https:\/\/budoshop.si\/?product=boks-celada-adidas-response-novo"},"modified":"2023-09-28T09:25:47","modified_gmt":"2023-09-28T07:25:47","slug":"boks-celada-adidas-response-novo","status":"publish","type":"product","link":"https:\/\/www.budoshop.si\/sl\/izdelek\/boks-celada-adidas-response-novo\/","title":{"rendered":"Boks \u010delada &#8221;Adidas RESPONSE&#8221;"},"content":{"rendered":"<p><span style=\"color: #993300; font-size: 15px;\">Boks \u010delada Adidas Response odli\u010dno absorbira udarce v glavo in prepre\u010duje po\u0161kodbe med sparingom. Ta boks \u010delada je izdelana iz zelo odpornega zunanjega PU3G Innovation materiala , adidasove tehnologije, ki nenehno vpija znoj, hkrati pa ostaja pro\u017ena in vodoodporna. Poleg za\u0161\u010dite li\u010dnic in brade ima \u010delada Response gel oblazinjenje v predelu \u010dela. Notranjost je izdelana iz materiala I-Comfort + \u00ae, prijetnega gobastega in nedrse\u010dega materiala s hipoalergenimi lastnostmi, ki odli\u010dno odvaja znoj. Prilagodljivo zapenjanje s trakom na je\u017eka na zadnji strani in \u0161\u010ditnik za brado nudita najbolj\u0161e prileganje.<\/span><\/p>\n<p><span style=\"color: #993300; font-size: 15px;\">Atraktivna \u010drno-bela barvna kombinacija.<\/span><\/p>\n<p><span style=\"color: #993300; font-size: 15px;\">Univerzalna velikost (L).<\/span><\/p>\n","protected":false},"excerpt":{"rendered":"<p><span style=\"color: #003366;\"><strong>Kvalitetna boksarska \u010delada z za\u0161\u010dito li\u010dnic.<\/strong><\/span><\/p>\n","protected":false},"featured_media":107306,"comment_status":"open","ping_status":"closed","template":"","meta":[],"product_brand":[],"product_cat":[951,1049,1043,769],"product_tag":[],"class_list":{"0":"post-95205","1":"product","2":"type-product","3":"status-publish","4":"has-post-thumbnail","6":"product_cat-adidas-3","7":"product_cat-adidas-7","8":"product_cat-boks-kickbox-tajski-boks-mma","9":"product_cat-scitniki-za-glavo","11":"first","12":"instock","13":"taxable","14":"shipping-taxable","15":"purchasable","16":"product-type-simple"},"_links":{"self":[{"href":"https:\/\/www.budoshop.si\/sl\/wp-json\/wp\/v2\/product\/95205","targetHints":{"allow":["GET"]}}],"collection":[{"href":"https:\/\/www.budoshop.si\/sl\/wp-json\/wp\/v2\/product"}],"about":[{"href":"https:\/\/www.budoshop.si\/sl\/wp-json\/wp\/v2\/types\/product"}],"replies":[{"embeddable":true,"href":"https:\/\/www.budoshop.si\/sl\/wp-json\/wp\/v2\/comments?post=95205"}],"wp:featuredmedia":[{"embeddable":true,"href":"https:\/\/www.budoshop.si\/sl\/wp-json\/wp\/v2\/media\/107306"}],"wp:attachment":[{"href":"https:\/\/www.budoshop.si\/sl\/wp-json\/wp\/v2\/media?parent=95205"}],"wp:term":[{"taxonomy":"product_brand","embeddable":true,"href":"https:\/\/www.budoshop.si\/sl\/wp-json\/wp\/v2\/product_brand?post=95205"},{"taxonomy":"product_cat","embeddable":true,"href":"https:\/\/www.budoshop.si\/sl\/wp-json\/wp\/v2\/product_cat?post=95205"},{"taxonomy":"product_tag","embeddable":true,"href":"https:\/\/www.budoshop.si\/sl\/wp-json\/wp\/v2\/product_tag?post=95205"}],"curies":[{"name":"wp","href":"https:\/\/api.w.org\/{rel}","templated":true}]}}