{"id":95160,"date":"2022-02-04T10:08:47","date_gmt":"2022-02-04T10:08:47","guid":{"rendered":"https:\/\/budoshop.si\/?product=jo-jutsu-the-art-of-the-japanese-stick"},"modified":"2026-04-04T13:10:38","modified_gmt":"2026-04-04T11:10:38","slug":"jo-jutsu-the-art-of-the-japanese-stick-1","status":"publish","type":"product","link":"https:\/\/www.budoshop.si\/sl\/izdelek\/jo-jutsu-the-art-of-the-japanese-stick-1\/","title":{"rendered":"Jo-jutsu &#8211; The art of the Japanese stick"},"content":{"rendered":"<p><span class=\"VIiyi\" lang=\"sl\" style=\"font-size: 15px; color: #993300;\"><span class=\"JLqJ4b ChMk0b\" data-language-for-alternatives=\"sl\" data-language-to-translate-into=\"ja\" data-phrase-index=\"0\" data-number-of-phrases=\"5\">V tej unikatni knjigi avtor detajlno opisuje osnovno znanje (Bujinkan) Jo-jutsu in osnovne tehnike <\/span><span class=\"JLqJ4b ChMk0b\" data-language-for-alternatives=\"sl\" data-language-to-translate-into=\"ja\" data-phrase-index=\"2\" data-number-of-phrases=\"5\">Jo-ja, lesena palica z dol\u017eino pribli\u017eno 128 centimetrov. Jo se imenuje &#8220;oro\u017eje mojstrov&#8221;, saj njegovo popolno rokovanje zdru\u017euje razli\u010dna na\u010dela oro\u017eja s palico in rezilom.<\/span> <span class=\"JLqJ4b ChMk0b\" data-language-for-alternatives=\"sl\" data-language-to-translate-into=\"ja\" data-phrase-index=\"4\" data-number-of-phrases=\"5\">Re\u010deno je: &#8220;Zabadaj kot k s sulico, zamahni kot s helebarda, dr\u017ei kot me\u010d. Za Jo dr\u017ei vse od tega!&#8221;<\/span><\/span><\/p>\n<p><span style=\"font-size: 15px; color: #993300;\">168 strani, ve\u010d kot 500 fotografij<\/span><\/p>\n<p><span style=\"font-size: 15px; color: #993300;\">Jezik: angle\u0161ki<\/span><\/p>\n<p>&nbsp;<\/p>\n","protected":false},"excerpt":{"rendered":"<p><span style=\"color: #003366;\">Avtor: <strong>J\u00fcrgen BIEBER<\/strong><\/span><\/p>\n","protected":false},"featured_media":95163,"comment_status":"open","ping_status":"closed","template":"","meta":[],"product_brand":[],"product_cat":[1035,801,1037],"product_tag":[],"class_list":{"0":"post-95160","1":"product","2":"type-product","3":"status-publish","4":"has-post-thumbnail","6":"product_cat-aikido-kendo-iai-kobudo-1","7":"product_cat-kobudo-1","8":"product_cat-ninjutsu-3","10":"first","11":"outofstock","12":"taxable","13":"shipping-taxable","14":"purchasable","15":"product-type-simple"},"_links":{"self":[{"href":"https:\/\/www.budoshop.si\/sl\/wp-json\/wp\/v2\/product\/95160","targetHints":{"allow":["GET"]}}],"collection":[{"href":"https:\/\/www.budoshop.si\/sl\/wp-json\/wp\/v2\/product"}],"about":[{"href":"https:\/\/www.budoshop.si\/sl\/wp-json\/wp\/v2\/types\/product"}],"replies":[{"embeddable":true,"href":"https:\/\/www.budoshop.si\/sl\/wp-json\/wp\/v2\/comments?post=95160"}],"wp:featuredmedia":[{"embeddable":true,"href":"https:\/\/www.budoshop.si\/sl\/wp-json\/wp\/v2\/media\/95163"}],"wp:attachment":[{"href":"https:\/\/www.budoshop.si\/sl\/wp-json\/wp\/v2\/media?parent=95160"}],"wp:term":[{"taxonomy":"product_brand","embeddable":true,"href":"https:\/\/www.budoshop.si\/sl\/wp-json\/wp\/v2\/product_brand?post=95160"},{"taxonomy":"product_cat","embeddable":true,"href":"https:\/\/www.budoshop.si\/sl\/wp-json\/wp\/v2\/product_cat?post=95160"},{"taxonomy":"product_tag","embeddable":true,"href":"https:\/\/www.budoshop.si\/sl\/wp-json\/wp\/v2\/product_tag?post=95160"}],"curies":[{"name":"wp","href":"https:\/\/api.w.org\/{rel}","templated":true}]}}