{"id":94197,"date":"2022-01-18T09:11:27","date_gmt":"2022-01-18T09:11:27","guid":{"rendered":"https:\/\/budoshop.si\/?product=vodoravno-stojalo-za-katana-mec-bushido-novo"},"modified":"2026-02-13T10:31:30","modified_gmt":"2026-02-13T09:31:30","slug":"vodoravno-stojalo-za-katana-mec-bushido-novo","status":"publish","type":"product","link":"https:\/\/www.budoshop.si\/sl\/izdelek\/vodoravno-stojalo-za-katana-mec-bushido-novo\/","title":{"rendered":"Vodoravno stojalo za Katana me\u010d &#8221;BUSHIDO&#8221;"},"content":{"rendered":"<p><span style=\"color: #993300; font-size: 15px;\">Leseno namizno stojalo za vodoravno postavitev Katana me\u010da z japonskim BUSHIDO napisom. S postavitvijo tega stojala na pravo mesto bo va\u0161a Katana pri\u0161la \u0161e bolj do izraza in bo \u0161e bolj poudaril njeno plemenitost. <\/span><\/p>\n<p><span style=\"font-size: 15px; color: #993300;\">\u010crne barve.<\/span><\/p>\n<p><span style=\"font-size: 15px; color: #993300;\">Mere: cca. 41 x 15 cm.<\/span><\/p>\n","protected":false},"excerpt":{"rendered":"<p><span style=\"color: #003366;\"><strong>Leseno namizno stojalo za Katana me\u010d z japonskim BUSHIDO napisom.<\/strong><\/span><\/p>\n","protected":false},"featured_media":94202,"comment_status":"open","ping_status":"closed","template":"","meta":[],"product_brand":[5610],"product_cat":[1035,1037,763],"product_tag":[],"class_list":{"0":"post-94197","1":"product","2":"type-product","3":"status-publish","4":"has-post-thumbnail","6":"product_brand-haller","7":"product_cat-aikido-kendo-iai-kobudo-1","8":"product_cat-ninjutsu-3","9":"product_cat-stojala","11":"first","12":"instock","13":"taxable","14":"shipping-taxable","15":"purchasable","16":"product-type-simple"},"_links":{"self":[{"href":"https:\/\/www.budoshop.si\/sl\/wp-json\/wp\/v2\/product\/94197","targetHints":{"allow":["GET"]}}],"collection":[{"href":"https:\/\/www.budoshop.si\/sl\/wp-json\/wp\/v2\/product"}],"about":[{"href":"https:\/\/www.budoshop.si\/sl\/wp-json\/wp\/v2\/types\/product"}],"replies":[{"embeddable":true,"href":"https:\/\/www.budoshop.si\/sl\/wp-json\/wp\/v2\/comments?post=94197"}],"wp:featuredmedia":[{"embeddable":true,"href":"https:\/\/www.budoshop.si\/sl\/wp-json\/wp\/v2\/media\/94202"}],"wp:attachment":[{"href":"https:\/\/www.budoshop.si\/sl\/wp-json\/wp\/v2\/media?parent=94197"}],"wp:term":[{"taxonomy":"product_brand","embeddable":true,"href":"https:\/\/www.budoshop.si\/sl\/wp-json\/wp\/v2\/product_brand?post=94197"},{"taxonomy":"product_cat","embeddable":true,"href":"https:\/\/www.budoshop.si\/sl\/wp-json\/wp\/v2\/product_cat?post=94197"},{"taxonomy":"product_tag","embeddable":true,"href":"https:\/\/www.budoshop.si\/sl\/wp-json\/wp\/v2\/product_tag?post=94197"}],"curies":[{"name":"wp","href":"https:\/\/api.w.org\/{rel}","templated":true}]}}