{"id":93917,"date":"2021-11-18T11:21:55","date_gmt":"2021-11-18T10:21:55","guid":{"rendered":"https:\/\/budoshop.si\/?product=sportni-karate-telovnik-tokaido-wkf"},"modified":"2024-11-29T15:12:23","modified_gmt":"2024-11-29T14:12:23","slug":"sportni-karate-telovnik-tokaido-wkf-1","status":"publish","type":"product","link":"https:\/\/www.budoshop.si\/sl\/izdelek\/sportni-karate-telovnik-tokaido-wkf-1\/","title":{"rendered":"\u0160portni Karate telovnik &#8221;Tokaido WKF&#8221;"},"content":{"rendered":"<p><span style=\"font-size: small; color: #993300;\">Ta Tokaido Karate \u0161portni telovnik je zelo lahkoten in udoben. Izdelan iz 100% poliestra z mehkim polnilom nudi zelo dobro toplotno izolacijo, visok ovratnik pa \u0161\u010diti pred hladnimi prepihi. Telovnik je primeren kot samostojno obla\u010dilo ali kot ogrinjalo preko Kimona na tekmovanjih. Dva stranska \u017eepa in zapenjanje na je\u017eka. Barvni WKF logotip in Tokaido znak na prsnem delu. Mo\u017enost tiska klubskega logotipa ali napisa na zadnji strani.<\/span><br \/><span style=\"font-size: small; color: #993300;\"> Temno modre barve.<\/span><\/p>\n<p><strong><span style=\"font-size: small; color: #993300;\">Kvaliteta, ki jo zagotavlja samo japonska TOKAIDO znamka!<\/span><\/strong><\/p>\n<p><span style=\"font-size: small; color: #993300;\">Velikosti: XS \u2013 S \u2013 M \u2013 L \u2013 XL \u2013 XXL<\/span><\/p>\n<p><span style=\"font-size: small; color: #993300;\">Artikel se dobavlja po naro\u010dilu.<\/span><\/p>\n","protected":false},"excerpt":{"rendered":"<p><span style=\"color: #003366;\"><strong>\u0160portni Tokaido Karate telovnik z WKF logotipom.<\/strong><\/span><\/p>\n","protected":false},"featured_media":93920,"comment_status":"open","ping_status":"closed","template":"","meta":[],"product_brand":[],"product_cat":[],"product_tag":[],"class_list":{"0":"post-93917","1":"product","2":"type-product","3":"status-publish","4":"has-post-thumbnail","6":"pa_velikost-xs-sl","7":"pa_velikost-s-sl-2","8":"pa_velikost-m-sl-2","9":"pa_velikost-l-sl-2","10":"pa_velikost-xl-sl","11":"pa_velikost-xxl-sl-2","13":"first","14":"outofstock","15":"taxable","16":"shipping-taxable","17":"purchasable","18":"product-type-variable"},"_links":{"self":[{"href":"https:\/\/www.budoshop.si\/sl\/wp-json\/wp\/v2\/product\/93917","targetHints":{"allow":["GET"]}}],"collection":[{"href":"https:\/\/www.budoshop.si\/sl\/wp-json\/wp\/v2\/product"}],"about":[{"href":"https:\/\/www.budoshop.si\/sl\/wp-json\/wp\/v2\/types\/product"}],"replies":[{"embeddable":true,"href":"https:\/\/www.budoshop.si\/sl\/wp-json\/wp\/v2\/comments?post=93917"}],"wp:featuredmedia":[{"embeddable":true,"href":"https:\/\/www.budoshop.si\/sl\/wp-json\/wp\/v2\/media\/93920"}],"wp:attachment":[{"href":"https:\/\/www.budoshop.si\/sl\/wp-json\/wp\/v2\/media?parent=93917"}],"wp:term":[{"taxonomy":"product_brand","embeddable":true,"href":"https:\/\/www.budoshop.si\/sl\/wp-json\/wp\/v2\/product_brand?post=93917"},{"taxonomy":"product_cat","embeddable":true,"href":"https:\/\/www.budoshop.si\/sl\/wp-json\/wp\/v2\/product_cat?post=93917"},{"taxonomy":"product_tag","embeddable":true,"href":"https:\/\/www.budoshop.si\/sl\/wp-json\/wp\/v2\/product_tag?post=93917"}],"curies":[{"name":"wp","href":"https:\/\/api.w.org\/{rel}","templated":true}]}}