{"id":93827,"date":"2021-11-17T11:32:20","date_gmt":"2021-11-17T10:32:20","guid":{"rendered":"https:\/\/budoshop.si\/?product=profesionalni-scitnik-za-zobe-adidas-platinum"},"modified":"2023-09-28T15:56:01","modified_gmt":"2023-09-28T13:56:01","slug":"profesionalni-scitnik-za-zobe-adidas-platinum-2","status":"publish","type":"product","link":"https:\/\/www.budoshop.si\/sl\/izdelek\/profesionalni-scitnik-za-zobe-adidas-platinum-2\/","title":{"rendered":"Profesionalni \u0161\u010ditnik za zobe &#8221;Adidas PLATINUM&#8221;"},"content":{"rendered":"<p><span style=\"color: #993300; font-size: 15px;\">Elitna izvedba zahteva elitno za\u0161\u010dito! \u0160\u010ditnik za zobe Addias OPRO Platinum je popolnoma novo razvita tehnologija \u0161\u010ditnikov za zobe. \u0160\u010ditnik je izdelan tako, da ima dve plasti za\u0161\u010dite, z dodatnim oblazinjenjem med zgodnjo in spodnjo \u010deljustjo. Trpe\u017ena zunanja plast zagotavlja popolno za\u0161\u010dito pred udarci, fleksibilna notranja plast z edinstveno oblikovanimi blazinicami pa zagotavlja udobje in prilagajanje. Posebni zra\u010dni prostori nudijo maksimalno oblazinjenje in za\u0161\u010dito va\u0161ih ust in zob, medtem ko vpojni sloj med \u010deljustmi zagotavlja zibelko za enostavno namestitev. \u0160\u010ditnik za zobe ima tudi protimikrobno za\u0161\u010dito, ki zavira rast bakterij do 99,99 %. S tem \u0161\u010ditnikom za zobe tako dobite udobje, ki vas ne bo oviralo med treniranjem, a vas bo maksimalno za\u0161\u010ditilo. To tudi pomeni, da se vam prilega po meri. \u0160\u010ditniki za zobe omogo\u010da enostavno dihanje in jasno govorjenje. Dodano dr\u017ealo za prileganje vam omogo\u010da, da namestite \u0161\u010ditnika na sredino. To je pomembno, saj ne \u017eelite napa\u010dne lege \u0161\u010ditnika. \u010crno, rde\u010da in bela barvna kombinacija dela ta \u0161\u010ditnik \u0161e unikaten in atraktiven.<br \/>\nTa \u0161\u010ditnik za zobe je primeren tako za borilne \u0161porte, kot za ragbi, hokej in druge \u0161porte.<\/span><\/p>\n<p><span style=\"color: #993300; font-size: 15px;\">Velikost: SR<\/span><\/p>\n","protected":false},"excerpt":{"rendered":"<p><span style=\"color: #003366;\"><strong>Vrhunski profesionalni \u0161\u010ditnik za zobe za najbolj\u0161o za\u0161\u010dito.<\/strong><\/span><\/p>\n","protected":false},"featured_media":93829,"comment_status":"open","ping_status":"closed","template":"","meta":[],"product_brand":[],"product_cat":[951,1049,1043,1033,1029,903,1039],"product_tag":[],"class_list":{"0":"post-93827","1":"product","2":"type-product","3":"status-publish","4":"has-post-thumbnail","6":"product_cat-adidas-3","7":"product_cat-adidas-7","8":"product_cat-boks-kickbox-tajski-boks-mma","9":"product_cat-ju-jitsujiu-jitsu-1","10":"product_cat-karate-5","11":"product_cat-scitniki-za-zobe","12":"product_cat-taekwondo-3","14":"first","15":"instock","16":"taxable","17":"shipping-taxable","18":"purchasable","19":"product-type-simple"},"_links":{"self":[{"href":"https:\/\/www.budoshop.si\/sl\/wp-json\/wp\/v2\/product\/93827","targetHints":{"allow":["GET"]}}],"collection":[{"href":"https:\/\/www.budoshop.si\/sl\/wp-json\/wp\/v2\/product"}],"about":[{"href":"https:\/\/www.budoshop.si\/sl\/wp-json\/wp\/v2\/types\/product"}],"replies":[{"embeddable":true,"href":"https:\/\/www.budoshop.si\/sl\/wp-json\/wp\/v2\/comments?post=93827"}],"wp:featuredmedia":[{"embeddable":true,"href":"https:\/\/www.budoshop.si\/sl\/wp-json\/wp\/v2\/media\/93829"}],"wp:attachment":[{"href":"https:\/\/www.budoshop.si\/sl\/wp-json\/wp\/v2\/media?parent=93827"}],"wp:term":[{"taxonomy":"product_brand","embeddable":true,"href":"https:\/\/www.budoshop.si\/sl\/wp-json\/wp\/v2\/product_brand?post=93827"},{"taxonomy":"product_cat","embeddable":true,"href":"https:\/\/www.budoshop.si\/sl\/wp-json\/wp\/v2\/product_cat?post=93827"},{"taxonomy":"product_tag","embeddable":true,"href":"https:\/\/www.budoshop.si\/sl\/wp-json\/wp\/v2\/product_tag?post=93827"}],"curies":[{"name":"wp","href":"https:\/\/api.w.org\/{rel}","templated":true}]}}