{"id":93779,"date":"2021-11-16T11:27:13","date_gmt":"2021-11-16T11:27:13","guid":{"rendered":"https:\/\/budoshop.si\/?product=mma-rokavice-adidas"},"modified":"2026-01-15T09:00:38","modified_gmt":"2026-01-15T08:00:38","slug":"mma-rokavice-adidas","status":"publish","type":"product","link":"https:\/\/www.budoshop.si\/sl\/izdelek\/mma-rokavice-adidas\/","title":{"rendered":"MMA Grappling rokavice &#8221;Adidas COMBAT 50&#8221;"},"content":{"rendered":"<p><span style=\"font-size: 15px; color: #993300;\"><span class=\"HwtZe\" lang=\"sl\"><span class=\"jCAhz ChMk0b\"><span class=\"ryNqvb\">Nove Adidas MMA Grappling Combat 50 treining rokavice sp tukaj, odli\u010den dizajn z najbolj\u0161o funkcionalnostjo, ki jo zaznamuje Combat linija.<\/span><\/span> <span class=\"jCAhz ChMk0b\"><span class=\"ryNqvb\">Konstrukcija omogo\u010da optimalno bla\u017eenje udarcev, kar \u0161\u010diti \u010dlenke in pesti pred po\u0161kodbami med dolgotrajno vadbo.<\/span><\/span> <span class=\"jCAhz ChMk0b\"><span class=\"ryNqvb\">Te rokavice zagotavljajo neverjetno hitrost in pospe\u0161ujejo gibanje ter proizvajajo mo\u010dne in popolne udarce.<\/span><\/span> <span class=\"jCAhz ChMk0b\"><span class=\"ryNqvb\">Rokavice so izdelane iz zelo kakovostnega zunanjega PU3G materiala in za optimalno bla\u017eenje opremljene z EVA peno z ve\u010dslojnim polnilom.<\/span><\/span> <span class=\"jCAhz ChMk0b\"><span class=\"ryNqvb\">Te dobro prezra\u010dene rokavice so primerne za dolge treninge fitnesa.<\/span><\/span> <span class=\"jCAhz ChMk0b\"><span class=\"ryNqvb\">Konstrukcija odprte dlani ohranja va\u0161e roke hladne in omogo\u010da, da se rokavice po vadbi hitro posu\u0161ijo.<\/span><\/span> Da ostanejo sve\u017ee in lepe lahko rokavice enostavno o<span class=\"jCAhz ChMk0b\"><span class=\"ryNqvb\">\u010distite z vla\u017eno krpo.<\/span><\/span> <span class=\"jCAhz ChMk0b\"><span class=\"ryNqvb\">Dolg trak z zapenjanjem na je\u017eka zagotavlja dobro stabilnost zapestja.<\/span><\/span> <span class=\"jCAhz ChMk0b\"><span class=\"ryNqvb\">Zasnova teh rokavic omogo\u010da, da so primerne tako za MMA trening, za sparing ali trening na fokuserjih ter boksraski vre\u010di. Atraktivna zelena Combat barva dela te \u0161\u010ditnike \u0161e posebej atraktivne.<\/span><\/span><\/span><\/span><\/p>\n<p><span style=\"font-size: 15px; color: #993300;\">Velikosti: S, M, L, XL<\/span><\/p>\n","protected":false},"excerpt":{"rendered":"<p><span style=\"color: #003366;\"><strong>Combat linija Adidas MMA grappling lokavic Adidas.<\/strong><\/span><\/p>\n","protected":false},"featured_media":109304,"comment_status":"open","ping_status":"closed","template":"","meta":[],"product_brand":[5594],"product_cat":[951,1049,1043,819,969],"product_tag":[],"class_list":{"0":"post-93779","1":"product","2":"type-product","3":"status-publish","4":"has-post-thumbnail","6":"product_brand-adidas","7":"product_cat-adidas-3","8":"product_cat-adidas-7","9":"product_cat-boks-kickbox-tajski-boks-mma","10":"product_cat-grappling-in-mma-rokavice","11":"product_cat-rokavice-za-vreco","12":"pa_size-l-sl","13":"pa_size-m-sl","14":"pa_size-s","15":"pa_size-xl-sl-2","16":"pa_velikost-l-sl-2","17":"pa_velikost-m-sl-2","19":"first","20":"instock","21":"taxable","22":"shipping-taxable","23":"purchasable","24":"product-type-variable"},"_links":{"self":[{"href":"https:\/\/www.budoshop.si\/sl\/wp-json\/wp\/v2\/product\/93779","targetHints":{"allow":["GET"]}}],"collection":[{"href":"https:\/\/www.budoshop.si\/sl\/wp-json\/wp\/v2\/product"}],"about":[{"href":"https:\/\/www.budoshop.si\/sl\/wp-json\/wp\/v2\/types\/product"}],"replies":[{"embeddable":true,"href":"https:\/\/www.budoshop.si\/sl\/wp-json\/wp\/v2\/comments?post=93779"}],"wp:featuredmedia":[{"embeddable":true,"href":"https:\/\/www.budoshop.si\/sl\/wp-json\/wp\/v2\/media\/109304"}],"wp:attachment":[{"href":"https:\/\/www.budoshop.si\/sl\/wp-json\/wp\/v2\/media?parent=93779"}],"wp:term":[{"taxonomy":"product_brand","embeddable":true,"href":"https:\/\/www.budoshop.si\/sl\/wp-json\/wp\/v2\/product_brand?post=93779"},{"taxonomy":"product_cat","embeddable":true,"href":"https:\/\/www.budoshop.si\/sl\/wp-json\/wp\/v2\/product_cat?post=93779"},{"taxonomy":"product_tag","embeddable":true,"href":"https:\/\/www.budoshop.si\/sl\/wp-json\/wp\/v2\/product_tag?post=93779"}],"curies":[{"name":"wp","href":"https:\/\/api.w.org\/{rel}","templated":true}]}}