{"id":93770,"date":"2021-11-12T09:52:26","date_gmt":"2021-11-12T08:52:26","guid":{"rendered":"https:\/\/budoshop.si\/?product=kolebnica-champ"},"modified":"2024-02-27T10:00:27","modified_gmt":"2024-02-27T09:00:27","slug":"kolebnica-champ","status":"publish","type":"product","link":"https:\/\/www.budoshop.si\/sl\/izdelek\/kolebnica-champ\/","title":{"rendered":"Kolebnica &#8221;CHAMP&#8221;"},"content":{"rendered":"<p><span style=\"color: #993300; font-size: 16px;\">Ta profesionalna kolebnica je izdelana iz jeklene vrvi, ki se med treningom ne zapleta in omogo\u010da tudi zelo hitro vrtenje. Dol\u017eino vrvi je mo\u010d individualno nastaviti, saj se vrv na ro\u010daje pritrdi s posebnim vijakom, ki vrv stisne pod kotom 90 stopinj. Ergonomi\u010dna oblika plasti\u010dnih ro\u010dajev, ki zagotavlja dober oprijem, s krogli\u010dnim le\u017eajem proti zapletanju vrvi. Idealen pripomo\u010dek za ogrevanje in trening vzdr\u017eljivosti ali hitrosti, bodisi v telovadnici ali doma.<\/span><\/p>\n","protected":false},"excerpt":{"rendered":"<p><span style=\"color: #003366;\"><strong>Profesionalna nastavljiva kolebnica.<\/strong><\/span><\/p>\n","protected":false},"featured_media":93775,"comment_status":"open","ping_status":"closed","template":"","meta":[],"product_brand":[],"product_cat":[1035,1043,1033,1031,1029,1037,1039,1041,1119,1087,1085],"product_tag":[],"class_list":{"0":"post-93770","1":"product","2":"type-product","3":"status-publish","4":"has-post-thumbnail","6":"product_cat-aikido-kendo-iai-kobudo-1","7":"product_cat-boks-kickbox-tajski-boks-mma","8":"product_cat-ju-jitsujiu-jitsu-1","9":"product_cat-judo-1","10":"product_cat-karate-5","11":"product_cat-ninjutsu-3","12":"product_cat-taekwondo-3","13":"product_cat-tai-chi-kunf-fu-wu-shu-1","14":"product_cat-kolebnice","15":"product_cat-dax-3","16":"product_cat-dax-1","18":"first","19":"instock","20":"taxable","21":"shipping-taxable","22":"purchasable","23":"product-type-simple"},"_links":{"self":[{"href":"https:\/\/www.budoshop.si\/sl\/wp-json\/wp\/v2\/product\/93770","targetHints":{"allow":["GET"]}}],"collection":[{"href":"https:\/\/www.budoshop.si\/sl\/wp-json\/wp\/v2\/product"}],"about":[{"href":"https:\/\/www.budoshop.si\/sl\/wp-json\/wp\/v2\/types\/product"}],"replies":[{"embeddable":true,"href":"https:\/\/www.budoshop.si\/sl\/wp-json\/wp\/v2\/comments?post=93770"}],"wp:featuredmedia":[{"embeddable":true,"href":"https:\/\/www.budoshop.si\/sl\/wp-json\/wp\/v2\/media\/93775"}],"wp:attachment":[{"href":"https:\/\/www.budoshop.si\/sl\/wp-json\/wp\/v2\/media?parent=93770"}],"wp:term":[{"taxonomy":"product_brand","embeddable":true,"href":"https:\/\/www.budoshop.si\/sl\/wp-json\/wp\/v2\/product_brand?post=93770"},{"taxonomy":"product_cat","embeddable":true,"href":"https:\/\/www.budoshop.si\/sl\/wp-json\/wp\/v2\/product_cat?post=93770"},{"taxonomy":"product_tag","embeddable":true,"href":"https:\/\/www.budoshop.si\/sl\/wp-json\/wp\/v2\/product_tag?post=93770"}],"curies":[{"name":"wp","href":"https:\/\/api.w.org\/{rel}","templated":true}]}}