{"id":93750,"date":"2021-11-12T08:40:10","date_gmt":"2021-11-12T08:40:10","guid":{"rendered":"https:\/\/budoshop.si\/?product=veliki-usnjen-okrogel-fokuser-scit-zebra-pro"},"modified":"2026-02-06T11:39:57","modified_gmt":"2026-02-06T10:39:57","slug":"veliki-usnjen-okrogel-fokuser-scit-zebra-pro","status":"publish","type":"product","link":"https:\/\/www.budoshop.si\/sl\/izdelek\/veliki-usnjen-okrogel-fokuser-scit-zebra-pro\/","title":{"rendered":"Veliki usnjen okrogel fokuser \u0161\u010dit &#8221;Zebra PRO&#8221;"},"content":{"rendered":"<p><span style=\"color: #993300; font-size: 15px;\">Ta veliki okrogel fokuser \u0161\u010dit za borilne ve\u0161\u010dine bo zagotovo povzdignil va\u0161 nivo vadbe. Zgornji material je izdelan iz zelo trpe\u017enega pravega usnja, za oblazinjenje pa je uporabljena posebna ve\u010dslojna &#8216;EVA&#8217; pena, ki je lahka a odli\u010dno absorbira vse vrste mo\u010dnih udarcev. Dva \u010dvrsta oja\u010dana stranska ro\u010daja zagotavljata dobro dr\u017eanje in zato je ta fokuser \u0161\u010ditnik primeren tako za direktne udarce kot tudi za najmo\u010dnej\u0161e kro\u0161e in aprekat udarce. Primeren za MMA, Kickbox, boks, Karate in druge sorodne borilne \u0161porte in ve\u0161\u010dine.<\/span><\/p>\n<p><span style=\"color: #993300; font-size: 15px;\">\u010crne barve.<\/span><\/p>\n<p><span style=\"color: #993300; font-size: 15px;\">Dimenzije: cca. 40 x 16 cm<\/span><\/p>\n","protected":false},"excerpt":{"rendered":"<p><span style=\"color: #003366;\"><strong>Velik usnjen okrogel fokuser \u0161\u010dit za borilne ve\u0161\u010dine.<\/strong><\/span><\/p>\n","protected":false},"featured_media":108675,"comment_status":"open","ping_status":"closed","template":"","meta":[],"product_brand":[5599],"product_cat":[1043,1033,1029,1039,755,1105,1103],"product_tag":[],"class_list":{"0":"post-93750","1":"product","2":"type-product","3":"status-publish","4":"has-post-thumbnail","6":"product_brand-zebra","7":"product_cat-boks-kickbox-tajski-boks-mma","8":"product_cat-ju-jitsujiu-jitsu-1","9":"product_cat-karate-5","10":"product_cat-taekwondo-3","11":"product_cat-fokuserji-in-oblazinjeni-scit","12":"product_cat-zebra-3","13":"product_cat-zebra-1","15":"first","16":"outofstock","17":"taxable","18":"shipping-taxable","19":"purchasable","20":"product-type-simple"},"_links":{"self":[{"href":"https:\/\/www.budoshop.si\/sl\/wp-json\/wp\/v2\/product\/93750","targetHints":{"allow":["GET"]}}],"collection":[{"href":"https:\/\/www.budoshop.si\/sl\/wp-json\/wp\/v2\/product"}],"about":[{"href":"https:\/\/www.budoshop.si\/sl\/wp-json\/wp\/v2\/types\/product"}],"replies":[{"embeddable":true,"href":"https:\/\/www.budoshop.si\/sl\/wp-json\/wp\/v2\/comments?post=93750"}],"wp:featuredmedia":[{"embeddable":true,"href":"https:\/\/www.budoshop.si\/sl\/wp-json\/wp\/v2\/media\/108675"}],"wp:attachment":[{"href":"https:\/\/www.budoshop.si\/sl\/wp-json\/wp\/v2\/media?parent=93750"}],"wp:term":[{"taxonomy":"product_brand","embeddable":true,"href":"https:\/\/www.budoshop.si\/sl\/wp-json\/wp\/v2\/product_brand?post=93750"},{"taxonomy":"product_cat","embeddable":true,"href":"https:\/\/www.budoshop.si\/sl\/wp-json\/wp\/v2\/product_cat?post=93750"},{"taxonomy":"product_tag","embeddable":true,"href":"https:\/\/www.budoshop.si\/sl\/wp-json\/wp\/v2\/product_tag?post=93750"}],"curies":[{"name":"wp","href":"https:\/\/api.w.org\/{rel}","templated":true}]}}