{"id":93701,"date":"2021-11-11T15:39:12","date_gmt":"2021-11-11T15:39:12","guid":{"rendered":"https:\/\/budoshop.si\/?product=kompresijske-sportne-kratke-hlace-z-zascito-za-mednozje"},"modified":"2026-01-07T09:13:32","modified_gmt":"2026-01-07T08:13:32","slug":"kompresijske-sportne-kratke-hlace-z-zascito-za-mednozje","status":"publish","type":"product","link":"https:\/\/www.budoshop.si\/sl\/izdelek\/kompresijske-sportne-kratke-hlace-z-zascito-za-mednozje\/","title":{"rendered":"Kompresijske \u0161portne kratke hla\u010de z za\u0161\u010dito za medno\u017eje &#8211; V AKCIJI!!!"},"content":{"rendered":"<p><span style=\"font-size: 15px; color: #993300;\">Kompresijske \u0161portne hla\u010de z za\u0161\u010dito genitalij znamke Tokaido so izdelane iz kombinacije poliester in elastan materiala, ki je ko\u017ei prijazen in odporen na trganje. Elasti\u010den material teh kompresijskih hla\u010d se odli\u010dno prilagaja obliki stegna in ne omejuje svobode gibanja. Kvalitetna pental za\u0161\u010ditna \u0161koljka iz trde plastike \u0161\u010diti ob\u010dutljivo genitalno podro\u010dje pred po\u0161kodbami ine se lahko te hla\u010de nosi pod Kimonom ali drugimi borilnimi hla\u010dami. Za\u0161\u010ditna \u0161koljka je name\u0161\u010dena v \u017eep na notranji strani, ki se ga zapre je\u017ekom. Pri pranju hla\u010dk se \u0161koljko enostavno odvzame.<br \/>\n\u010crne barve.<br \/>\n<\/span><\/p>\n<p><span style=\"font-size: 15px; color: #993300;\"><strong>Kvaliteta, ki jo lahko zagotavlja samo japonska TOKAIDO znamka!<\/strong><\/span><\/p>\n<p><span style=\"font-size: 15px; color: #993300;\">Velikosti: S &#8211; M &#8211; L &#8211; XL<\/span><\/p>\n","protected":false},"excerpt":{"rendered":"<p><span style=\"color: #003300;\"><strong>Kompresijske Tokaido kratke hla\u010de s suspenzorjem.<\/strong><\/span><\/p>\n","protected":false},"featured_media":93705,"comment_status":"open","ping_status":"closed","template":"","meta":[],"product_brand":[5598],"product_cat":[1027,1043,1133,765,1047,949],"product_tag":[],"class_list":{"0":"post-93701","1":"product","2":"type-product","3":"status-publish","4":"has-post-thumbnail","6":"product_brand-tokaido","7":"product_cat-v-akciji-2","8":"product_cat-boks-kickbox-tajski-boks-mma","9":"product_cat-rashguard-1","10":"product_cat-suspenzorji","11":"product_cat-tokaido-1","12":"product_cat-shureido-3","13":"pa_velikost-l-sl-2","14":"pa_velikost-m-sl-2","15":"pa_velikost-s-sl-2","16":"pa_velikost-xl-sl","18":"first","19":"instock","20":"sale","21":"taxable","22":"shipping-taxable","23":"purchasable","24":"product-type-variable"},"_links":{"self":[{"href":"https:\/\/www.budoshop.si\/sl\/wp-json\/wp\/v2\/product\/93701","targetHints":{"allow":["GET"]}}],"collection":[{"href":"https:\/\/www.budoshop.si\/sl\/wp-json\/wp\/v2\/product"}],"about":[{"href":"https:\/\/www.budoshop.si\/sl\/wp-json\/wp\/v2\/types\/product"}],"replies":[{"embeddable":true,"href":"https:\/\/www.budoshop.si\/sl\/wp-json\/wp\/v2\/comments?post=93701"}],"wp:featuredmedia":[{"embeddable":true,"href":"https:\/\/www.budoshop.si\/sl\/wp-json\/wp\/v2\/media\/93705"}],"wp:attachment":[{"href":"https:\/\/www.budoshop.si\/sl\/wp-json\/wp\/v2\/media?parent=93701"}],"wp:term":[{"taxonomy":"product_brand","embeddable":true,"href":"https:\/\/www.budoshop.si\/sl\/wp-json\/wp\/v2\/product_brand?post=93701"},{"taxonomy":"product_cat","embeddable":true,"href":"https:\/\/www.budoshop.si\/sl\/wp-json\/wp\/v2\/product_cat?post=93701"},{"taxonomy":"product_tag","embeddable":true,"href":"https:\/\/www.budoshop.si\/sl\/wp-json\/wp\/v2\/product_tag?post=93701"}],"curies":[{"name":"wp","href":"https:\/\/api.w.org\/{rel}","templated":true}]}}