{"id":93655,"date":"2021-11-11T11:24:48","date_gmt":"2021-11-11T11:24:48","guid":{"rendered":"https:\/\/budoshop.si\/?product=rashguard-majica-tokaido-elite"},"modified":"2026-03-30T09:11:01","modified_gmt":"2026-03-30T07:11:01","slug":"rashguard-majica-tokaido-elite","status":"publish","type":"product","link":"https:\/\/www.budoshop.si\/sl\/izdelek\/rashguard-majica-tokaido-elite\/","title":{"rendered":"Karate Rashguard majica &#8221;Tokaido ELITE&#8221; &#8211; V AKCIJI!!!"},"content":{"rendered":"<p style=\"text-align: justify;\"><span style=\"font-size: 15px; color: #993300;\">Ozka, elasti\u010dna kompresijska majica z dolgimi rokavi. Aktivno-zra\u010den elasti\u010den material, ki se hitro su\u0161i, se ovije okrog muskulature and deluje kot telesna podpora. S tem se med treningi zmanj\u0161ujejo mi\u0161i\u010dne vibracije, ne da bi se kakorkoli omejevalo svobodo gibanja. Kot dodatek pa se s tem prijetnim pritiskom na telo mi\u0161ice hitreje ogreje, ohranja temperaturo in izbolj\u0161a krvna cirkulacija. Dolgi rokavi pa nudijo za\u0161\u010dito pred odrgninami pri borbi na tleh. <span style=\"color: #993300;\">Vsi logotipi in napisi so implementirani kot sublimiran tisk najvi\u0161je kvalitete in se s pranjem ne izbri\u0161ejo. Rashguard odlikuje izredno kvalitetna izdelava in so primerne tako za MMA kot vse druge vrste treningov.<br \/>\nTemno zeleno \u010drna barvna kombinacija.<br \/>\n<\/span><\/span><\/p>\n<p style=\"text-align: justify;\"><span style=\"font-size: 15px;\"><strong><span style=\"color: #993300;\">Kvaliteta, ki jo lahko zagotavlja samo japonska TOKAIDO znamka!<\/span><\/strong><\/span><\/p>\n<p><span style=\"color: #993300; font-size: 15px;\">Velikosti: S &#8211; M &#8211; L &#8211; XL<\/span><\/p>\n","protected":false},"excerpt":{"rendered":"<p><span style=\"color: #003366;\"><strong>Karate Rashguard \u0161portna majica z dolgimi rokavi japonske znamke Tokaido.<\/strong><\/span><\/p>\n","protected":false},"featured_media":93658,"comment_status":"open","ping_status":"closed","template":"","meta":[],"product_brand":[5598],"product_cat":[1027,1043,1029,921,685,1005,1133,949,1047],"product_tag":[],"class_list":{"0":"post-93655","1":"product","2":"type-product","3":"status-publish","4":"has-post-thumbnail","6":"product_brand-tokaido","7":"product_cat-v-akciji-2","8":"product_cat-boks-kickbox-tajski-boks-mma","9":"product_cat-karate-5","10":"product_cat-mma-1","11":"product_cat-ostalo","12":"product_cat-majice","13":"product_cat-rashguard-1","14":"product_cat-shureido-3","15":"product_cat-tokaido-1","16":"pa_velikost-s-sl-2","17":"pa_velikost-m-sl-2","18":"pa_velikost-l-sl-2","19":"pa_velikost-xl-sl","21":"first","22":"instock","23":"sale","24":"taxable","25":"shipping-taxable","26":"purchasable","27":"product-type-variable"},"_links":{"self":[{"href":"https:\/\/www.budoshop.si\/sl\/wp-json\/wp\/v2\/product\/93655","targetHints":{"allow":["GET"]}}],"collection":[{"href":"https:\/\/www.budoshop.si\/sl\/wp-json\/wp\/v2\/product"}],"about":[{"href":"https:\/\/www.budoshop.si\/sl\/wp-json\/wp\/v2\/types\/product"}],"replies":[{"embeddable":true,"href":"https:\/\/www.budoshop.si\/sl\/wp-json\/wp\/v2\/comments?post=93655"}],"wp:featuredmedia":[{"embeddable":true,"href":"https:\/\/www.budoshop.si\/sl\/wp-json\/wp\/v2\/media\/93658"}],"wp:attachment":[{"href":"https:\/\/www.budoshop.si\/sl\/wp-json\/wp\/v2\/media?parent=93655"}],"wp:term":[{"taxonomy":"product_brand","embeddable":true,"href":"https:\/\/www.budoshop.si\/sl\/wp-json\/wp\/v2\/product_brand?post=93655"},{"taxonomy":"product_cat","embeddable":true,"href":"https:\/\/www.budoshop.si\/sl\/wp-json\/wp\/v2\/product_cat?post=93655"},{"taxonomy":"product_tag","embeddable":true,"href":"https:\/\/www.budoshop.si\/sl\/wp-json\/wp\/v2\/product_tag?post=93655"}],"curies":[{"name":"wp","href":"https:\/\/api.w.org\/{rel}","templated":true}]}}