{"id":93584,"date":"2021-11-11T10:41:40","date_gmt":"2021-11-11T09:41:40","guid":{"rendered":"https:\/\/budoshop.si\/?product=vrtljivi-vmesnik-za-boksarsko-vreco-novo"},"modified":"2023-12-01T09:07:44","modified_gmt":"2023-12-01T08:07:44","slug":"vrtljivi-vmesnik-za-boksarsko-vreco-novo","status":"publish","type":"product","link":"https:\/\/www.budoshop.si\/sl\/izdelek\/vrtljivi-vmesnik-za-boksarsko-vreco-novo\/","title":{"rendered":"Vrtljivi vmesnik za boksarsko vre\u010do"},"content":{"rendered":"<p><span style=\"color: #c00000; font-size: small;\"><span style=\"font-size: 15px;\">Vrtljivi obe\u0161alnik za vise\u010de boksarskevre\u010de je narejen iz \u010dvrstega jekla. Njegova dol\u017eina je cca. 8 cm, sestavljen pa je iz dveh rink, ki sta povezani z le\u017eajem. Na eno zataknemo verigo vre\u010de, drugo pa nataknemo na kavelj na steni. Ta obe\u0161alnik tako postane vmesni \u010dlen med dejanskim obe\u0161alnikom in vre\u010do. S tem onemogo\u010da, da bi se verige vre\u010de zapletale in dovoljuje, da se vre\u010da prosto vrti v vse smeri, kar podalj\u0161a njeno \u017eivljensko dobo. \u0160e posebej se ta artikel priporo\u010da za te\u017eje in mo\u010dnej\u0161e vre\u010de.<\/span> <\/span><\/p>\n","protected":false},"excerpt":{"rendered":"<p><span style=\"color: #003366;\"><strong>Vrtljivi vmesnik za boksarske vre\u010de.<\/strong><\/span><\/p>\n","protected":false},"featured_media":93589,"comment_status":"open","ping_status":"closed","template":"","meta":[],"product_brand":[],"product_cat":[1043,869,1083,1075],"product_tag":[],"class_list":{"0":"post-93584","1":"product","2":"type-product","3":"status-publish","4":"has-post-thumbnail","6":"product_cat-boks-kickbox-tajski-boks-mma","7":"product_cat-dodatki-1","8":"product_cat-pride-3","9":"product_cat-pride-1","11":"first","12":"instock","13":"taxable","14":"shipping-taxable","15":"purchasable","16":"product-type-simple"},"_links":{"self":[{"href":"https:\/\/www.budoshop.si\/sl\/wp-json\/wp\/v2\/product\/93584","targetHints":{"allow":["GET"]}}],"collection":[{"href":"https:\/\/www.budoshop.si\/sl\/wp-json\/wp\/v2\/product"}],"about":[{"href":"https:\/\/www.budoshop.si\/sl\/wp-json\/wp\/v2\/types\/product"}],"replies":[{"embeddable":true,"href":"https:\/\/www.budoshop.si\/sl\/wp-json\/wp\/v2\/comments?post=93584"}],"wp:featuredmedia":[{"embeddable":true,"href":"https:\/\/www.budoshop.si\/sl\/wp-json\/wp\/v2\/media\/93589"}],"wp:attachment":[{"href":"https:\/\/www.budoshop.si\/sl\/wp-json\/wp\/v2\/media?parent=93584"}],"wp:term":[{"taxonomy":"product_brand","embeddable":true,"href":"https:\/\/www.budoshop.si\/sl\/wp-json\/wp\/v2\/product_brand?post=93584"},{"taxonomy":"product_cat","embeddable":true,"href":"https:\/\/www.budoshop.si\/sl\/wp-json\/wp\/v2\/product_cat?post=93584"},{"taxonomy":"product_tag","embeddable":true,"href":"https:\/\/www.budoshop.si\/sl\/wp-json\/wp\/v2\/product_tag?post=93584"}],"curies":[{"name":"wp","href":"https:\/\/api.w.org\/{rel}","templated":true}]}}