{"id":93539,"date":"2021-11-10T11:12:56","date_gmt":"2021-11-10T10:12:56","guid":{"rendered":"https:\/\/budoshop.si\/?product=borilni-scitnik-za-bedro-v-akciji"},"modified":"2024-05-09T08:54:40","modified_gmt":"2024-05-09T06:54:40","slug":"borilni-scitnik-za-bedro-v-akciji-2","status":"publish","type":"product","link":"https:\/\/www.budoshop.si\/sl\/izdelek\/borilni-scitnik-za-bedro-v-akciji-2\/","title":{"rendered":"Borilni \u0161\u010ditnik za bedro"},"content":{"rendered":"<p><span style=\"color: #993300; font-size: 15px;\">Ta anatomsko oblikovan \u0161\u010ditnik za bedro in boke je bil razvit posebej za trening mo\u010dnih no\u017enih udarcev. Izdelan je iz 100 % bomba\u017ea, posebno ve\u010dplastno oblazinjenja iz kvalitetne pene zagotavlja dobro bla\u017eenje udarcev, hkrati pa ohranja \u0161\u010ditnik lahek.<\/span><br \/>\n<span style=\"color: #993300; font-size: 15px;\"> \u0160\u010ditnik za bedro se na zgornjem delu zapne za pas, okrog noge pa se ga prtirdi zvojnim \u0161irokom trakom z zapenjanjem na je\u017eka, kar zagotavlja trdno prileganje med treningom, hkrati pa tudi enostavno in hitro natikanje in snemanje.<br \/>\n\u0160\u010ditnik je primeren za vse vrste kontaktnih borilnih \u0161portov in ve\u0161\u010din kot so Karate, Kickbox, MMA, Muay Thai, Krav Maga itd.<br \/>\n\u010crne barve.<\/span><\/p>\n<p><span style=\"color: #993300; font-size: 15px;\">Univerzalna velikost.<\/span><\/p>\n<p><span style=\"color: #993300; font-size: 15px;\">Mere:<br \/>\nvi\u0161ina: 54 cm<br \/>\n\u0161irina: 60 cm<br \/>\ndebelina: 5,5 cm<\/span><\/p>\n<p><span style=\"color: #993300; font-size: small;\">Prodaja se posamezno.<\/span><\/p>\n","protected":false},"excerpt":{"rendered":"<p><strong><span style=\"color: #003366;\">Kvaliteten borilni \u0161\u010ditnik za bedro.<\/span><\/strong><\/p>\n","protected":false},"featured_media":93541,"comment_status":"open","ping_status":"closed","template":"","meta":[],"product_brand":[],"product_cat":[927,1043,1029,1061,983,897,1039],"product_tag":[],"class_list":{"0":"post-93539","1":"product","2":"type-product","3":"status-publish","4":"has-post-thumbnail","6":"product_cat-v-akciji","7":"product_cat-boks-kickbox-tajski-boks-mma","8":"product_cat-karate-5","9":"product_cat-kwon-5","10":"product_cat-kwon-3","11":"product_cat-scitnik-za-kolena","12":"product_cat-taekwondo-3","14":"first","15":"onbackorder","16":"taxable","17":"shipping-taxable","18":"purchasable","19":"product-type-simple"},"_links":{"self":[{"href":"https:\/\/www.budoshop.si\/sl\/wp-json\/wp\/v2\/product\/93539","targetHints":{"allow":["GET"]}}],"collection":[{"href":"https:\/\/www.budoshop.si\/sl\/wp-json\/wp\/v2\/product"}],"about":[{"href":"https:\/\/www.budoshop.si\/sl\/wp-json\/wp\/v2\/types\/product"}],"replies":[{"embeddable":true,"href":"https:\/\/www.budoshop.si\/sl\/wp-json\/wp\/v2\/comments?post=93539"}],"wp:featuredmedia":[{"embeddable":true,"href":"https:\/\/www.budoshop.si\/sl\/wp-json\/wp\/v2\/media\/93541"}],"wp:attachment":[{"href":"https:\/\/www.budoshop.si\/sl\/wp-json\/wp\/v2\/media?parent=93539"}],"wp:term":[{"taxonomy":"product_brand","embeddable":true,"href":"https:\/\/www.budoshop.si\/sl\/wp-json\/wp\/v2\/product_brand?post=93539"},{"taxonomy":"product_cat","embeddable":true,"href":"https:\/\/www.budoshop.si\/sl\/wp-json\/wp\/v2\/product_cat?post=93539"},{"taxonomy":"product_tag","embeddable":true,"href":"https:\/\/www.budoshop.si\/sl\/wp-json\/wp\/v2\/product_tag?post=93539"}],"curies":[{"name":"wp","href":"https:\/\/api.w.org\/{rel}","templated":true}]}}