{"id":93356,"date":"2021-11-09T11:39:39","date_gmt":"2021-11-09T10:39:39","guid":{"rendered":"https:\/\/budoshop.si\/?product=otroske-muay-thai-hlacke-kids-novo"},"modified":"2024-08-21T08:38:31","modified_gmt":"2024-08-21T06:38:31","slug":"otroske-muay-thai-hlacke-kids-novo","status":"publish","type":"product","link":"https:\/\/www.budoshop.si\/sl\/izdelek\/otroske-muay-thai-hlacke-kids-novo\/","title":{"rendered":"Otro\u0161ke Muay Thai hla\u010dke &#8221;KIDS&#8221;"},"content":{"rendered":"<p><span style=\"font-size: 15px;\"><span style=\"color: #993300;\">Te Muay Thai hla\u010dke so narejene posebej za na\u0161e najmlaj\u0161e borce tajskega boksa. Izdelane so svetle\u010dega satena (100% poliester) v atraktivnih barvah potiskom na prednji strani. Mre\u017easti stranski vlo\u017eki omogo\u010dajo svobodo gibanja nog, v pasu pa se za udobno no\u0161njo nahaja 4cm \u0161iroka elastika, nastavljiva z vrvico. \u00a0Hitro su\u0161e\u010da tkanina hitro odvaja vlago iz telesa in tako zagotavlja udobnost. Mehkoba materiala in \u0161irok kroj pa nudita maksimalno udobnost gibanja.<br \/>\nTe hla\u010dke so primerne za trening Tajskega boksa, Kickbox-a, boksa, pa tudi za otrokove druge \u0161portne aktivnosti in vsakdanjo rabo.<\/span><\/span><\/p>\n<p><span style=\"font-size: 15px; color: #993300;\">Barve: modra, rde\u010da, zlata<\/span><\/p>\n<p><span style=\"font-size: 15px; color: #993300;\">Velikosti: 116, 128, 140, 152<\/span><\/p>\n","protected":false},"excerpt":{"rendered":"<p><span style=\"color: #003366;\"><strong>Otro\u0161ke Muay Thai trening hla\u010dke.<\/strong><\/span><\/p>\n","protected":false},"featured_media":93361,"comment_status":"open","ping_status":"closed","template":"","meta":[],"product_brand":[],"product_cat":[905,983,1061],"product_tag":[],"class_list":{"0":"post-93356","1":"product","2":"type-product","3":"status-publish","4":"has-post-thumbnail","6":"product_cat-hlacke","7":"product_cat-kwon-3","8":"product_cat-kwon-5","9":"pa_barva-modre-barve-sl","10":"pa_barva-rdeca-barva-sl-2","11":"pa_barva-zlate-barve-sl","12":"pa_velikost-116-2","13":"pa_velikost-128-2","14":"pa_velikost-140-2","15":"pa_velikost-152-2","17":"first","18":"instock","19":"taxable","20":"shipping-taxable","21":"purchasable","22":"product-type-variable"},"_links":{"self":[{"href":"https:\/\/www.budoshop.si\/sl\/wp-json\/wp\/v2\/product\/93356","targetHints":{"allow":["GET"]}}],"collection":[{"href":"https:\/\/www.budoshop.si\/sl\/wp-json\/wp\/v2\/product"}],"about":[{"href":"https:\/\/www.budoshop.si\/sl\/wp-json\/wp\/v2\/types\/product"}],"replies":[{"embeddable":true,"href":"https:\/\/www.budoshop.si\/sl\/wp-json\/wp\/v2\/comments?post=93356"}],"wp:featuredmedia":[{"embeddable":true,"href":"https:\/\/www.budoshop.si\/sl\/wp-json\/wp\/v2\/media\/93361"}],"wp:attachment":[{"href":"https:\/\/www.budoshop.si\/sl\/wp-json\/wp\/v2\/media?parent=93356"}],"wp:term":[{"taxonomy":"product_brand","embeddable":true,"href":"https:\/\/www.budoshop.si\/sl\/wp-json\/wp\/v2\/product_brand?post=93356"},{"taxonomy":"product_cat","embeddable":true,"href":"https:\/\/www.budoshop.si\/sl\/wp-json\/wp\/v2\/product_cat?post=93356"},{"taxonomy":"product_tag","embeddable":true,"href":"https:\/\/www.budoshop.si\/sl\/wp-json\/wp\/v2\/product_tag?post=93356"}],"curies":[{"name":"wp","href":"https:\/\/api.w.org\/{rel}","templated":true}]}}