{"id":93315,"date":"2021-11-09T11:04:44","date_gmt":"2021-11-09T11:04:44","guid":{"rendered":"https:\/\/budoshop.si\/?product=scitnik-za-golen-in-nart-zebra-performance"},"modified":"2026-01-09T18:09:25","modified_gmt":"2026-01-09T17:09:25","slug":"scitnik-za-golen-in-nart-zebra-performance","status":"publish","type":"product","link":"https:\/\/www.budoshop.si\/sl\/izdelek\/scitnik-za-golen-in-nart-zebra-performance\/","title":{"rendered":"\u0160\u010ditnik za golen in nart &#8221;Zebra PERFORMANCE&#8221;"},"content":{"rendered":"<p><span style=\"font-size: 15px; color: #993300;\">Ta izjemno lahek in kvaliteten Zebra \u0161\u010ditnik za golen in nart je bil razvit posebno za MMA in podobne borbe. \u0160\u010ditniki je izdelan iz elasti\u010dnega neoprena, ki omogo\u010da popolno prileganje nogi tako, da se vanj vtakne nogo kot v tesne nogavice. Odprta peta in prednji del stopala pa, zaradi neposrednega stika s tlemi, nudita zelo dobro stabilnost. Anatomska predhodno pravilna ukrivljenost za predelu golenice in narta \u0161\u010diti noge tako tistega, ki \u0161\u010ditnike uporablja, kot njegovega nasprotnika. Kvalitetne plasti &#8220;EVA&#8221; pene na goleni in nartu nudijo zadostno bla\u017eenje. <\/span><br \/>\n<span style=\"font-size: 15px; color: #993300;\"> \u0160\u010ditnik je vedno moderne \u010drne barve in poleg MMA-a primeren tudi za druge borilne ve\u0161\u010dine in \u0161porte.<\/span><\/p>\n<p><span style=\"font-size: 15px; color: #993300;\">Velikost: S &#8211; M &#8211; L &#8211; XL.<\/span><\/p>\n<p><span style=\"font-size: 15px; color: #993300;\"> Prodaja se v paru.<\/span><\/p>\n","protected":false},"excerpt":{"rendered":"<p><strong><span style=\"color: #003366;\">Izredno lahek MMA \u0161\u010ditnik za golen in nart znamke Zebra.<\/span><\/strong><\/p>\n","protected":false},"featured_media":93320,"comment_status":"open","ping_status":"closed","template":"","meta":[],"product_brand":[5599],"product_cat":[1043,1033,1029,899,1041,1103,1105],"product_tag":[],"class_list":{"0":"post-93315","1":"product","2":"type-product","3":"status-publish","4":"has-post-thumbnail","6":"product_brand-zebra","7":"product_cat-boks-kickbox-tajski-boks-mma","8":"product_cat-ju-jitsujiu-jitsu-1","9":"product_cat-karate-5","10":"product_cat-scitniki-za-piscali","11":"product_cat-tai-chi-kunf-fu-wu-shu-1","12":"product_cat-zebra-1","13":"product_cat-zebra-3","14":"pa_velikost-l-sl-2","15":"pa_velikost-m-sl-2","16":"pa_velikost-s-sl-2","17":"pa_velikost-xl-sl","19":"first","20":"instock","21":"taxable","22":"shipping-taxable","23":"purchasable","24":"product-type-variable"},"_links":{"self":[{"href":"https:\/\/www.budoshop.si\/sl\/wp-json\/wp\/v2\/product\/93315","targetHints":{"allow":["GET"]}}],"collection":[{"href":"https:\/\/www.budoshop.si\/sl\/wp-json\/wp\/v2\/product"}],"about":[{"href":"https:\/\/www.budoshop.si\/sl\/wp-json\/wp\/v2\/types\/product"}],"replies":[{"embeddable":true,"href":"https:\/\/www.budoshop.si\/sl\/wp-json\/wp\/v2\/comments?post=93315"}],"wp:featuredmedia":[{"embeddable":true,"href":"https:\/\/www.budoshop.si\/sl\/wp-json\/wp\/v2\/media\/93320"}],"wp:attachment":[{"href":"https:\/\/www.budoshop.si\/sl\/wp-json\/wp\/v2\/media?parent=93315"}],"wp:term":[{"taxonomy":"product_brand","embeddable":true,"href":"https:\/\/www.budoshop.si\/sl\/wp-json\/wp\/v2\/product_brand?post=93315"},{"taxonomy":"product_cat","embeddable":true,"href":"https:\/\/www.budoshop.si\/sl\/wp-json\/wp\/v2\/product_cat?post=93315"},{"taxonomy":"product_tag","embeddable":true,"href":"https:\/\/www.budoshop.si\/sl\/wp-json\/wp\/v2\/product_tag?post=93315"}],"curies":[{"name":"wp","href":"https:\/\/api.w.org\/{rel}","templated":true}]}}