{"id":93285,"date":"2021-11-09T09:56:31","date_gmt":"2021-11-09T09:56:31","guid":{"rendered":"https:\/\/budoshop.si\/?product=boksarske-rokavice-zebra-fit-white-novo"},"modified":"2026-01-12T08:40:18","modified_gmt":"2026-01-12T07:40:18","slug":"boksarske-rokavice-zebra-fit-white-novo","status":"publish","type":"product","link":"https:\/\/www.budoshop.si\/sl\/izdelek\/boksarske-rokavice-zebra-fit-white-novo\/","title":{"rendered":"Boksarske rokavice &#8221;Zebra FIT white&#8221;"},"content":{"rendered":"<div id=\"description\" class=\"data item content\" data-role=\"content\">\n<div class=\"product attribute description\">\n<div class=\"value\">\n<p><span style=\"font-size: 15px; color: #993300;\">Te boksarske rokavice znamke ZEBRA so izdelane iz najbolj\u0161ega &#8216;FLX PU&#8217; materiala. Pred-ukrivljena dvoslojna penasta oblo\u017eitev in &#8216;Easy Fist System&#8217; omogo\u010data dobro za\u0161\u010dito dlani a hkrati omogo\u010data minimalni napor za trden udarec. Drsnik na dlani in pri\u0161it palec nudita dodatno udobje in varnost. Notranjost rokavice je izdelana iz zra\u010dnega mre\u017eastega poliestra, ki zagotavlja dobro prezra\u010devanje in ohranja rokavico \u010dim bolj suho. Rokavice se pritrdijo s \u0161irokim &#8216;All Around&#8217; trakom okrog zapestja z zapenjanjem na je\u017eka, kar ponuja dobro stabilnost zapestja. Belo \u010drna zebra barvna kombinacija dela te rokavice tudi atraktivne.<br \/>\n<\/span><\/p>\n<p><span style=\"font-size: 15px; color: #993300;\">Te boksarske rokavice so idealne za doma\u010di trening boksa, kickboxinga in treninga ter rekreativne treninge na boksarski vre\u010di in fokusarjih saj nudijo odli\u010dno razmerje med ceno in kvaliteto.<\/span><\/p>\n<p><span style=\"font-size: 15px; color: #993300;\"> Velikost: 10 OZ in 12 OZ<\/span><\/p>\n<\/div>\n<\/div>\n<\/div>\n","protected":false},"excerpt":{"rendered":"<p><span style=\"color: #003366;\"><strong>10 ali 12 OZ boksarske rokavice za rekreativni trening.<\/strong><\/span><\/p>\n","protected":false},"featured_media":93291,"comment_status":"open","ping_status":"closed","template":"","meta":[],"product_brand":[5599],"product_cat":[1043,821,969,1103,1105,1109],"product_tag":[],"class_list":{"0":"post-93285","1":"product","2":"type-product","3":"status-publish","4":"has-post-thumbnail","6":"product_brand-zebra","7":"product_cat-boks-kickbox-tajski-boks-mma","8":"product_cat-kick-thai-boxing-rokavice","9":"product_cat-rokavice-za-vreco","10":"product_cat-zebra-1","11":"product_cat-zebra-3","12":"product_cat-zenske-boksarske-rokavice","13":"pa_velikost-10-oz-sl-2","14":"pa_velikost-12-oz-sl","16":"first","17":"instock","18":"taxable","19":"shipping-taxable","20":"purchasable","21":"product-type-variable"},"_links":{"self":[{"href":"https:\/\/www.budoshop.si\/sl\/wp-json\/wp\/v2\/product\/93285","targetHints":{"allow":["GET"]}}],"collection":[{"href":"https:\/\/www.budoshop.si\/sl\/wp-json\/wp\/v2\/product"}],"about":[{"href":"https:\/\/www.budoshop.si\/sl\/wp-json\/wp\/v2\/types\/product"}],"replies":[{"embeddable":true,"href":"https:\/\/www.budoshop.si\/sl\/wp-json\/wp\/v2\/comments?post=93285"}],"wp:featuredmedia":[{"embeddable":true,"href":"https:\/\/www.budoshop.si\/sl\/wp-json\/wp\/v2\/media\/93291"}],"wp:attachment":[{"href":"https:\/\/www.budoshop.si\/sl\/wp-json\/wp\/v2\/media?parent=93285"}],"wp:term":[{"taxonomy":"product_brand","embeddable":true,"href":"https:\/\/www.budoshop.si\/sl\/wp-json\/wp\/v2\/product_brand?post=93285"},{"taxonomy":"product_cat","embeddable":true,"href":"https:\/\/www.budoshop.si\/sl\/wp-json\/wp\/v2\/product_cat?post=93285"},{"taxonomy":"product_tag","embeddable":true,"href":"https:\/\/www.budoshop.si\/sl\/wp-json\/wp\/v2\/product_tag?post=93285"}],"curies":[{"name":"wp","href":"https:\/\/api.w.org\/{rel}","templated":true}]}}