{"id":92981,"date":"2021-10-20T11:29:19","date_gmt":"2021-10-20T11:29:19","guid":{"rendered":"https:\/\/budoshop.si\/?product=kolebnica-adidas-soft"},"modified":"2023-10-12T12:37:30","modified_gmt":"2023-10-12T10:37:30","slug":"kolebnica-adidas-soft","status":"publish","type":"product","link":"https:\/\/www.budoshop.si\/sl\/izdelek\/kolebnica-adidas-soft\/","title":{"rendered":"Kolebnica &#8221;Adidas SOFT&#8221;"},"content":{"rendered":"<p><span style=\"color: #993300; font-size: 15px;\">Uporaba kolebnice je odli\u010den vadbeni pripomo\u010dek, saj z njeno pomo\u010djo ne pridobivamo samo na telesni pripravljenosti, temve\u010d z njo krepimo tudi srce in o\u017eilje ter pridobivamo na pro\u017enosti, hitrosti in koordinaciji. Nekateri mislijo, da je skakanje s kolebnico dolgo\u010dasno, v resnici pa kolebnica dela na\u0161 trening raznolik, pester in intenziven.<br \/>\nTa kolebnica je izdelana gumirane PVC vrvi in ro\u010dajev iz nedrse\u010de plastike.<br \/>\n\u010crne barve<\/span><\/p>\n<p><span style=\"font-size: 15px; color: #993300;\">Dol\u017eina: cca. 275 cm.<\/span><\/p>\n","protected":false},"excerpt":{"rendered":"<p><span style=\"color: #003366;\"><strong>245 cm dolga PVC kolebnica znamke Adidas.<\/strong><\/span><\/p>\n","protected":false},"featured_media":92985,"comment_status":"open","ping_status":"closed","template":"","meta":[],"product_brand":[5594],"product_cat":[951,1049,1043,1033,1031,1029,1119,1039],"product_tag":[],"class_list":{"0":"post-92981","1":"product","2":"type-product","3":"status-publish","4":"has-post-thumbnail","6":"product_brand-adidas","7":"product_cat-adidas-3","8":"product_cat-adidas-7","9":"product_cat-boks-kickbox-tajski-boks-mma","10":"product_cat-ju-jitsujiu-jitsu-1","11":"product_cat-judo-1","12":"product_cat-karate-5","13":"product_cat-kolebnice","14":"product_cat-taekwondo-3","16":"first","17":"instock","18":"taxable","19":"shipping-taxable","20":"purchasable","21":"product-type-simple"},"_links":{"self":[{"href":"https:\/\/www.budoshop.si\/sl\/wp-json\/wp\/v2\/product\/92981","targetHints":{"allow":["GET"]}}],"collection":[{"href":"https:\/\/www.budoshop.si\/sl\/wp-json\/wp\/v2\/product"}],"about":[{"href":"https:\/\/www.budoshop.si\/sl\/wp-json\/wp\/v2\/types\/product"}],"replies":[{"embeddable":true,"href":"https:\/\/www.budoshop.si\/sl\/wp-json\/wp\/v2\/comments?post=92981"}],"wp:featuredmedia":[{"embeddable":true,"href":"https:\/\/www.budoshop.si\/sl\/wp-json\/wp\/v2\/media\/92985"}],"wp:attachment":[{"href":"https:\/\/www.budoshop.si\/sl\/wp-json\/wp\/v2\/media?parent=92981"}],"wp:term":[{"taxonomy":"product_brand","embeddable":true,"href":"https:\/\/www.budoshop.si\/sl\/wp-json\/wp\/v2\/product_brand?post=92981"},{"taxonomy":"product_cat","embeddable":true,"href":"https:\/\/www.budoshop.si\/sl\/wp-json\/wp\/v2\/product_cat?post=92981"},{"taxonomy":"product_tag","embeddable":true,"href":"https:\/\/www.budoshop.si\/sl\/wp-json\/wp\/v2\/product_tag?post=92981"}],"curies":[{"name":"wp","href":"https:\/\/api.w.org\/{rel}","templated":true}]}}