{"id":92960,"date":"2021-10-20T11:11:05","date_gmt":"2021-10-20T11:11:05","guid":{"rendered":"https:\/\/budoshop.si\/?product=profesionalna-hitra-zoga-za-boks-adidas"},"modified":"2026-01-21T08:10:52","modified_gmt":"2026-01-21T07:10:52","slug":"profesionalna-hitra-zoga-za-boks-adidas","status":"publish","type":"product","link":"https:\/\/www.budoshop.si\/sl\/izdelek\/profesionalna-hitra-zoga-za-boks-adidas\/","title":{"rendered":"Profesionalna hitra \u017eoga za boks &#8221;ADIDAS&#8221;"},"content":{"rendered":"<p><span style=\"font-size: 15px; color: #993300;\">Profesionalna boksarska hitra \u017eoga Adidas, namenjena refleksnemu treningu. Ta Adidas boksarska \u017eoga je izdelana japonskega PU3G Maya umetnega usnja debeline 1,2 mm, ki ima podobne lastnosti kot pravo usnje. Material odlikuje zna\u010dilna visoka trdnost re\u0161etkaste strukture, podobne karbonu in razteznost ko\u017ee. Znotraj \u017eoge se nahaja lateksni mehur z ventilom. Stranska vezalka omogo\u010da enostavno in hitro menjavo mehurja. Dva traka iz poliestra zgoraj in spodaj, z nastavljivo vi\u0161ino.<\/span><\/p>\n<p><span style=\"font-size: 15px; color: #993300;\"> \u010crne barve z belim Adidas logotipom<\/span><\/p>\n<p><span style=\"font-size: 15px; color: #993300;\">Velikost: cca. 25 cm<\/span><\/p>\n","protected":false},"excerpt":{"rendered":"<p><span style=\"color: #003366;\"><strong>Profesionalna boksarska hitra \u017eoga znamke Adidas.<\/strong><\/span><\/p>\n","protected":false},"featured_media":92965,"comment_status":"open","ping_status":"closed","template":"","meta":[],"product_brand":[5594],"product_cat":[951,1049,1043,751],"product_tag":[],"class_list":{"0":"post-92960","1":"product","2":"type-product","3":"status-publish","4":"has-post-thumbnail","6":"product_brand-adidas","7":"product_cat-adidas-3","8":"product_cat-adidas-7","9":"product_cat-boks-kickbox-tajski-boks-mma","10":"product_cat-punching-ball-1","12":"first","13":"instock","14":"taxable","15":"shipping-taxable","16":"purchasable","17":"product-type-simple"},"_links":{"self":[{"href":"https:\/\/www.budoshop.si\/sl\/wp-json\/wp\/v2\/product\/92960","targetHints":{"allow":["GET"]}}],"collection":[{"href":"https:\/\/www.budoshop.si\/sl\/wp-json\/wp\/v2\/product"}],"about":[{"href":"https:\/\/www.budoshop.si\/sl\/wp-json\/wp\/v2\/types\/product"}],"replies":[{"embeddable":true,"href":"https:\/\/www.budoshop.si\/sl\/wp-json\/wp\/v2\/comments?post=92960"}],"wp:featuredmedia":[{"embeddable":true,"href":"https:\/\/www.budoshop.si\/sl\/wp-json\/wp\/v2\/media\/92965"}],"wp:attachment":[{"href":"https:\/\/www.budoshop.si\/sl\/wp-json\/wp\/v2\/media?parent=92960"}],"wp:term":[{"taxonomy":"product_brand","embeddable":true,"href":"https:\/\/www.budoshop.si\/sl\/wp-json\/wp\/v2\/product_brand?post=92960"},{"taxonomy":"product_cat","embeddable":true,"href":"https:\/\/www.budoshop.si\/sl\/wp-json\/wp\/v2\/product_cat?post=92960"},{"taxonomy":"product_tag","embeddable":true,"href":"https:\/\/www.budoshop.si\/sl\/wp-json\/wp\/v2\/product_tag?post=92960"}],"curies":[{"name":"wp","href":"https:\/\/api.w.org\/{rel}","templated":true}]}}