{"id":92939,"date":"2021-10-20T10:15:31","date_gmt":"2021-10-20T10:15:31","guid":{"rendered":"https:\/\/budoshop.si\/?product=dvojni-scitnik-za-zobe-adidas"},"modified":"2025-10-21T09:01:38","modified_gmt":"2025-10-21T07:01:38","slug":"dvojni-scitnik-za-zobe-adidas","status":"publish","type":"product","link":"https:\/\/www.budoshop.si\/sl\/izdelek\/dvojni-scitnik-za-zobe-adidas\/","title":{"rendered":"Dvojni \u0161\u010ditnik za zobe &#8221;ADIDAS&#8221;"},"content":{"rendered":"<p><span style=\"color: #993300; font-size: 15px;\">Dvojni samooblikovalni Adidas \u0161\u010ditnik za obe vrsti zob, je narejen iz posebnega <span class=\"VIiyi\" lang=\"sl\"><span class=\"JLqJ4b ChMk0b\" data-language-for-alternatives=\"sl\" data-language-to-translate-into=\"ja\" data-phrase-index=\"0\" data-number-of-phrases=\"1\">termoformabilnega materiala<\/span><\/span>. S segretjem \u0161\u010ditnika v vro\u010di vodi, se ta odli\u010dno prilagodi zobovju in jih tako maksimalno \u0161\u010diti, hkrati pa omogo\u010da normalno dihanje in gibljivost \u010deljusti. Primerno za borilne in druge \u0161porte.<\/span><\/p>\n<p><span style=\"font-size: 15px; color: #993300;\">Prilo\u017eena \u0161katlica z Adidas logotipom zagotavlja higiensko shranjevanje. <\/span><\/p>\n<p><span style=\"font-size: 15px; color: #993300;\">Velikost: SR.<\/span><\/p>\n","protected":false},"excerpt":{"rendered":"<p><span style=\"color: #003366;\"><strong>Neoblikovan dvojni \u0161\u010ditnik za zobe znamke Adidas.<\/strong><\/span><\/p>\n","protected":false},"featured_media":119523,"comment_status":"open","ping_status":"closed","template":"","meta":[],"product_brand":[5594],"product_cat":[1043,1033,1029,1039,903,951,1049],"product_tag":[],"class_list":{"0":"post-92939","1":"product","2":"type-product","3":"status-publish","4":"has-post-thumbnail","6":"product_brand-adidas","7":"product_cat-boks-kickbox-tajski-boks-mma","8":"product_cat-ju-jitsujiu-jitsu-1","9":"product_cat-karate-5","10":"product_cat-taekwondo-3","11":"product_cat-scitniki-za-zobe","12":"product_cat-adidas-3","13":"product_cat-adidas-7","15":"first","16":"instock","17":"taxable","18":"shipping-taxable","19":"purchasable","20":"product-type-simple"},"_links":{"self":[{"href":"https:\/\/www.budoshop.si\/sl\/wp-json\/wp\/v2\/product\/92939","targetHints":{"allow":["GET"]}}],"collection":[{"href":"https:\/\/www.budoshop.si\/sl\/wp-json\/wp\/v2\/product"}],"about":[{"href":"https:\/\/www.budoshop.si\/sl\/wp-json\/wp\/v2\/types\/product"}],"replies":[{"embeddable":true,"href":"https:\/\/www.budoshop.si\/sl\/wp-json\/wp\/v2\/comments?post=92939"}],"wp:featuredmedia":[{"embeddable":true,"href":"https:\/\/www.budoshop.si\/sl\/wp-json\/wp\/v2\/media\/119523"}],"wp:attachment":[{"href":"https:\/\/www.budoshop.si\/sl\/wp-json\/wp\/v2\/media?parent=92939"}],"wp:term":[{"taxonomy":"product_brand","embeddable":true,"href":"https:\/\/www.budoshop.si\/sl\/wp-json\/wp\/v2\/product_brand?post=92939"},{"taxonomy":"product_cat","embeddable":true,"href":"https:\/\/www.budoshop.si\/sl\/wp-json\/wp\/v2\/product_cat?post=92939"},{"taxonomy":"product_tag","embeddable":true,"href":"https:\/\/www.budoshop.si\/sl\/wp-json\/wp\/v2\/product_tag?post=92939"}],"curies":[{"name":"wp","href":"https:\/\/api.w.org\/{rel}","templated":true}]}}